{"id":5668,"date":"2021-12-07T14:12:22","date_gmt":"2021-12-07T13:12:22","guid":{"rendered":"https:\/\/goetz-fm.seitenwind-www.com\/kontakt\/"},"modified":"2025-03-26T08:48:53","modified_gmt":"2025-03-26T07:48:53","slug":"kontakt","status":"publish","type":"page","link":"https:\/\/goetz-fm.seitenwind-www.com\/pl\/kontakt\/","title":{"rendered":"Kontakt"},"content":{"rendered":"\t\t<div data-elementor-type=\"wp-page\" data-elementor-id=\"5668\" class=\"elementor elementor-5668 elementor-210\" data-elementor-post-type=\"page\">\n\t\t\t\t\t\t<section class=\"elementor-section elementor-top-section elementor-element elementor-element-c8ea2ed elementor-section-height-min-height elementor-section-items-bottom elementor-section-boxed elementor-section-height-default\" data-id=\"c8ea2ed\" data-element_type=\"section\" data-settings=\"{&quot;background_background&quot;:&quot;classic&quot;}\">\n\t\t\t\t\t\t<div class=\"elementor-container elementor-column-gap-default\">\n\t\t\t\t\t<div class=\"elementor-column elementor-col-100 elementor-top-column elementor-element elementor-element-41e56d0\" data-id=\"41e56d0\" data-element_type=\"column\">\n\t\t\t<div class=\"elementor-widget-wrap\">\n\t\t\t\t\t\t\t<\/div>\n\t\t<\/div>\n\t\t\t\t\t<\/div>\n\t\t<\/section>\n\t\t\t\t<section class=\"elementor-section elementor-top-section elementor-element elementor-element-d947291 elementor-section-boxed elementor-section-height-default elementor-section-height-default\" data-id=\"d947291\" data-element_type=\"section\">\n\t\t\t\t\t\t<div class=\"elementor-container elementor-column-gap-wider\">\n\t\t\t\t\t<div class=\"elementor-column elementor-col-100 elementor-top-column elementor-element elementor-element-efc0384\" data-id=\"efc0384\" data-element_type=\"column\">\n\t\t\t<div class=\"elementor-widget-wrap elementor-element-populated\">\n\t\t\t\t\t\t<div class=\"elementor-element elementor-element-b3ab9d0 elementor-widget elementor-widget-breadcrumbs\" data-id=\"b3ab9d0\" data-element_type=\"widget\" data-widget_type=\"breadcrumbs.default\">\n\t\t\t\t<div class=\"elementor-widget-container\">\n\t\t\t\t\t<p id=\"breadcrumbs\"><span><span><a href=\"https:\/\/goetz-fm.seitenwind-www.com\/pl\/\">Home<\/a><\/span><\/span><\/p>\t\t\t\t<\/div>\n\t\t\t\t<\/div>\n\t\t\t\t<div class=\"elementor-element elementor-element-060110b elementor-widget elementor-widget-heading\" data-id=\"060110b\" data-element_type=\"widget\" data-widget_type=\"heading.default\">\n\t\t\t\t<div class=\"elementor-widget-container\">\n\t\t\t\t\t<h1 class=\"elementor-heading-title elementor-size-default\">Kontakt<\/h1>\t\t\t\t<\/div>\n\t\t\t\t<\/div>\n\t\t\t\t\t<\/div>\n\t\t<\/div>\n\t\t\t\t\t<\/div>\n\t\t<\/section>\n\t\t\t\t<section class=\"elementor-section elementor-top-section elementor-element elementor-element-75044ca elementor-reverse-tablet elementor-reverse-mobile content-width elementor-section-boxed elementor-section-height-default elementor-section-height-default\" data-id=\"75044ca\" data-element_type=\"section\">\n\t\t\t\t\t\t<div class=\"elementor-container elementor-column-gap-wider\">\n\t\t\t\t\t<div class=\"elementor-column elementor-col-100 elementor-top-column elementor-element elementor-element-49c3b23\" data-id=\"49c3b23\" data-element_type=\"column\">\n\t\t\t<div class=\"elementor-widget-wrap elementor-element-populated\">\n\t\t\t\t\t\t<div class=\"elementor-element elementor-element-22aef63 elementor-widget elementor-widget-text-editor\" data-id=\"22aef63\" data-element_type=\"widget\" data-widget_type=\"text-editor.default\">\n\t\t\t\t<div class=\"elementor-widget-container\">\n\t\t\t\t\t\t\t\t\t<p>Masz pytania, chcia\u0142by\u015b uzyska\u0107 bardziej szczeg\u00f3\u0142owe informacje na konkretny temat lub konkretn\u0105 ofert\u0119? Wtedy oczywi\u015bcie jeste\u015bmy do Twojej dyspozycji w ka\u017cdej chwili!<\/p>\n\t\t\t\t\t\t\t\t<\/div>\n\t\t\t\t<\/div>\n\t\t\t\t<div class=\"elementor-element elementor-element-4061e05 elementor-widget elementor-widget-text-editor\" data-id=\"4061e05\" data-element_type=\"widget\" data-widget_type=\"text-editor.default\">\n\t\t\t\t<div class=\"elementor-widget-container\">\n\t\t\t\t\t\t\t\t\t<p><strong lang=\"EN-GB\">G\u00f6tz-Geb\u00e4udeservice Sp z o.o.<br><\/strong>Braniborska 40&nbsp;<br>53-680 Wroc\u0142aw<br>T +48 71 3423468<br><a href=\"mailto:biurowroclaw@goetz-fm.com\">biurowroclaw@goetz-fm.com<\/a><\/p>\n<p><strong>G\u00f6tz-Management-Holding AG<br><\/strong>Hauptverwaltung Regensburg<br>Hofer Stra\u00dfe 10<br>93057 Regensburg<\/p>\n<p>T <a href=\"tel:+49 941 6404-0\">+49 941 6404-0<\/a><br>F +49 941 6404-190<br><a href=\"mailto:service@goetz-fm.com\">service@goetz-fm.com<\/a><\/p>\t\t\t\t\t\t\t\t<\/div>\n\t\t\t\t<\/div>\n\t\t\t\t\t<\/div>\n\t\t<\/div>\n\t\t\t\t\t<\/div>\n\t\t<\/section>\n\t\t\t\t<\/div>\n\t\t","protected":false},"excerpt":{"rendered":"<p>Kontakt Masz pytania, chcia\u0142by\u015b uzyska\u0107 bardziej szczeg\u00f3\u0142owe informacje na konkretny temat lub konkretn\u0105 ofert\u0119? Wtedy oczywi\u015bcie jeste\u015bmy do Twojej dyspozycji w ka\u017cdej chwili! G\u00f6tz-Geb\u00e4udeservice Sp z o.o.Braniborska 40&nbsp;53-680 Wroc\u0142awT +48 71 3423468biurowroclaw@goetz-fm.com G\u00f6tz-Management-Holding AGHauptverwaltung RegensburgHofer Stra\u00dfe 1093057 Regensburg T +49 941 6404-0F +49 941 6404-190service@goetz-fm.com<\/p>\n","protected":false},"author":1,"featured_media":0,"parent":0,"menu_order":0,"comment_status":"closed","ping_status":"closed","template":"","meta":{"_acf_changed":false,"footnotes":""},"class_list":["post-5668","page","type-page","status-publish","hentry"],"acf":[],"yoast_head":"<!-- This site is optimized with the Yoast SEO plugin v25.8 - https:\/\/yoast.com\/wordpress\/plugins\/seo\/ -->\n<title>Kontakt - G\u00f6tz-Gruppe<\/title>\n<meta name=\"description\" content=\"G\u00f6tz-Management-Holding AG, Hauptverwaltung Regensburg, Hofer Stra\u00dfe 10, 93057 Regensburg, T +49 941 6404-0\" \/>\n<meta name=\"robots\" content=\"index, follow, max-snippet:-1, max-image-preview:large, max-video-preview:-1\" \/>\n<link rel=\"canonical\" href=\"https:\/\/goetz-fm.seitenwind-www.com\/pl\/kontakt\/\" \/>\n<meta property=\"og:locale\" content=\"pl_PL\" \/>\n<meta property=\"og:type\" content=\"article\" \/>\n<meta property=\"og:title\" content=\"Kontakt - G\u00f6tz-Gruppe\" \/>\n<meta property=\"og:description\" content=\"G\u00f6tz-Management-Holding AG, Hauptverwaltung Regensburg, Hofer Stra\u00dfe 10, 93057 Regensburg, T +49 941 6404-0\" \/>\n<meta property=\"og:url\" content=\"https:\/\/goetz-fm.seitenwind-www.com\/pl\/kontakt\/\" \/>\n<meta property=\"og:site_name\" content=\"G\u00f6tz-Gruppe\" \/>\n<meta property=\"article:modified_time\" content=\"2025-03-26T07:48:53+00:00\" \/>\n<meta name=\"twitter:card\" content=\"summary_large_image\" \/>\n<meta name=\"twitter:label1\" content=\"Szacowany czas czytania\" \/>\n\t<meta name=\"twitter:data1\" content=\"1 minuta\" \/>\n<script type=\"application\/ld+json\" class=\"yoast-schema-graph\">{\"@context\":\"https:\/\/schema.org\",\"@graph\":[{\"@type\":\"WebPage\",\"@id\":\"https:\/\/goetz-fm.seitenwind-www.com\/pl\/kontakt\/\",\"url\":\"https:\/\/goetz-fm.seitenwind-www.com\/pl\/kontakt\/\",\"name\":\"Kontakt - G\u00f6tz-Gruppe\",\"isPartOf\":{\"@id\":\"https:\/\/goetz-fm.seitenwind-www.com\/pl\/#website\"},\"datePublished\":\"2021-12-07T13:12:22+00:00\",\"dateModified\":\"2025-03-26T07:48:53+00:00\",\"description\":\"G\u00f6tz-Management-Holding AG, Hauptverwaltung Regensburg, Hofer Stra\u00dfe 10, 93057 Regensburg, T +49 941 6404-0\",\"breadcrumb\":{\"@id\":\"https:\/\/goetz-fm.seitenwind-www.com\/pl\/kontakt\/#breadcrumb\"},\"inLanguage\":\"pl-PL\",\"potentialAction\":[{\"@type\":\"ReadAction\",\"target\":[\"https:\/\/goetz-fm.seitenwind-www.com\/pl\/kontakt\/\"]}]},{\"@type\":\"BreadcrumbList\",\"@id\":\"https:\/\/goetz-fm.seitenwind-www.com\/pl\/kontakt\/#breadcrumb\",\"itemListElement\":[{\"@type\":\"ListItem\",\"position\":1,\"name\":\"Home\",\"item\":\"https:\/\/goetz-fm.seitenwind-www.com\/pl\/\"},{\"@type\":\"ListItem\",\"position\":2,\"name\":\"Kontakt\"}]},{\"@type\":\"WebSite\",\"@id\":\"https:\/\/goetz-fm.seitenwind-www.com\/pl\/#website\",\"url\":\"https:\/\/goetz-fm.seitenwind-www.com\/pl\/\",\"name\":\"G\u00f6tz-Gruppe\",\"description\":\"Quality Services\",\"publisher\":{\"@id\":\"https:\/\/goetz-fm.seitenwind-www.com\/pl\/#organization\"},\"potentialAction\":[{\"@type\":\"SearchAction\",\"target\":{\"@type\":\"EntryPoint\",\"urlTemplate\":\"https:\/\/goetz-fm.seitenwind-www.com\/pl\/?s={search_term_string}\"},\"query-input\":{\"@type\":\"PropertyValueSpecification\",\"valueRequired\":true,\"valueName\":\"search_term_string\"}}],\"inLanguage\":\"pl-PL\"},{\"@type\":\"Organization\",\"@id\":\"https:\/\/goetz-fm.seitenwind-www.com\/pl\/#organization\",\"name\":\"G\u00f6tz-Management-Holding AG\",\"url\":\"https:\/\/goetz-fm.seitenwind-www.com\/pl\/\",\"logo\":{\"@type\":\"ImageObject\",\"inLanguage\":\"pl-PL\",\"@id\":\"https:\/\/goetz-fm.seitenwind-www.com\/pl\/#\/schema\/logo\/image\/\",\"url\":\"https:\/\/goetz-fm.seitenwind-www.com\/wp-content\/uploads\/goetz_logo.svg\",\"contentUrl\":\"https:\/\/goetz-fm.seitenwind-www.com\/wp-content\/uploads\/goetz_logo.svg\",\"width\":1098,\"height\":436,\"caption\":\"G\u00f6tz-Management-Holding AG\"},\"image\":{\"@id\":\"https:\/\/goetz-fm.seitenwind-www.com\/pl\/#\/schema\/logo\/image\/\"}}]}<\/script>\n<!-- \/ Yoast SEO plugin. -->","yoast_head_json":{"title":"Kontakt - G\u00f6tz-Gruppe","description":"G\u00f6tz-Management-Holding AG, Hauptverwaltung Regensburg, Hofer Stra\u00dfe 10, 93057 Regensburg, T +49 941 6404-0","robots":{"index":"index","follow":"follow","max-snippet":"max-snippet:-1","max-image-preview":"max-image-preview:large","max-video-preview":"max-video-preview:-1"},"canonical":"https:\/\/goetz-fm.seitenwind-www.com\/pl\/kontakt\/","og_locale":"pl_PL","og_type":"article","og_title":"Kontakt - G\u00f6tz-Gruppe","og_description":"G\u00f6tz-Management-Holding AG, Hauptverwaltung Regensburg, Hofer Stra\u00dfe 10, 93057 Regensburg, T +49 941 6404-0","og_url":"https:\/\/goetz-fm.seitenwind-www.com\/pl\/kontakt\/","og_site_name":"G\u00f6tz-Gruppe","article_modified_time":"2025-03-26T07:48:53+00:00","twitter_card":"summary_large_image","twitter_misc":{"Szacowany czas czytania":"1 minuta"},"schema":{"@context":"https:\/\/schema.org","@graph":[{"@type":"WebPage","@id":"https:\/\/goetz-fm.seitenwind-www.com\/pl\/kontakt\/","url":"https:\/\/goetz-fm.seitenwind-www.com\/pl\/kontakt\/","name":"Kontakt - G\u00f6tz-Gruppe","isPartOf":{"@id":"https:\/\/goetz-fm.seitenwind-www.com\/pl\/#website"},"datePublished":"2021-12-07T13:12:22+00:00","dateModified":"2025-03-26T07:48:53+00:00","description":"G\u00f6tz-Management-Holding AG, Hauptverwaltung Regensburg, Hofer Stra\u00dfe 10, 93057 Regensburg, T +49 941 6404-0","breadcrumb":{"@id":"https:\/\/goetz-fm.seitenwind-www.com\/pl\/kontakt\/#breadcrumb"},"inLanguage":"pl-PL","potentialAction":[{"@type":"ReadAction","target":["https:\/\/goetz-fm.seitenwind-www.com\/pl\/kontakt\/"]}]},{"@type":"BreadcrumbList","@id":"https:\/\/goetz-fm.seitenwind-www.com\/pl\/kontakt\/#breadcrumb","itemListElement":[{"@type":"ListItem","position":1,"name":"Home","item":"https:\/\/goetz-fm.seitenwind-www.com\/pl\/"},{"@type":"ListItem","position":2,"name":"Kontakt"}]},{"@type":"WebSite","@id":"https:\/\/goetz-fm.seitenwind-www.com\/pl\/#website","url":"https:\/\/goetz-fm.seitenwind-www.com\/pl\/","name":"G\u00f6tz-Gruppe","description":"Quality Services","publisher":{"@id":"https:\/\/goetz-fm.seitenwind-www.com\/pl\/#organization"},"potentialAction":[{"@type":"SearchAction","target":{"@type":"EntryPoint","urlTemplate":"https:\/\/goetz-fm.seitenwind-www.com\/pl\/?s={search_term_string}"},"query-input":{"@type":"PropertyValueSpecification","valueRequired":true,"valueName":"search_term_string"}}],"inLanguage":"pl-PL"},{"@type":"Organization","@id":"https:\/\/goetz-fm.seitenwind-www.com\/pl\/#organization","name":"G\u00f6tz-Management-Holding AG","url":"https:\/\/goetz-fm.seitenwind-www.com\/pl\/","logo":{"@type":"ImageObject","inLanguage":"pl-PL","@id":"https:\/\/goetz-fm.seitenwind-www.com\/pl\/#\/schema\/logo\/image\/","url":"https:\/\/goetz-fm.seitenwind-www.com\/wp-content\/uploads\/goetz_logo.svg","contentUrl":"https:\/\/goetz-fm.seitenwind-www.com\/wp-content\/uploads\/goetz_logo.svg","width":1098,"height":436,"caption":"G\u00f6tz-Management-Holding AG"},"image":{"@id":"https:\/\/goetz-fm.seitenwind-www.com\/pl\/#\/schema\/logo\/image\/"}}]}},"_links":{"self":[{"href":"https:\/\/goetz-fm.seitenwind-www.com\/pl\/wp-json\/wp\/v2\/pages\/5668","targetHints":{"allow":["GET"]}}],"collection":[{"href":"https:\/\/goetz-fm.seitenwind-www.com\/pl\/wp-json\/wp\/v2\/pages"}],"about":[{"href":"https:\/\/goetz-fm.seitenwind-www.com\/pl\/wp-json\/wp\/v2\/types\/page"}],"author":[{"embeddable":true,"href":"https:\/\/goetz-fm.seitenwind-www.com\/pl\/wp-json\/wp\/v2\/users\/1"}],"replies":[{"embeddable":true,"href":"https:\/\/goetz-fm.seitenwind-www.com\/pl\/wp-json\/wp\/v2\/comments?post=5668"}],"version-history":[{"count":10,"href":"https:\/\/goetz-fm.seitenwind-www.com\/pl\/wp-json\/wp\/v2\/pages\/5668\/revisions"}],"predecessor-version":[{"id":11268,"href":"https:\/\/goetz-fm.seitenwind-www.com\/pl\/wp-json\/wp\/v2\/pages\/5668\/revisions\/11268"}],"wp:attachment":[{"href":"https:\/\/goetz-fm.seitenwind-www.com\/pl\/wp-json\/wp\/v2\/media?parent=5668"}],"curies":[{"name":"wp","href":"https:\/\/api.w.org\/{rel}","templated":true}]}}