{"id":5662,"date":"2021-12-07T14:57:02","date_gmt":"2021-12-07T13:57:02","guid":{"rendered":"https:\/\/goetz-fm.seitenwind-www.com\/uslugi\/obsluga-hotelowa\/"},"modified":"2023-02-06T15:13:56","modified_gmt":"2023-02-06T14:13:56","slug":"obsluga-hotelowa","status":"publish","type":"page","link":"https:\/\/goetz-fm.seitenwind-www.com\/pl\/uslugi\/obsluga-hotelowa\/","title":{"rendered":"Obs\u0142uga hotelowa"},"content":{"rendered":"\t\t<div data-elementor-type=\"wp-page\" data-elementor-id=\"5662\" class=\"elementor elementor-5662 elementor-284\" data-elementor-post-type=\"page\">\n\t\t\t\t\t\t<section class=\"elementor-section elementor-top-section elementor-element elementor-element-00054a1 elementor-section-height-min-height elementor-section-items-bottom elementor-section-boxed elementor-section-height-default\" data-id=\"00054a1\" data-element_type=\"section\" data-settings=\"{&quot;background_background&quot;:&quot;classic&quot;}\">\n\t\t\t\t\t\t<div class=\"elementor-container elementor-column-gap-default\">\n\t\t\t\t\t<div class=\"elementor-column elementor-col-100 elementor-top-column elementor-element elementor-element-e664aa8\" data-id=\"e664aa8\" data-element_type=\"column\">\n\t\t\t<div class=\"elementor-widget-wrap\">\n\t\t\t\t\t\t\t<\/div>\n\t\t<\/div>\n\t\t\t\t\t<\/div>\n\t\t<\/section>\n\t\t\t\t<section class=\"elementor-section elementor-top-section elementor-element elementor-element-a75415b elementor-section-boxed elementor-section-height-default elementor-section-height-default\" data-id=\"a75415b\" data-element_type=\"section\">\n\t\t\t\t\t\t<div class=\"elementor-container elementor-column-gap-wider\">\n\t\t\t\t\t<div class=\"elementor-column elementor-col-100 elementor-top-column elementor-element elementor-element-e97e6ba\" data-id=\"e97e6ba\" data-element_type=\"column\">\n\t\t\t<div class=\"elementor-widget-wrap elementor-element-populated\">\n\t\t\t\t\t\t<div class=\"elementor-element elementor-element-9f3db9a elementor-widget elementor-widget-breadcrumbs\" data-id=\"9f3db9a\" data-element_type=\"widget\" data-widget_type=\"breadcrumbs.default\">\n\t\t\t\t<div class=\"elementor-widget-container\">\n\t\t\t\t\t<p id=\"breadcrumbs\"><span><span><a href=\"https:\/\/goetz-fm.seitenwind-www.com\/pl\/\">Home<\/a><\/span><\/span><\/p>\t\t\t\t<\/div>\n\t\t\t\t<\/div>\n\t\t\t\t<div class=\"elementor-element elementor-element-997bf9d elementor-widget elementor-widget-heading\" data-id=\"997bf9d\" data-element_type=\"widget\" data-widget_type=\"heading.default\">\n\t\t\t\t<div class=\"elementor-widget-container\">\n\t\t\t\t\t<h1 class=\"elementor-heading-title elementor-size-default\">Obs\u0142uga hotelowa<\/h1>\t\t\t\t<\/div>\n\t\t\t\t<\/div>\n\t\t\t\t\t<\/div>\n\t\t<\/div>\n\t\t\t\t\t<\/div>\n\t\t<\/section>\n\t\t\t\t<section class=\"elementor-section elementor-top-section elementor-element elementor-element-0b12236 elementor-reverse-tablet elementor-reverse-mobile content-width elementor-section-boxed elementor-section-height-default elementor-section-height-default\" data-id=\"0b12236\" data-element_type=\"section\">\n\t\t\t\t\t\t<div class=\"elementor-container elementor-column-gap-wider\">\n\t\t\t\t\t<div class=\"elementor-column elementor-col-100 elementor-top-column elementor-element elementor-element-82881b5\" data-id=\"82881b5\" data-element_type=\"column\">\n\t\t\t<div class=\"elementor-widget-wrap elementor-element-populated\">\n\t\t\t\t\t\t<div class=\"elementor-element elementor-element-c5e7e29 elementor-widget elementor-widget-text-editor\" data-id=\"c5e7e29\" data-element_type=\"widget\" data-widget_type=\"text-editor.default\">\n\t\t\t\t<div class=\"elementor-widget-container\">\n\t\t\t\t\t\t\t\t\t<p>G\u00f6tz Hotelservice oferuje wszystkie us\u0142ugi niezb\u0119dne do ekonomicznego zarz\u0105dzania hotelem. Niezale\u017cnie od kategorii hotelu nasze pakiety us\u0142ug s\u0105 dopasowane do Twoich indywidualnych potrzeb.<\/p>\n\t\t\t\t\t\t\t\t<\/div>\n\t\t\t\t<\/div>\n\t\t\t\t<div class=\"elementor-element elementor-element-3a20d4f elementor-widget elementor-widget-text-editor\" data-id=\"3a20d4f\" data-element_type=\"widget\" data-widget_type=\"text-editor.default\">\n\t\t\t\t<div class=\"elementor-widget-container\">\n\t\t\t\t\t\t\t\t\t<p>Niezale\u017cnie od tego, czy chodzi o housekeeping, sprz\u0105tanie czy stewarding, otrzymacie Pa\u0144stwo wyszkolony, wykwalifikowany i znaj\u0105cy si\u0119 na rzeczy personel, przemy\u015blan\u0105 logistyk\u0119 w tle, zastosowanie najnowocze\u015bniejszych maszyn i urz\u0105dze\u0144 oraz przyjaznych dla \u015brodowiska \u015brodk\u00f3w czysto\u015bci. Nasze sta\u0142e kontrole jako\u015bci i szczeg\u00f3\u0142owa dokumentacja wszystkich proces\u00f3w gwarantuj\u0105, \u017ce zawsze masz wgl\u0105d w to, co si\u0119 dzieje.<\/p>\n\t\t\t\t\t\t\t\t<\/div>\n\t\t\t\t<\/div>\n\t\t\t\t\t<\/div>\n\t\t<\/div>\n\t\t\t\t\t<\/div>\n\t\t<\/section>\n\t\t\t\t<section class=\"elementor-section elementor-top-section elementor-element elementor-element-3353fc9 elementor-section-boxed elementor-section-height-default elementor-section-height-default\" data-id=\"3353fc9\" data-element_type=\"section\">\n\t\t\t\t\t\t<div class=\"elementor-container elementor-column-gap-wider\">\n\t\t\t\t\t<div class=\"elementor-column elementor-col-50 elementor-top-column elementor-element elementor-element-fab0c50\" data-id=\"fab0c50\" data-element_type=\"column\">\n\t\t\t<div class=\"elementor-widget-wrap elementor-element-populated\">\n\t\t\t\t\t\t<div class=\"elementor-element elementor-element-d3bd105 elementor-widget elementor-widget-text-editor\" data-id=\"d3bd105\" data-element_type=\"widget\" data-widget_type=\"text-editor.default\">\n\t\t\t\t<div class=\"elementor-widget-container\">\n\t\t\t\t\t\t\t\t\t<h4>Nasze us\u0142ugi:<\/h4>\n<ul>\n<li>sprz\u0105tanie i urz\u0105dzenia sanitarne<\/li>\n<li>gospodarowanie<\/li>\n<li>stewarding<\/li>\n<li>us\u0142ugi w zakresie zasob\u00f3w ludzkich<\/li>\n<li>us\u0142ugi \u015brodowiskowe<\/li>\n<li>Techniczne zarz\u0105dzanie budynkiem<\/li>\n<\/ul>\n\t\t\t\t\t\t\t\t<\/div>\n\t\t\t\t<\/div>\n\t\t\t\t\t<\/div>\n\t\t<\/div>\n\t\t\t\t<div class=\"elementor-column elementor-col-50 elementor-top-column elementor-element elementor-element-894daa8\" data-id=\"894daa8\" data-element_type=\"column\">\n\t\t\t<div class=\"elementor-widget-wrap elementor-element-populated\">\n\t\t\t\t\t\t<div class=\"elementor-element elementor-element-3f7ee41 elementor-widget elementor-widget-image\" data-id=\"3f7ee41\" data-element_type=\"widget\" data-widget_type=\"image.default\">\n\t\t\t\t<div class=\"elementor-widget-container\">\n\t\t\t\t\t\t\t\t\t\t\t\t\t\t\t<img fetchpriority=\"high\" decoding=\"async\" width=\"800\" height=\"534\" src=\"https:\/\/goetz-fm.seitenwind-www.com\/wp-content\/uploads\/gotz_dienstleistungen_hotelservice.jpg\" class=\"attachment-large size-large wp-image-5467\" alt=\"\" srcset=\"https:\/\/goetz-fm.seitenwind-www.com\/wp-content\/uploads\/gotz_dienstleistungen_hotelservice.jpg 1000w, https:\/\/goetz-fm.seitenwind-www.com\/wp-content\/uploads\/gotz_dienstleistungen_hotelservice-300x200.jpg 300w, https:\/\/goetz-fm.seitenwind-www.com\/wp-content\/uploads\/gotz_dienstleistungen_hotelservice-768x512.jpg 768w\" sizes=\"(max-width: 800px) 100vw, 800px\" \/>\t\t\t\t\t\t\t\t\t\t\t\t\t\t\t<\/div>\n\t\t\t\t<\/div>\n\t\t\t\t\t<\/div>\n\t\t<\/div>\n\t\t\t\t\t<\/div>\n\t\t<\/section>\n\t\t\t\t<\/div>\n\t\t","protected":false},"excerpt":{"rendered":"<p>G\u00f6tz Hotelservice oferuje wszystkie us\u0142ugi niezb\u0119dne do ekonomicznego zarz\u0105dzania hotelem. Niezale\u017cnie od kategorii hotelu nasze pakiety us\u0142ug s\u0105 dopasowane do Twoich indywidualnych potrzeb. Niezale\u017cnie od tego, czy chodzi o housekeeping, sprz\u0105tanie czy stewarding, otrzymacie Pa\u0144stwo wyszkolony, wykwalifikowany i znaj\u0105cy si\u0119 na rzeczy personel, przemy\u015blan\u0105 logistyk\u0119 w tle, zastosowanie najnowocze\u015bniejszych maszyn i urz\u0105dze\u0144 oraz przyjaznych dla [&hellip;]<\/p>\n","protected":false},"author":1,"featured_media":5467,"parent":5610,"menu_order":0,"comment_status":"closed","ping_status":"closed","template":"","meta":{"_acf_changed":false,"footnotes":""},"class_list":["post-5662","page","type-page","status-publish","has-post-thumbnail","hentry"],"acf":[],"yoast_head":"<!-- This site is optimized with the Yoast SEO plugin v25.8 - https:\/\/yoast.com\/wordpress\/plugins\/seo\/ -->\n<title>Obs\u0142uga hotelowa - G\u00f6tz-Gruppe<\/title>\n<meta name=\"description\" content=\"Der G\u00f6tz-Hotelservice bietet s\u00e4mtliche Dienstleistungen, die f\u00fcr eine wirtschaftliche Betriebsf\u00fchrung Ihres Hotels notwendig sind.\" \/>\n<meta name=\"robots\" content=\"index, follow, max-snippet:-1, max-image-preview:large, max-video-preview:-1\" \/>\n<link rel=\"canonical\" href=\"https:\/\/goetz-fm.seitenwind-www.com\/pl\/uslugi\/obsluga-hotelowa\/\" \/>\n<meta property=\"og:locale\" content=\"pl_PL\" \/>\n<meta property=\"og:type\" content=\"article\" \/>\n<meta property=\"og:title\" content=\"Obs\u0142uga hotelowa - G\u00f6tz-Gruppe\" \/>\n<meta property=\"og:description\" content=\"Der G\u00f6tz-Hotelservice bietet s\u00e4mtliche Dienstleistungen, die f\u00fcr eine wirtschaftliche Betriebsf\u00fchrung Ihres Hotels notwendig sind.\" \/>\n<meta property=\"og:url\" content=\"https:\/\/goetz-fm.seitenwind-www.com\/pl\/uslugi\/obsluga-hotelowa\/\" \/>\n<meta property=\"og:site_name\" content=\"G\u00f6tz-Gruppe\" \/>\n<meta property=\"article:modified_time\" content=\"2023-02-06T14:13:56+00:00\" \/>\n<meta property=\"og:image\" content=\"https:\/\/goetz-fm.com\/wp-content\/uploads\/gotz_dienstleistungen_hotelservice.jpg\" \/>\n\t<meta property=\"og:image:width\" content=\"1000\" \/>\n\t<meta property=\"og:image:height\" content=\"667\" \/>\n\t<meta property=\"og:image:type\" content=\"image\/jpeg\" \/>\n<meta name=\"twitter:card\" content=\"summary_large_image\" \/>\n<meta name=\"twitter:label1\" content=\"Szacowany czas czytania\" \/>\n\t<meta name=\"twitter:data1\" content=\"1 minuta\" \/>\n<script type=\"application\/ld+json\" class=\"yoast-schema-graph\">{\"@context\":\"https:\/\/schema.org\",\"@graph\":[{\"@type\":\"WebPage\",\"@id\":\"https:\/\/goetz-fm.seitenwind-www.com\/pl\/uslugi\/obsluga-hotelowa\/\",\"url\":\"https:\/\/goetz-fm.seitenwind-www.com\/pl\/uslugi\/obsluga-hotelowa\/\",\"name\":\"Obs\u0142uga hotelowa - G\u00f6tz-Gruppe\",\"isPartOf\":{\"@id\":\"https:\/\/goetz-fm.seitenwind-www.com\/pl\/#website\"},\"primaryImageOfPage\":{\"@id\":\"https:\/\/goetz-fm.seitenwind-www.com\/pl\/uslugi\/obsluga-hotelowa\/#primaryimage\"},\"image\":{\"@id\":\"https:\/\/goetz-fm.seitenwind-www.com\/pl\/uslugi\/obsluga-hotelowa\/#primaryimage\"},\"thumbnailUrl\":\"https:\/\/goetz-fm.seitenwind-www.com\/wp-content\/uploads\/gotz_dienstleistungen_hotelservice.jpg\",\"datePublished\":\"2021-12-07T13:57:02+00:00\",\"dateModified\":\"2023-02-06T14:13:56+00:00\",\"description\":\"Der G\u00f6tz-Hotelservice bietet s\u00e4mtliche Dienstleistungen, die f\u00fcr eine wirtschaftliche Betriebsf\u00fchrung Ihres Hotels notwendig sind.\",\"breadcrumb\":{\"@id\":\"https:\/\/goetz-fm.seitenwind-www.com\/pl\/uslugi\/obsluga-hotelowa\/#breadcrumb\"},\"inLanguage\":\"pl-PL\",\"potentialAction\":[{\"@type\":\"ReadAction\",\"target\":[\"https:\/\/goetz-fm.seitenwind-www.com\/pl\/uslugi\/obsluga-hotelowa\/\"]}]},{\"@type\":\"ImageObject\",\"inLanguage\":\"pl-PL\",\"@id\":\"https:\/\/goetz-fm.seitenwind-www.com\/pl\/uslugi\/obsluga-hotelowa\/#primaryimage\",\"url\":\"https:\/\/goetz-fm.seitenwind-www.com\/wp-content\/uploads\/gotz_dienstleistungen_hotelservice.jpg\",\"contentUrl\":\"https:\/\/goetz-fm.seitenwind-www.com\/wp-content\/uploads\/gotz_dienstleistungen_hotelservice.jpg\",\"width\":1000,\"height\":667},{\"@type\":\"BreadcrumbList\",\"@id\":\"https:\/\/goetz-fm.seitenwind-www.com\/pl\/uslugi\/obsluga-hotelowa\/#breadcrumb\",\"itemListElement\":[{\"@type\":\"ListItem\",\"position\":1,\"name\":\"Home\",\"item\":\"https:\/\/goetz-fm.seitenwind-www.com\/pl\/\"},{\"@type\":\"ListItem\",\"position\":2,\"name\":\"Us\u0142ugi\",\"item\":\"https:\/\/goetz-fm.seitenwind-www.com\/pl\/dienstleistungen\/\"},{\"@type\":\"ListItem\",\"position\":3,\"name\":\"Obs\u0142uga hotelowa\"}]},{\"@type\":\"WebSite\",\"@id\":\"https:\/\/goetz-fm.seitenwind-www.com\/pl\/#website\",\"url\":\"https:\/\/goetz-fm.seitenwind-www.com\/pl\/\",\"name\":\"G\u00f6tz-Gruppe\",\"description\":\"Quality Services\",\"publisher\":{\"@id\":\"https:\/\/goetz-fm.seitenwind-www.com\/pl\/#organization\"},\"potentialAction\":[{\"@type\":\"SearchAction\",\"target\":{\"@type\":\"EntryPoint\",\"urlTemplate\":\"https:\/\/goetz-fm.seitenwind-www.com\/pl\/?s={search_term_string}\"},\"query-input\":{\"@type\":\"PropertyValueSpecification\",\"valueRequired\":true,\"valueName\":\"search_term_string\"}}],\"inLanguage\":\"pl-PL\"},{\"@type\":\"Organization\",\"@id\":\"https:\/\/goetz-fm.seitenwind-www.com\/pl\/#organization\",\"name\":\"G\u00f6tz-Management-Holding AG\",\"url\":\"https:\/\/goetz-fm.seitenwind-www.com\/pl\/\",\"logo\":{\"@type\":\"ImageObject\",\"inLanguage\":\"pl-PL\",\"@id\":\"https:\/\/goetz-fm.seitenwind-www.com\/pl\/#\/schema\/logo\/image\/\",\"url\":\"https:\/\/goetz-fm.seitenwind-www.com\/wp-content\/uploads\/goetz_logo.svg\",\"contentUrl\":\"https:\/\/goetz-fm.seitenwind-www.com\/wp-content\/uploads\/goetz_logo.svg\",\"width\":1098,\"height\":436,\"caption\":\"G\u00f6tz-Management-Holding AG\"},\"image\":{\"@id\":\"https:\/\/goetz-fm.seitenwind-www.com\/pl\/#\/schema\/logo\/image\/\"}}]}<\/script>\n<!-- \/ Yoast SEO plugin. -->","yoast_head_json":{"title":"Obs\u0142uga hotelowa - G\u00f6tz-Gruppe","description":"Der G\u00f6tz-Hotelservice bietet s\u00e4mtliche Dienstleistungen, die f\u00fcr eine wirtschaftliche Betriebsf\u00fchrung Ihres Hotels notwendig sind.","robots":{"index":"index","follow":"follow","max-snippet":"max-snippet:-1","max-image-preview":"max-image-preview:large","max-video-preview":"max-video-preview:-1"},"canonical":"https:\/\/goetz-fm.seitenwind-www.com\/pl\/uslugi\/obsluga-hotelowa\/","og_locale":"pl_PL","og_type":"article","og_title":"Obs\u0142uga hotelowa - G\u00f6tz-Gruppe","og_description":"Der G\u00f6tz-Hotelservice bietet s\u00e4mtliche Dienstleistungen, die f\u00fcr eine wirtschaftliche Betriebsf\u00fchrung Ihres Hotels notwendig sind.","og_url":"https:\/\/goetz-fm.seitenwind-www.com\/pl\/uslugi\/obsluga-hotelowa\/","og_site_name":"G\u00f6tz-Gruppe","article_modified_time":"2023-02-06T14:13:56+00:00","og_image":[{"width":1000,"height":667,"url":"https:\/\/goetz-fm.com\/wp-content\/uploads\/gotz_dienstleistungen_hotelservice.jpg","type":"image\/jpeg"}],"twitter_card":"summary_large_image","twitter_misc":{"Szacowany czas czytania":"1 minuta"},"schema":{"@context":"https:\/\/schema.org","@graph":[{"@type":"WebPage","@id":"https:\/\/goetz-fm.seitenwind-www.com\/pl\/uslugi\/obsluga-hotelowa\/","url":"https:\/\/goetz-fm.seitenwind-www.com\/pl\/uslugi\/obsluga-hotelowa\/","name":"Obs\u0142uga hotelowa - G\u00f6tz-Gruppe","isPartOf":{"@id":"https:\/\/goetz-fm.seitenwind-www.com\/pl\/#website"},"primaryImageOfPage":{"@id":"https:\/\/goetz-fm.seitenwind-www.com\/pl\/uslugi\/obsluga-hotelowa\/#primaryimage"},"image":{"@id":"https:\/\/goetz-fm.seitenwind-www.com\/pl\/uslugi\/obsluga-hotelowa\/#primaryimage"},"thumbnailUrl":"https:\/\/goetz-fm.seitenwind-www.com\/wp-content\/uploads\/gotz_dienstleistungen_hotelservice.jpg","datePublished":"2021-12-07T13:57:02+00:00","dateModified":"2023-02-06T14:13:56+00:00","description":"Der G\u00f6tz-Hotelservice bietet s\u00e4mtliche Dienstleistungen, die f\u00fcr eine wirtschaftliche Betriebsf\u00fchrung Ihres Hotels notwendig sind.","breadcrumb":{"@id":"https:\/\/goetz-fm.seitenwind-www.com\/pl\/uslugi\/obsluga-hotelowa\/#breadcrumb"},"inLanguage":"pl-PL","potentialAction":[{"@type":"ReadAction","target":["https:\/\/goetz-fm.seitenwind-www.com\/pl\/uslugi\/obsluga-hotelowa\/"]}]},{"@type":"ImageObject","inLanguage":"pl-PL","@id":"https:\/\/goetz-fm.seitenwind-www.com\/pl\/uslugi\/obsluga-hotelowa\/#primaryimage","url":"https:\/\/goetz-fm.seitenwind-www.com\/wp-content\/uploads\/gotz_dienstleistungen_hotelservice.jpg","contentUrl":"https:\/\/goetz-fm.seitenwind-www.com\/wp-content\/uploads\/gotz_dienstleistungen_hotelservice.jpg","width":1000,"height":667},{"@type":"BreadcrumbList","@id":"https:\/\/goetz-fm.seitenwind-www.com\/pl\/uslugi\/obsluga-hotelowa\/#breadcrumb","itemListElement":[{"@type":"ListItem","position":1,"name":"Home","item":"https:\/\/goetz-fm.seitenwind-www.com\/pl\/"},{"@type":"ListItem","position":2,"name":"Us\u0142ugi","item":"https:\/\/goetz-fm.seitenwind-www.com\/pl\/dienstleistungen\/"},{"@type":"ListItem","position":3,"name":"Obs\u0142uga hotelowa"}]},{"@type":"WebSite","@id":"https:\/\/goetz-fm.seitenwind-www.com\/pl\/#website","url":"https:\/\/goetz-fm.seitenwind-www.com\/pl\/","name":"G\u00f6tz-Gruppe","description":"Quality Services","publisher":{"@id":"https:\/\/goetz-fm.seitenwind-www.com\/pl\/#organization"},"potentialAction":[{"@type":"SearchAction","target":{"@type":"EntryPoint","urlTemplate":"https:\/\/goetz-fm.seitenwind-www.com\/pl\/?s={search_term_string}"},"query-input":{"@type":"PropertyValueSpecification","valueRequired":true,"valueName":"search_term_string"}}],"inLanguage":"pl-PL"},{"@type":"Organization","@id":"https:\/\/goetz-fm.seitenwind-www.com\/pl\/#organization","name":"G\u00f6tz-Management-Holding AG","url":"https:\/\/goetz-fm.seitenwind-www.com\/pl\/","logo":{"@type":"ImageObject","inLanguage":"pl-PL","@id":"https:\/\/goetz-fm.seitenwind-www.com\/pl\/#\/schema\/logo\/image\/","url":"https:\/\/goetz-fm.seitenwind-www.com\/wp-content\/uploads\/goetz_logo.svg","contentUrl":"https:\/\/goetz-fm.seitenwind-www.com\/wp-content\/uploads\/goetz_logo.svg","width":1098,"height":436,"caption":"G\u00f6tz-Management-Holding AG"},"image":{"@id":"https:\/\/goetz-fm.seitenwind-www.com\/pl\/#\/schema\/logo\/image\/"}}]}},"_links":{"self":[{"href":"https:\/\/goetz-fm.seitenwind-www.com\/pl\/wp-json\/wp\/v2\/pages\/5662","targetHints":{"allow":["GET"]}}],"collection":[{"href":"https:\/\/goetz-fm.seitenwind-www.com\/pl\/wp-json\/wp\/v2\/pages"}],"about":[{"href":"https:\/\/goetz-fm.seitenwind-www.com\/pl\/wp-json\/wp\/v2\/types\/page"}],"author":[{"embeddable":true,"href":"https:\/\/goetz-fm.seitenwind-www.com\/pl\/wp-json\/wp\/v2\/users\/1"}],"replies":[{"embeddable":true,"href":"https:\/\/goetz-fm.seitenwind-www.com\/pl\/wp-json\/wp\/v2\/comments?post=5662"}],"version-history":[{"count":1,"href":"https:\/\/goetz-fm.seitenwind-www.com\/pl\/wp-json\/wp\/v2\/pages\/5662\/revisions"}],"predecessor-version":[{"id":5663,"href":"https:\/\/goetz-fm.seitenwind-www.com\/pl\/wp-json\/wp\/v2\/pages\/5662\/revisions\/5663"}],"up":[{"embeddable":true,"href":"https:\/\/goetz-fm.seitenwind-www.com\/pl\/wp-json\/wp\/v2\/pages\/5610"}],"wp:featuredmedia":[{"embeddable":true,"href":"https:\/\/goetz-fm.seitenwind-www.com\/pl\/wp-json\/wp\/v2\/media\/5467"}],"wp:attachment":[{"href":"https:\/\/goetz-fm.seitenwind-www.com\/pl\/wp-json\/wp\/v2\/media?parent=5662"}],"curies":[{"name":"wp","href":"https:\/\/api.w.org\/{rel}","templated":true}]}}