{"id":5656,"date":"2021-12-07T14:56:22","date_gmt":"2021-12-07T13:56:22","guid":{"rendered":"https:\/\/goetz-fm.seitenwind-www.com\/uslugi\/uslugi-dozorowania\/"},"modified":"2023-03-01T13:24:01","modified_gmt":"2023-03-01T12:24:01","slug":"uslugi-dozorowania","status":"publish","type":"page","link":"https:\/\/goetz-fm.seitenwind-www.com\/pl\/uslugi\/uslugi-dozorowania\/","title":{"rendered":"Us\u0142ugi dozorowania"},"content":{"rendered":"\t\t<div data-elementor-type=\"wp-page\" data-elementor-id=\"5656\" class=\"elementor elementor-5656 elementor-278\" data-elementor-post-type=\"page\">\n\t\t\t\t\t\t<section class=\"elementor-section elementor-top-section elementor-element elementor-element-7a0b302 elementor-section-height-min-height elementor-section-items-bottom elementor-section-boxed elementor-section-height-default\" data-id=\"7a0b302\" data-element_type=\"section\" data-settings=\"{&quot;background_background&quot;:&quot;classic&quot;}\">\n\t\t\t\t\t\t<div class=\"elementor-container elementor-column-gap-default\">\n\t\t\t\t\t<div class=\"elementor-column elementor-col-100 elementor-top-column elementor-element elementor-element-93b5703\" data-id=\"93b5703\" data-element_type=\"column\">\n\t\t\t<div class=\"elementor-widget-wrap\">\n\t\t\t\t\t\t\t<\/div>\n\t\t<\/div>\n\t\t\t\t\t<\/div>\n\t\t<\/section>\n\t\t\t\t<section class=\"elementor-section elementor-top-section elementor-element elementor-element-ad06203 elementor-section-boxed elementor-section-height-default elementor-section-height-default\" data-id=\"ad06203\" data-element_type=\"section\">\n\t\t\t\t\t\t<div class=\"elementor-container elementor-column-gap-wider\">\n\t\t\t\t\t<div class=\"elementor-column elementor-col-100 elementor-top-column elementor-element elementor-element-ac477a4\" data-id=\"ac477a4\" data-element_type=\"column\">\n\t\t\t<div class=\"elementor-widget-wrap elementor-element-populated\">\n\t\t\t\t\t\t<div class=\"elementor-element elementor-element-d611dda elementor-widget elementor-widget-breadcrumbs\" data-id=\"d611dda\" data-element_type=\"widget\" data-widget_type=\"breadcrumbs.default\">\n\t\t\t\t<div class=\"elementor-widget-container\">\n\t\t\t\t\t<p id=\"breadcrumbs\"><span><span><a href=\"https:\/\/goetz-fm.seitenwind-www.com\/pl\/\">Home<\/a><\/span><\/span><\/p>\t\t\t\t<\/div>\n\t\t\t\t<\/div>\n\t\t\t\t<div class=\"elementor-element elementor-element-8b87b1e elementor-widget elementor-widget-heading\" data-id=\"8b87b1e\" data-element_type=\"widget\" data-widget_type=\"heading.default\">\n\t\t\t\t<div class=\"elementor-widget-container\">\n\t\t\t\t\t<h1 class=\"elementor-heading-title elementor-size-default\">Us\u0142ugi dozorowania<\/h1>\t\t\t\t<\/div>\n\t\t\t\t<\/div>\n\t\t\t\t\t<\/div>\n\t\t<\/div>\n\t\t\t\t\t<\/div>\n\t\t<\/section>\n\t\t\t\t<section class=\"elementor-section elementor-top-section elementor-element elementor-element-e2292d2 elementor-reverse-tablet elementor-reverse-mobile elementor-section-boxed elementor-section-height-default elementor-section-height-default\" data-id=\"e2292d2\" data-element_type=\"section\">\n\t\t\t\t\t\t<div class=\"elementor-container elementor-column-gap-wider\">\n\t\t\t\t\t<div class=\"elementor-column elementor-col-50 elementor-top-column elementor-element elementor-element-b7dab2e\" data-id=\"b7dab2e\" data-element_type=\"column\">\n\t\t\t<div class=\"elementor-widget-wrap elementor-element-populated\">\n\t\t\t\t\t\t<div class=\"elementor-element elementor-element-e7fd35d elementor-widget elementor-widget-text-editor\" data-id=\"e7fd35d\" data-element_type=\"widget\" data-widget_type=\"text-editor.default\">\n\t\t\t\t<div class=\"elementor-widget-container\">\n\t\t\t\t\t\t\t\t\t<p>Zadbane, czyste, technicznie bez zarzutu &#8211; nie zadowala nas nic innego, gdy dbamy o Tw\u00f3j budynek.<\/p>\n\t\t\t\t\t\t\t\t<\/div>\n\t\t\t\t<\/div>\n\t\t\t\t<div class=\"elementor-element elementor-element-417f523 elementor-widget elementor-widget-text-editor\" data-id=\"417f523\" data-element_type=\"widget\" data-widget_type=\"text-editor.default\">\n\t\t\t\t<div class=\"elementor-widget-container\">\n\t\t\t\t\t\t\t\t\t<p>Po bezp\u0142atnym ogl\u0119dzinach nieruchomo\u015bci doradzimy kompleksowo we wszystkich niezb\u0119dnych us\u0142ugach. Nasi wyszkoleni specjali\u015bci dbaj\u0105 o profesjonaln\u0105 obr\u00f3bk\u0119 i wsparcie &#8211; oczywi\u015bcie r\u00f3wnie\u017c na co dzie\u0144.<\/p>\n\t\t\t\t\t\t\t\t<\/div>\n\t\t\t\t<\/div>\n\t\t\t\t\t<\/div>\n\t\t<\/div>\n\t\t\t\t<div class=\"elementor-column elementor-col-50 elementor-top-column elementor-element elementor-element-1dcff56\" data-id=\"1dcff56\" data-element_type=\"column\">\n\t\t\t<div class=\"elementor-widget-wrap elementor-element-populated\">\n\t\t\t\t\t\t<div class=\"elementor-element elementor-element-1d73f29 elementor-widget elementor-widget-text-editor\" data-id=\"1d73f29\" data-element_type=\"widget\" data-widget_type=\"text-editor.default\">\n\t\t\t\t<div class=\"elementor-widget-container\">\n\t\t\t\t\t\t\t\t\t<h4>Nasze us\u0142ugi:<\/h4>\r\n<ul>\r\n \t<li>remont<\/li>\r\n \t<li>Testowanie systemu zgodnie z VDE 0105 100<\/li>\r\n \t<li>Testowanie urz\u0105dze\u0144 zgodnie z DIN VDE 0701 0702<\/li>\r\n \t<li>Codzienne przegl\u0105dy<\/li>\r\n \t<li>zgodno\u015b\u0107 z regulaminem domu<\/li>\r\n \t<li>zarz\u0105dzanie kluczami<\/li>\r\n \t<li>Utrzymanie wynajmowanych nieruchomo\u015bci<\/li>\r\n \t<li>Sprawunki<\/li>\r\n \t<li>us\u0142ugi utylizacji<\/li>\r\n \t<li>Stworzenie koncepcji ochrony przeciwpo\u017carowej<\/li>\r\n \t<li>Wsparcie in\u017cynieryjne zak\u0142adu<\/li>\r\n<\/ul>\r\nPrze\u015blij nam swoje zapytanie <a href=\"mailto:hausmeister-service@goetz-fm.com\" target=\"_blank\" rel=\"noopener\">e-mailem<\/a>.\t\t\t\t\t\t\t\t<\/div>\n\t\t\t\t<\/div>\n\t\t\t\t\t<\/div>\n\t\t<\/div>\n\t\t\t\t\t<\/div>\n\t\t<\/section>\n\t\t\t\t<section class=\"elementor-section elementor-top-section elementor-element elementor-element-12fc9c3 elementor-section-boxed elementor-section-height-default elementor-section-height-default\" data-id=\"12fc9c3\" data-element_type=\"section\">\n\t\t\t\t\t\t<div class=\"elementor-container elementor-column-gap-wider\">\n\t\t\t\t\t<div class=\"elementor-column elementor-col-100 elementor-top-column elementor-element elementor-element-60e7839\" data-id=\"60e7839\" data-element_type=\"column\">\n\t\t\t<div class=\"elementor-widget-wrap elementor-element-populated\">\n\t\t\t\t\t\t<div class=\"elementor-element elementor-element-2534269 elementor-widget elementor-widget-video\" data-id=\"2534269\" data-element_type=\"widget\" data-settings=\"{&quot;video_type&quot;:&quot;hosted&quot;,&quot;controls&quot;:&quot;yes&quot;}\" data-widget_type=\"video.default\">\n\t\t\t\t<div class=\"elementor-widget-container\">\n\t\t\t\t\t\t\t<div class=\"e-hosted-video elementor-wrapper elementor-open-inline\">\n\t\t\t\t\t<video class=\"elementor-video\" src=\"https:\/\/goetz-fm.seitenwind-www.com\/wp-content\/uploads\/goetz_hausmeister-und-haustechnik.mp4\" controls=\"\" preload=\"metadata\" controlsList=\"nodownload\"><\/video>\n\t\t\t\t<\/div>\n\t\t\t\t\t\t<\/div>\n\t\t\t\t<\/div>\n\t\t\t\t\t<\/div>\n\t\t<\/div>\n\t\t\t\t\t<\/div>\n\t\t<\/section>\n\t\t\t\t<\/div>\n\t\t","protected":false},"excerpt":{"rendered":"<p>Zadbane, czyste, technicznie bez zarzutu &#8211; nie zadowala nas nic innego, gdy dbamy o Tw\u00f3j budynek. Po bezp\u0142atnym ogl\u0119dzinach nieruchomo\u015bci doradzimy kompleksowo we wszystkich niezb\u0119dnych us\u0142ugach. Nasi wyszkoleni specjali\u015bci dbaj\u0105 o profesjonaln\u0105 obr\u00f3bk\u0119 i wsparcie &#8211; oczywi\u015bcie r\u00f3wnie\u017c na co dzie\u0144. Nasze us\u0142ugi: remont Testowanie systemu zgodnie z VDE 0105 100 Testowanie urz\u0105dze\u0144 zgodnie z [&hellip;]<\/p>\n","protected":false},"author":1,"featured_media":5462,"parent":5610,"menu_order":0,"comment_status":"closed","ping_status":"closed","template":"","meta":{"_acf_changed":false,"footnotes":""},"class_list":["post-5656","page","type-page","status-publish","has-post-thumbnail","hentry"],"acf":[],"yoast_head":"<!-- This site is optimized with the Yoast SEO plugin v25.8 - https:\/\/yoast.com\/wordpress\/plugins\/seo\/ -->\n<title>Us\u0142ugi dozorowania - G\u00f6tz-Gruppe<\/title>\n<meta name=\"description\" content=\"Reparaturen durchf\u00fchre, Einrichtungen warten, Schl\u00fcsselmanagement. Alle Hausmeisterdienste jetzt von G\u00f6tz.\" \/>\n<meta name=\"robots\" content=\"index, follow, max-snippet:-1, max-image-preview:large, max-video-preview:-1\" \/>\n<link rel=\"canonical\" href=\"https:\/\/goetz-fm.seitenwind-www.com\/pl\/uslugi\/uslugi-dozorowania\/\" \/>\n<meta property=\"og:locale\" content=\"pl_PL\" \/>\n<meta property=\"og:type\" content=\"article\" \/>\n<meta property=\"og:title\" content=\"Us\u0142ugi dozorowania - G\u00f6tz-Gruppe\" \/>\n<meta property=\"og:description\" content=\"Reparaturen durchf\u00fchre, Einrichtungen warten, Schl\u00fcsselmanagement. Alle Hausmeisterdienste jetzt von G\u00f6tz.\" \/>\n<meta property=\"og:url\" content=\"https:\/\/goetz-fm.seitenwind-www.com\/pl\/uslugi\/uslugi-dozorowania\/\" \/>\n<meta property=\"og:site_name\" content=\"G\u00f6tz-Gruppe\" \/>\n<meta property=\"article:modified_time\" content=\"2023-03-01T12:24:01+00:00\" \/>\n<meta property=\"og:image\" content=\"https:\/\/goetz-fm.com\/wp-content\/uploads\/gotz_dienstleistungen_hausmeisterservice_headerbild.jpg\" \/>\n\t<meta property=\"og:image:width\" content=\"1920\" \/>\n\t<meta property=\"og:image:height\" content=\"850\" \/>\n\t<meta property=\"og:image:type\" content=\"image\/jpeg\" \/>\n<meta name=\"twitter:card\" content=\"summary_large_image\" \/>\n<meta name=\"twitter:label1\" content=\"Szacowany czas czytania\" \/>\n\t<meta name=\"twitter:data1\" content=\"1 minuta\" \/>\n<script type=\"application\/ld+json\" class=\"yoast-schema-graph\">{\"@context\":\"https:\/\/schema.org\",\"@graph\":[{\"@type\":\"WebPage\",\"@id\":\"https:\/\/goetz-fm.seitenwind-www.com\/pl\/uslugi\/uslugi-dozorowania\/\",\"url\":\"https:\/\/goetz-fm.seitenwind-www.com\/pl\/uslugi\/uslugi-dozorowania\/\",\"name\":\"Us\u0142ugi dozorowania - G\u00f6tz-Gruppe\",\"isPartOf\":{\"@id\":\"https:\/\/goetz-fm.seitenwind-www.com\/pl\/#website\"},\"primaryImageOfPage\":{\"@id\":\"https:\/\/goetz-fm.seitenwind-www.com\/pl\/uslugi\/uslugi-dozorowania\/#primaryimage\"},\"image\":{\"@id\":\"https:\/\/goetz-fm.seitenwind-www.com\/pl\/uslugi\/uslugi-dozorowania\/#primaryimage\"},\"thumbnailUrl\":\"https:\/\/goetz-fm.seitenwind-www.com\/wp-content\/uploads\/gotz_dienstleistungen_hausmeisterservice_headerbild.jpg\",\"datePublished\":\"2021-12-07T13:56:22+00:00\",\"dateModified\":\"2023-03-01T12:24:01+00:00\",\"description\":\"Reparaturen durchf\u00fchre, Einrichtungen warten, Schl\u00fcsselmanagement. Alle Hausmeisterdienste jetzt von G\u00f6tz.\",\"breadcrumb\":{\"@id\":\"https:\/\/goetz-fm.seitenwind-www.com\/pl\/uslugi\/uslugi-dozorowania\/#breadcrumb\"},\"inLanguage\":\"pl-PL\",\"potentialAction\":[{\"@type\":\"ReadAction\",\"target\":[\"https:\/\/goetz-fm.seitenwind-www.com\/pl\/uslugi\/uslugi-dozorowania\/\"]}]},{\"@type\":\"ImageObject\",\"inLanguage\":\"pl-PL\",\"@id\":\"https:\/\/goetz-fm.seitenwind-www.com\/pl\/uslugi\/uslugi-dozorowania\/#primaryimage\",\"url\":\"https:\/\/goetz-fm.seitenwind-www.com\/wp-content\/uploads\/gotz_dienstleistungen_hausmeisterservice_headerbild.jpg\",\"contentUrl\":\"https:\/\/goetz-fm.seitenwind-www.com\/wp-content\/uploads\/gotz_dienstleistungen_hausmeisterservice_headerbild.jpg\",\"width\":1920,\"height\":850},{\"@type\":\"BreadcrumbList\",\"@id\":\"https:\/\/goetz-fm.seitenwind-www.com\/pl\/uslugi\/uslugi-dozorowania\/#breadcrumb\",\"itemListElement\":[{\"@type\":\"ListItem\",\"position\":1,\"name\":\"Home\",\"item\":\"https:\/\/goetz-fm.seitenwind-www.com\/pl\/\"},{\"@type\":\"ListItem\",\"position\":2,\"name\":\"Us\u0142ugi\",\"item\":\"https:\/\/goetz-fm.seitenwind-www.com\/pl\/dienstleistungen\/\"},{\"@type\":\"ListItem\",\"position\":3,\"name\":\"Us\u0142ugi dozorowania\"}]},{\"@type\":\"WebSite\",\"@id\":\"https:\/\/goetz-fm.seitenwind-www.com\/pl\/#website\",\"url\":\"https:\/\/goetz-fm.seitenwind-www.com\/pl\/\",\"name\":\"G\u00f6tz-Gruppe\",\"description\":\"Quality Services\",\"publisher\":{\"@id\":\"https:\/\/goetz-fm.seitenwind-www.com\/pl\/#organization\"},\"potentialAction\":[{\"@type\":\"SearchAction\",\"target\":{\"@type\":\"EntryPoint\",\"urlTemplate\":\"https:\/\/goetz-fm.seitenwind-www.com\/pl\/?s={search_term_string}\"},\"query-input\":{\"@type\":\"PropertyValueSpecification\",\"valueRequired\":true,\"valueName\":\"search_term_string\"}}],\"inLanguage\":\"pl-PL\"},{\"@type\":\"Organization\",\"@id\":\"https:\/\/goetz-fm.seitenwind-www.com\/pl\/#organization\",\"name\":\"G\u00f6tz-Management-Holding AG\",\"url\":\"https:\/\/goetz-fm.seitenwind-www.com\/pl\/\",\"logo\":{\"@type\":\"ImageObject\",\"inLanguage\":\"pl-PL\",\"@id\":\"https:\/\/goetz-fm.seitenwind-www.com\/pl\/#\/schema\/logo\/image\/\",\"url\":\"https:\/\/goetz-fm.seitenwind-www.com\/wp-content\/uploads\/goetz_logo.svg\",\"contentUrl\":\"https:\/\/goetz-fm.seitenwind-www.com\/wp-content\/uploads\/goetz_logo.svg\",\"width\":1098,\"height\":436,\"caption\":\"G\u00f6tz-Management-Holding AG\"},\"image\":{\"@id\":\"https:\/\/goetz-fm.seitenwind-www.com\/pl\/#\/schema\/logo\/image\/\"}}]}<\/script>\n<!-- \/ Yoast SEO plugin. -->","yoast_head_json":{"title":"Us\u0142ugi dozorowania - G\u00f6tz-Gruppe","description":"Reparaturen durchf\u00fchre, Einrichtungen warten, Schl\u00fcsselmanagement. Alle Hausmeisterdienste jetzt von G\u00f6tz.","robots":{"index":"index","follow":"follow","max-snippet":"max-snippet:-1","max-image-preview":"max-image-preview:large","max-video-preview":"max-video-preview:-1"},"canonical":"https:\/\/goetz-fm.seitenwind-www.com\/pl\/uslugi\/uslugi-dozorowania\/","og_locale":"pl_PL","og_type":"article","og_title":"Us\u0142ugi dozorowania - G\u00f6tz-Gruppe","og_description":"Reparaturen durchf\u00fchre, Einrichtungen warten, Schl\u00fcsselmanagement. Alle Hausmeisterdienste jetzt von G\u00f6tz.","og_url":"https:\/\/goetz-fm.seitenwind-www.com\/pl\/uslugi\/uslugi-dozorowania\/","og_site_name":"G\u00f6tz-Gruppe","article_modified_time":"2023-03-01T12:24:01+00:00","og_image":[{"width":1920,"height":850,"url":"https:\/\/goetz-fm.com\/wp-content\/uploads\/gotz_dienstleistungen_hausmeisterservice_headerbild.jpg","type":"image\/jpeg"}],"twitter_card":"summary_large_image","twitter_misc":{"Szacowany czas czytania":"1 minuta"},"schema":{"@context":"https:\/\/schema.org","@graph":[{"@type":"WebPage","@id":"https:\/\/goetz-fm.seitenwind-www.com\/pl\/uslugi\/uslugi-dozorowania\/","url":"https:\/\/goetz-fm.seitenwind-www.com\/pl\/uslugi\/uslugi-dozorowania\/","name":"Us\u0142ugi dozorowania - G\u00f6tz-Gruppe","isPartOf":{"@id":"https:\/\/goetz-fm.seitenwind-www.com\/pl\/#website"},"primaryImageOfPage":{"@id":"https:\/\/goetz-fm.seitenwind-www.com\/pl\/uslugi\/uslugi-dozorowania\/#primaryimage"},"image":{"@id":"https:\/\/goetz-fm.seitenwind-www.com\/pl\/uslugi\/uslugi-dozorowania\/#primaryimage"},"thumbnailUrl":"https:\/\/goetz-fm.seitenwind-www.com\/wp-content\/uploads\/gotz_dienstleistungen_hausmeisterservice_headerbild.jpg","datePublished":"2021-12-07T13:56:22+00:00","dateModified":"2023-03-01T12:24:01+00:00","description":"Reparaturen durchf\u00fchre, Einrichtungen warten, Schl\u00fcsselmanagement. Alle Hausmeisterdienste jetzt von G\u00f6tz.","breadcrumb":{"@id":"https:\/\/goetz-fm.seitenwind-www.com\/pl\/uslugi\/uslugi-dozorowania\/#breadcrumb"},"inLanguage":"pl-PL","potentialAction":[{"@type":"ReadAction","target":["https:\/\/goetz-fm.seitenwind-www.com\/pl\/uslugi\/uslugi-dozorowania\/"]}]},{"@type":"ImageObject","inLanguage":"pl-PL","@id":"https:\/\/goetz-fm.seitenwind-www.com\/pl\/uslugi\/uslugi-dozorowania\/#primaryimage","url":"https:\/\/goetz-fm.seitenwind-www.com\/wp-content\/uploads\/gotz_dienstleistungen_hausmeisterservice_headerbild.jpg","contentUrl":"https:\/\/goetz-fm.seitenwind-www.com\/wp-content\/uploads\/gotz_dienstleistungen_hausmeisterservice_headerbild.jpg","width":1920,"height":850},{"@type":"BreadcrumbList","@id":"https:\/\/goetz-fm.seitenwind-www.com\/pl\/uslugi\/uslugi-dozorowania\/#breadcrumb","itemListElement":[{"@type":"ListItem","position":1,"name":"Home","item":"https:\/\/goetz-fm.seitenwind-www.com\/pl\/"},{"@type":"ListItem","position":2,"name":"Us\u0142ugi","item":"https:\/\/goetz-fm.seitenwind-www.com\/pl\/dienstleistungen\/"},{"@type":"ListItem","position":3,"name":"Us\u0142ugi dozorowania"}]},{"@type":"WebSite","@id":"https:\/\/goetz-fm.seitenwind-www.com\/pl\/#website","url":"https:\/\/goetz-fm.seitenwind-www.com\/pl\/","name":"G\u00f6tz-Gruppe","description":"Quality Services","publisher":{"@id":"https:\/\/goetz-fm.seitenwind-www.com\/pl\/#organization"},"potentialAction":[{"@type":"SearchAction","target":{"@type":"EntryPoint","urlTemplate":"https:\/\/goetz-fm.seitenwind-www.com\/pl\/?s={search_term_string}"},"query-input":{"@type":"PropertyValueSpecification","valueRequired":true,"valueName":"search_term_string"}}],"inLanguage":"pl-PL"},{"@type":"Organization","@id":"https:\/\/goetz-fm.seitenwind-www.com\/pl\/#organization","name":"G\u00f6tz-Management-Holding AG","url":"https:\/\/goetz-fm.seitenwind-www.com\/pl\/","logo":{"@type":"ImageObject","inLanguage":"pl-PL","@id":"https:\/\/goetz-fm.seitenwind-www.com\/pl\/#\/schema\/logo\/image\/","url":"https:\/\/goetz-fm.seitenwind-www.com\/wp-content\/uploads\/goetz_logo.svg","contentUrl":"https:\/\/goetz-fm.seitenwind-www.com\/wp-content\/uploads\/goetz_logo.svg","width":1098,"height":436,"caption":"G\u00f6tz-Management-Holding AG"},"image":{"@id":"https:\/\/goetz-fm.seitenwind-www.com\/pl\/#\/schema\/logo\/image\/"}}]}},"_links":{"self":[{"href":"https:\/\/goetz-fm.seitenwind-www.com\/pl\/wp-json\/wp\/v2\/pages\/5656","targetHints":{"allow":["GET"]}}],"collection":[{"href":"https:\/\/goetz-fm.seitenwind-www.com\/pl\/wp-json\/wp\/v2\/pages"}],"about":[{"href":"https:\/\/goetz-fm.seitenwind-www.com\/pl\/wp-json\/wp\/v2\/types\/page"}],"author":[{"embeddable":true,"href":"https:\/\/goetz-fm.seitenwind-www.com\/pl\/wp-json\/wp\/v2\/users\/1"}],"replies":[{"embeddable":true,"href":"https:\/\/goetz-fm.seitenwind-www.com\/pl\/wp-json\/wp\/v2\/comments?post=5656"}],"version-history":[{"count":5,"href":"https:\/\/goetz-fm.seitenwind-www.com\/pl\/wp-json\/wp\/v2\/pages\/5656\/revisions"}],"predecessor-version":[{"id":6573,"href":"https:\/\/goetz-fm.seitenwind-www.com\/pl\/wp-json\/wp\/v2\/pages\/5656\/revisions\/6573"}],"up":[{"embeddable":true,"href":"https:\/\/goetz-fm.seitenwind-www.com\/pl\/wp-json\/wp\/v2\/pages\/5610"}],"wp:featuredmedia":[{"embeddable":true,"href":"https:\/\/goetz-fm.seitenwind-www.com\/pl\/wp-json\/wp\/v2\/media\/5462"}],"wp:attachment":[{"href":"https:\/\/goetz-fm.seitenwind-www.com\/pl\/wp-json\/wp\/v2\/media?parent=5656"}],"curies":[{"name":"wp","href":"https:\/\/api.w.org\/{rel}","templated":true}]}}