{"id":5614,"date":"2022-03-30T11:14:43","date_gmt":"2022-03-30T09:14:43","guid":{"rendered":"https:\/\/goetz-fm.seitenwind-www.com\/praca\/"},"modified":"2023-03-21T15:46:21","modified_gmt":"2023-03-21T14:46:21","slug":"praca","status":"publish","type":"page","link":"https:\/\/goetz-fm.seitenwind-www.com\/pl\/kariera-w-goetz\/praca\/","title":{"rendered":"Praca"},"content":{"rendered":"\t\t<div data-elementor-type=\"wp-page\" data-elementor-id=\"5614\" class=\"elementor elementor-5614 elementor-3833\" data-elementor-post-type=\"page\">\n\t\t\t\t\t\t<section class=\"elementor-section elementor-top-section elementor-element elementor-element-a12a846 elementor-section-height-min-height elementor-section-items-bottom elementor-section-boxed elementor-section-height-default\" data-id=\"a12a846\" data-element_type=\"section\" data-settings=\"{&quot;background_background&quot;:&quot;classic&quot;}\">\n\t\t\t\t\t\t<div class=\"elementor-container elementor-column-gap-default\">\n\t\t\t\t\t<div class=\"elementor-column elementor-col-100 elementor-top-column elementor-element elementor-element-f0d9c1f\" data-id=\"f0d9c1f\" data-element_type=\"column\">\n\t\t\t<div class=\"elementor-widget-wrap\">\n\t\t\t\t\t\t\t<\/div>\n\t\t<\/div>\n\t\t\t\t\t<\/div>\n\t\t<\/section>\n\t\t\t\t<section class=\"elementor-section elementor-top-section elementor-element elementor-element-174db99 elementor-section-boxed elementor-section-height-default elementor-section-height-default\" data-id=\"174db99\" data-element_type=\"section\">\n\t\t\t\t\t\t<div class=\"elementor-container elementor-column-gap-wider\">\n\t\t\t\t\t<div class=\"elementor-column elementor-col-100 elementor-top-column elementor-element elementor-element-4d5219f\" data-id=\"4d5219f\" data-element_type=\"column\">\n\t\t\t<div class=\"elementor-widget-wrap elementor-element-populated\">\n\t\t\t\t\t\t<div class=\"elementor-element elementor-element-3f287a7 elementor-widget elementor-widget-breadcrumbs\" data-id=\"3f287a7\" data-element_type=\"widget\" data-widget_type=\"breadcrumbs.default\">\n\t\t\t\t<div class=\"elementor-widget-container\">\n\t\t\t\t\t<p id=\"breadcrumbs\"><span><span><a href=\"https:\/\/goetz-fm.seitenwind-www.com\/pl\/\">Home<\/a><\/span><\/span><\/p>\t\t\t\t<\/div>\n\t\t\t\t<\/div>\n\t\t\t\t<div class=\"elementor-element elementor-element-f78100e elementor-widget elementor-widget-heading\" data-id=\"f78100e\" data-element_type=\"widget\" data-widget_type=\"heading.default\">\n\t\t\t\t<div class=\"elementor-widget-container\">\n\t\t\t\t\t<h1 class=\"elementor-heading-title elementor-size-default\">Praca w Grupie G\u00f6tz<\/h1>\t\t\t\t<\/div>\n\t\t\t\t<\/div>\n\t\t\t\t\t<\/div>\n\t\t<\/div>\n\t\t\t\t\t<\/div>\n\t\t<\/section>\n\t\t\t\t<section class=\"elementor-section elementor-top-section elementor-element elementor-element-f412e95 elementor-reverse-tablet elementor-reverse-mobile content-width elementor-section-boxed elementor-section-height-default elementor-section-height-default\" data-id=\"f412e95\" data-element_type=\"section\">\n\t\t\t\t\t\t<div class=\"elementor-container elementor-column-gap-wider\">\n\t\t\t\t\t<div class=\"elementor-column elementor-col-100 elementor-top-column elementor-element elementor-element-3c0f567\" data-id=\"3c0f567\" data-element_type=\"column\">\n\t\t\t<div class=\"elementor-widget-wrap elementor-element-populated\">\n\t\t\t\t\t\t<div class=\"elementor-element elementor-element-3395505 elementor-widget elementor-widget-text-editor\" data-id=\"3395505\" data-element_type=\"widget\" data-widget_type=\"text-editor.default\">\n\t\t\t\t<div class=\"elementor-widget-container\">\n\t\t\t\t\t\t\t\t\t<p>Jako nowoczesna firma rodzinna, Grupa G\u00f6tz gwarantuje swoim pracownikom perspektywiczn\u0105 prac\u0119 w rodzinnej atmosferze. Potrzebujemy ludzi takich jak ty.<\/p>\n\t\t\t\t\t\t\t\t<\/div>\n\t\t\t\t<\/div>\n\t\t\t\t<div class=\"elementor-element elementor-element-a54e29b elementor-widget elementor-widget-text-editor\" data-id=\"a54e29b\" data-element_type=\"widget\" data-widget_type=\"text-editor.default\">\n\t\t\t\t<div class=\"elementor-widget-container\">\n\t\t\t\t\t\t\t\t\t<p>Dzi\u0119ki naszemu bogatemu portfolio us\u0142ug mo\u017cemy zaoferowa\u0107 Pa\u0144stwu szerok\u0105 gam\u0119 wakat\u00f3w. Ciekawe zadania czekaj\u0105 na Ciebie zar\u00f3wno w obszarze handlowym, jak i manualnym oraz technicznym. Zosta\u0144 cz\u0119\u015bci\u0105 naszej rodziny G\u00f6tz!<\/p>\n\t\t\t\t\t\t\t\t<\/div>\n\t\t\t\t<\/div>\n\t\t\t\t<div class=\"elementor-element elementor-element-384b7b1 elementor-widget elementor-widget-button\" data-id=\"384b7b1\" data-element_type=\"widget\" data-widget_type=\"button.default\">\n\t\t\t\t<div class=\"elementor-widget-container\">\n\t\t\t\t\t\t\t\t\t<div class=\"elementor-button-wrapper\">\n\t\t\t\t\t<a class=\"elementor-button elementor-button-link elementor-size-sm\" href=\"tel:0048%2071%2034234-68\" target=\"_blank\">\n\t\t\t\t\t\t<span class=\"elementor-button-content-wrapper\">\n\t\t\t\t\t\t<span class=\"elementor-button-icon\">\n\t\t\t\t<i aria-hidden=\"true\" class=\"fas fa-phone-alt\"><\/i>\t\t\t<\/span>\n\t\t\t\t\t\t\t\t\t<span class=\"elementor-button-text\">+48 71 34234-68<\/span>\n\t\t\t\t\t<\/span>\n\t\t\t\t\t<\/a>\n\t\t\t\t<\/div>\n\t\t\t\t\t\t\t\t<\/div>\n\t\t\t\t<\/div>\n\t\t\t\t<div class=\"elementor-element elementor-element-200fe67 elementor-widget elementor-widget-button\" data-id=\"200fe67\" data-element_type=\"widget\" data-widget_type=\"button.default\">\n\t\t\t\t<div class=\"elementor-widget-container\">\n\t\t\t\t\t\t\t\t\t<div class=\"elementor-button-wrapper\">\n\t\t\t\t\t<a class=\"elementor-button elementor-button-link elementor-size-sm\" href=\"mailto:biurowroclaw@goetz-fm.com\" target=\"_blank\">\n\t\t\t\t\t\t<span class=\"elementor-button-content-wrapper\">\n\t\t\t\t\t\t<span class=\"elementor-button-icon\">\n\t\t\t\t<i aria-hidden=\"true\" class=\"fas fa-mail-bulk\"><\/i>\t\t\t<\/span>\n\t\t\t\t\t\t\t\t\t<span class=\"elementor-button-text\">biurowroclaw@goetz-fm.com<\/span>\n\t\t\t\t\t<\/span>\n\t\t\t\t\t<\/a>\n\t\t\t\t<\/div>\n\t\t\t\t\t\t\t\t<\/div>\n\t\t\t\t<\/div>\n\t\t\t\t\t<\/div>\n\t\t<\/div>\n\t\t\t\t\t<\/div>\n\t\t<\/section>\n\t\t\t\t<\/div>\n\t\t","protected":false},"excerpt":{"rendered":"<p>Praca w Grupie G\u00f6tz Jako nowoczesna firma rodzinna, Grupa G\u00f6tz gwarantuje swoim pracownikom perspektywiczn\u0105 prac\u0119 w rodzinnej atmosferze. Potrzebujemy ludzi takich jak ty. Dzi\u0119ki naszemu bogatemu portfolio us\u0142ug mo\u017cemy zaoferowa\u0107 Pa\u0144stwu szerok\u0105 gam\u0119 wakat\u00f3w. Ciekawe zadania czekaj\u0105 na Ciebie zar\u00f3wno w obszarze handlowym, jak i manualnym oraz technicznym. Zosta\u0144 cz\u0119\u015bci\u0105 naszej rodziny G\u00f6tz! +48 71 [&hellip;]<\/p>\n","protected":false},"author":1,"featured_media":0,"parent":5649,"menu_order":0,"comment_status":"closed","ping_status":"closed","template":"","meta":{"_acf_changed":false,"footnotes":""},"class_list":["post-5614","page","type-page","status-publish","hentry"],"acf":[],"yoast_head":"<!-- This site is optimized with the Yoast SEO plugin v25.8 - https:\/\/yoast.com\/wordpress\/plugins\/seo\/ -->\n<title>Praca - G\u00f6tz-Gruppe<\/title>\n<meta name=\"description\" content=\"Offene Stellen bei der G\u00f6tz-Gruppe. Jetzt auf unsere vielseitigen Berufsangebote bewerben! Wir haben den Job f\u00fcr Sie.\" \/>\n<meta name=\"robots\" content=\"index, follow, max-snippet:-1, max-image-preview:large, max-video-preview:-1\" \/>\n<link rel=\"canonical\" href=\"https:\/\/goetz-fm.seitenwind-www.com\/pl\/kariera-w-goetz\/praca\/\" \/>\n<meta property=\"og:locale\" content=\"pl_PL\" \/>\n<meta property=\"og:type\" content=\"article\" \/>\n<meta property=\"og:title\" content=\"Praca - G\u00f6tz-Gruppe\" \/>\n<meta property=\"og:description\" content=\"Offene Stellen bei der G\u00f6tz-Gruppe. Jetzt auf unsere vielseitigen Berufsangebote bewerben! Wir haben den Job f\u00fcr Sie.\" \/>\n<meta property=\"og:url\" content=\"https:\/\/goetz-fm.seitenwind-www.com\/pl\/kariera-w-goetz\/praca\/\" \/>\n<meta property=\"og:site_name\" content=\"G\u00f6tz-Gruppe\" \/>\n<meta property=\"article:modified_time\" content=\"2023-03-21T14:46:21+00:00\" \/>\n<meta name=\"twitter:card\" content=\"summary_large_image\" \/>\n<meta name=\"twitter:label1\" content=\"Szacowany czas czytania\" \/>\n\t<meta name=\"twitter:data1\" content=\"1 minuta\" \/>\n<script type=\"application\/ld+json\" class=\"yoast-schema-graph\">{\"@context\":\"https:\/\/schema.org\",\"@graph\":[{\"@type\":\"WebPage\",\"@id\":\"https:\/\/goetz-fm.seitenwind-www.com\/pl\/kariera-w-goetz\/praca\/\",\"url\":\"https:\/\/goetz-fm.seitenwind-www.com\/pl\/kariera-w-goetz\/praca\/\",\"name\":\"Praca - G\u00f6tz-Gruppe\",\"isPartOf\":{\"@id\":\"https:\/\/goetz-fm.seitenwind-www.com\/pl\/#website\"},\"datePublished\":\"2022-03-30T09:14:43+00:00\",\"dateModified\":\"2023-03-21T14:46:21+00:00\",\"description\":\"Offene Stellen bei der G\u00f6tz-Gruppe. Jetzt auf unsere vielseitigen Berufsangebote bewerben! Wir haben den Job f\u00fcr Sie.\",\"breadcrumb\":{\"@id\":\"https:\/\/goetz-fm.seitenwind-www.com\/pl\/kariera-w-goetz\/praca\/#breadcrumb\"},\"inLanguage\":\"pl-PL\",\"potentialAction\":[{\"@type\":\"ReadAction\",\"target\":[\"https:\/\/goetz-fm.seitenwind-www.com\/pl\/kariera-w-goetz\/praca\/\"]}]},{\"@type\":\"BreadcrumbList\",\"@id\":\"https:\/\/goetz-fm.seitenwind-www.com\/pl\/kariera-w-goetz\/praca\/#breadcrumb\",\"itemListElement\":[{\"@type\":\"ListItem\",\"position\":1,\"name\":\"Home\",\"item\":\"https:\/\/goetz-fm.seitenwind-www.com\/pl\/\"},{\"@type\":\"ListItem\",\"position\":2,\"name\":\"Kariera w G\u00f6tz\",\"item\":\"https:\/\/goetz-fm.seitenwind-www.com\/pl\/karriere-bei-goetz\/\"},{\"@type\":\"ListItem\",\"position\":3,\"name\":\"Praca\"}]},{\"@type\":\"WebSite\",\"@id\":\"https:\/\/goetz-fm.seitenwind-www.com\/pl\/#website\",\"url\":\"https:\/\/goetz-fm.seitenwind-www.com\/pl\/\",\"name\":\"G\u00f6tz-Gruppe\",\"description\":\"Quality Services\",\"publisher\":{\"@id\":\"https:\/\/goetz-fm.seitenwind-www.com\/pl\/#organization\"},\"potentialAction\":[{\"@type\":\"SearchAction\",\"target\":{\"@type\":\"EntryPoint\",\"urlTemplate\":\"https:\/\/goetz-fm.seitenwind-www.com\/pl\/?s={search_term_string}\"},\"query-input\":{\"@type\":\"PropertyValueSpecification\",\"valueRequired\":true,\"valueName\":\"search_term_string\"}}],\"inLanguage\":\"pl-PL\"},{\"@type\":\"Organization\",\"@id\":\"https:\/\/goetz-fm.seitenwind-www.com\/pl\/#organization\",\"name\":\"G\u00f6tz-Management-Holding AG\",\"url\":\"https:\/\/goetz-fm.seitenwind-www.com\/pl\/\",\"logo\":{\"@type\":\"ImageObject\",\"inLanguage\":\"pl-PL\",\"@id\":\"https:\/\/goetz-fm.seitenwind-www.com\/pl\/#\/schema\/logo\/image\/\",\"url\":\"https:\/\/goetz-fm.seitenwind-www.com\/wp-content\/uploads\/goetz_logo.svg\",\"contentUrl\":\"https:\/\/goetz-fm.seitenwind-www.com\/wp-content\/uploads\/goetz_logo.svg\",\"width\":1098,\"height\":436,\"caption\":\"G\u00f6tz-Management-Holding AG\"},\"image\":{\"@id\":\"https:\/\/goetz-fm.seitenwind-www.com\/pl\/#\/schema\/logo\/image\/\"}}]}<\/script>\n<!-- \/ Yoast SEO plugin. -->","yoast_head_json":{"title":"Praca - G\u00f6tz-Gruppe","description":"Offene Stellen bei der G\u00f6tz-Gruppe. Jetzt auf unsere vielseitigen Berufsangebote bewerben! Wir haben den Job f\u00fcr Sie.","robots":{"index":"index","follow":"follow","max-snippet":"max-snippet:-1","max-image-preview":"max-image-preview:large","max-video-preview":"max-video-preview:-1"},"canonical":"https:\/\/goetz-fm.seitenwind-www.com\/pl\/kariera-w-goetz\/praca\/","og_locale":"pl_PL","og_type":"article","og_title":"Praca - G\u00f6tz-Gruppe","og_description":"Offene Stellen bei der G\u00f6tz-Gruppe. Jetzt auf unsere vielseitigen Berufsangebote bewerben! Wir haben den Job f\u00fcr Sie.","og_url":"https:\/\/goetz-fm.seitenwind-www.com\/pl\/kariera-w-goetz\/praca\/","og_site_name":"G\u00f6tz-Gruppe","article_modified_time":"2023-03-21T14:46:21+00:00","twitter_card":"summary_large_image","twitter_misc":{"Szacowany czas czytania":"1 minuta"},"schema":{"@context":"https:\/\/schema.org","@graph":[{"@type":"WebPage","@id":"https:\/\/goetz-fm.seitenwind-www.com\/pl\/kariera-w-goetz\/praca\/","url":"https:\/\/goetz-fm.seitenwind-www.com\/pl\/kariera-w-goetz\/praca\/","name":"Praca - G\u00f6tz-Gruppe","isPartOf":{"@id":"https:\/\/goetz-fm.seitenwind-www.com\/pl\/#website"},"datePublished":"2022-03-30T09:14:43+00:00","dateModified":"2023-03-21T14:46:21+00:00","description":"Offene Stellen bei der G\u00f6tz-Gruppe. Jetzt auf unsere vielseitigen Berufsangebote bewerben! Wir haben den Job f\u00fcr Sie.","breadcrumb":{"@id":"https:\/\/goetz-fm.seitenwind-www.com\/pl\/kariera-w-goetz\/praca\/#breadcrumb"},"inLanguage":"pl-PL","potentialAction":[{"@type":"ReadAction","target":["https:\/\/goetz-fm.seitenwind-www.com\/pl\/kariera-w-goetz\/praca\/"]}]},{"@type":"BreadcrumbList","@id":"https:\/\/goetz-fm.seitenwind-www.com\/pl\/kariera-w-goetz\/praca\/#breadcrumb","itemListElement":[{"@type":"ListItem","position":1,"name":"Home","item":"https:\/\/goetz-fm.seitenwind-www.com\/pl\/"},{"@type":"ListItem","position":2,"name":"Kariera w G\u00f6tz","item":"https:\/\/goetz-fm.seitenwind-www.com\/pl\/karriere-bei-goetz\/"},{"@type":"ListItem","position":3,"name":"Praca"}]},{"@type":"WebSite","@id":"https:\/\/goetz-fm.seitenwind-www.com\/pl\/#website","url":"https:\/\/goetz-fm.seitenwind-www.com\/pl\/","name":"G\u00f6tz-Gruppe","description":"Quality Services","publisher":{"@id":"https:\/\/goetz-fm.seitenwind-www.com\/pl\/#organization"},"potentialAction":[{"@type":"SearchAction","target":{"@type":"EntryPoint","urlTemplate":"https:\/\/goetz-fm.seitenwind-www.com\/pl\/?s={search_term_string}"},"query-input":{"@type":"PropertyValueSpecification","valueRequired":true,"valueName":"search_term_string"}}],"inLanguage":"pl-PL"},{"@type":"Organization","@id":"https:\/\/goetz-fm.seitenwind-www.com\/pl\/#organization","name":"G\u00f6tz-Management-Holding AG","url":"https:\/\/goetz-fm.seitenwind-www.com\/pl\/","logo":{"@type":"ImageObject","inLanguage":"pl-PL","@id":"https:\/\/goetz-fm.seitenwind-www.com\/pl\/#\/schema\/logo\/image\/","url":"https:\/\/goetz-fm.seitenwind-www.com\/wp-content\/uploads\/goetz_logo.svg","contentUrl":"https:\/\/goetz-fm.seitenwind-www.com\/wp-content\/uploads\/goetz_logo.svg","width":1098,"height":436,"caption":"G\u00f6tz-Management-Holding AG"},"image":{"@id":"https:\/\/goetz-fm.seitenwind-www.com\/pl\/#\/schema\/logo\/image\/"}}]}},"_links":{"self":[{"href":"https:\/\/goetz-fm.seitenwind-www.com\/pl\/wp-json\/wp\/v2\/pages\/5614","targetHints":{"allow":["GET"]}}],"collection":[{"href":"https:\/\/goetz-fm.seitenwind-www.com\/pl\/wp-json\/wp\/v2\/pages"}],"about":[{"href":"https:\/\/goetz-fm.seitenwind-www.com\/pl\/wp-json\/wp\/v2\/types\/page"}],"author":[{"embeddable":true,"href":"https:\/\/goetz-fm.seitenwind-www.com\/pl\/wp-json\/wp\/v2\/users\/1"}],"replies":[{"embeddable":true,"href":"https:\/\/goetz-fm.seitenwind-www.com\/pl\/wp-json\/wp\/v2\/comments?post=5614"}],"version-history":[{"count":10,"href":"https:\/\/goetz-fm.seitenwind-www.com\/pl\/wp-json\/wp\/v2\/pages\/5614\/revisions"}],"predecessor-version":[{"id":6796,"href":"https:\/\/goetz-fm.seitenwind-www.com\/pl\/wp-json\/wp\/v2\/pages\/5614\/revisions\/6796"}],"up":[{"embeddable":true,"href":"https:\/\/goetz-fm.seitenwind-www.com\/pl\/wp-json\/wp\/v2\/pages\/5649"}],"wp:attachment":[{"href":"https:\/\/goetz-fm.seitenwind-www.com\/pl\/wp-json\/wp\/v2\/media?parent=5614"}],"curies":[{"name":"wp","href":"https:\/\/api.w.org\/{rel}","templated":true}]}}