{"id":5612,"date":"2021-12-07T14:11:56","date_gmt":"2021-12-07T13:11:56","guid":{"rendered":"https:\/\/goetz-fm.seitenwind-www.com\/trwalosc\/"},"modified":"2023-03-20T09:38:01","modified_gmt":"2023-03-20T08:38:01","slug":"trwalosc","status":"publish","type":"page","link":"https:\/\/goetz-fm.seitenwind-www.com\/pl\/trwalosc\/","title":{"rendered":"Trwa\u0142o\u015b\u0107"},"content":{"rendered":"\t\t<div data-elementor-type=\"wp-page\" data-elementor-id=\"5612\" class=\"elementor elementor-5612 elementor-204\" data-elementor-post-type=\"page\">\n\t\t\t\t\t\t<section class=\"elementor-section elementor-top-section elementor-element elementor-element-23e99b4 elementor-section-height-min-height elementor-section-items-bottom elementor-section-boxed elementor-section-height-default\" data-id=\"23e99b4\" data-element_type=\"section\" data-settings=\"{&quot;background_background&quot;:&quot;classic&quot;}\">\n\t\t\t\t\t\t<div class=\"elementor-container elementor-column-gap-default\">\n\t\t\t\t\t<div class=\"elementor-column elementor-col-100 elementor-top-column elementor-element elementor-element-afd8af5\" data-id=\"afd8af5\" data-element_type=\"column\">\n\t\t\t<div class=\"elementor-widget-wrap\">\n\t\t\t\t\t\t\t<\/div>\n\t\t<\/div>\n\t\t\t\t\t<\/div>\n\t\t<\/section>\n\t\t\t\t<section class=\"elementor-section elementor-top-section elementor-element elementor-element-05806fb elementor-section-boxed elementor-section-height-default elementor-section-height-default\" data-id=\"05806fb\" data-element_type=\"section\">\n\t\t\t\t\t\t<div class=\"elementor-container elementor-column-gap-wider\">\n\t\t\t\t\t<div class=\"elementor-column elementor-col-100 elementor-top-column elementor-element elementor-element-6146cc2\" data-id=\"6146cc2\" data-element_type=\"column\">\n\t\t\t<div class=\"elementor-widget-wrap elementor-element-populated\">\n\t\t\t\t\t\t<div class=\"elementor-element elementor-element-b05347a elementor-widget elementor-widget-breadcrumbs\" data-id=\"b05347a\" data-element_type=\"widget\" data-widget_type=\"breadcrumbs.default\">\n\t\t\t\t<div class=\"elementor-widget-container\">\n\t\t\t\t\t<p id=\"breadcrumbs\"><span><span><a href=\"https:\/\/goetz-fm.seitenwind-www.com\/pl\/\">Home<\/a><\/span><\/span><\/p>\t\t\t\t<\/div>\n\t\t\t\t<\/div>\n\t\t\t\t<div class=\"elementor-element elementor-element-8550bca elementor-widget elementor-widget-heading\" data-id=\"8550bca\" data-element_type=\"widget\" data-widget_type=\"heading.default\">\n\t\t\t\t<div class=\"elementor-widget-container\">\n\t\t\t\t\t<h1 class=\"elementor-heading-title elementor-size-default\">Trwa\u0142o\u015b\u0107<\/h1>\t\t\t\t<\/div>\n\t\t\t\t<\/div>\n\t\t\t\t\t<\/div>\n\t\t<\/div>\n\t\t\t\t\t<\/div>\n\t\t<\/section>\n\t\t\t\t<section class=\"elementor-section elementor-top-section elementor-element elementor-element-f721d73 elementor-reverse-tablet elementor-reverse-mobile elementor-section-boxed elementor-section-height-default elementor-section-height-default\" data-id=\"f721d73\" data-element_type=\"section\">\n\t\t\t\t\t\t<div class=\"elementor-container elementor-column-gap-wider\">\n\t\t\t\t\t<div class=\"elementor-column elementor-col-50 elementor-top-column elementor-element elementor-element-2b44f06\" data-id=\"2b44f06\" data-element_type=\"column\">\n\t\t\t<div class=\"elementor-widget-wrap elementor-element-populated\">\n\t\t\t\t\t\t<div class=\"elementor-element elementor-element-1d74bb8 elementor-widget elementor-widget-text-editor\" data-id=\"1d74bb8\" data-element_type=\"widget\" data-widget_type=\"text-editor.default\">\n\t\t\t\t<div class=\"elementor-widget-container\">\n\t\t\t\t\t\t\t\t\t<p>Dla firmyrodzinnej, kt\u00f3ra zosta\u0142a ju\u017c przekazana trzeciemu pokoleniu, zr\u00f3wnowa\u017cone, zorientowane na przysz\u0142o\u015b\u0107 zarz\u0105dzanie i ten sam spos\u00f3b post\u0119powania z pracownikami, klientami i partnerami odgrywaj\u0105 szczeg\u00f3lnie wa\u017cn\u0105 rol\u0119. W firmie G\u00f6tz zr\u00f3wnowa\u017cony rozw\u00f3j znajduje odzwierciedlenie w codziennych dzia\u0142aniach i fundamentalnym podej\u015bciu do ludzi i \u015brodowiska.<\/p>\n\t\t\t\t\t\t\t\t<\/div>\n\t\t\t\t<\/div>\n\t\t\t\t<div class=\"elementor-element elementor-element-91faf74 elementor-widget elementor-widget-text-editor\" data-id=\"91faf74\" data-element_type=\"widget\" data-widget_type=\"text-editor.default\">\n\t\t\t\t<div class=\"elementor-widget-container\">\n\t\t\t\t\t\t\t\t\t<p>G\u00f6tz wspiera wiele projekt\u00f3w charytatywnych i spo\u0142ecznych. Ale bardzo wa\u017cne s\u0105 dla nas r\u00f3wnie\u017c aspekty ekologiczne i ekonomiczne. Wszystkie trzy obszary s\u0105 zatem mocno zakotwiczone w naszych warto\u015bciach korporacyjnych.<\/p>\n\t\t\t\t\t\t\t\t<\/div>\n\t\t\t\t<\/div>\n\t\t\t\t\t<\/div>\n\t\t<\/div>\n\t\t\t\t<div class=\"elementor-column elementor-col-50 elementor-top-column elementor-element elementor-element-d90deaa\" data-id=\"d90deaa\" data-element_type=\"column\">\n\t\t\t<div class=\"elementor-widget-wrap elementor-element-populated\">\n\t\t\t\t\t\t<div class=\"elementor-element elementor-element-c12be91 elementor-widget elementor-widget-shortcode\" data-id=\"c12be91\" data-element_type=\"widget\" data-widget_type=\"shortcode.default\">\n\t\t\t\t<div class=\"elementor-widget-container\">\n\t\t\t\t\t\t\t<div class=\"elementor-shortcode\">\n\t\t<div id=\"toc\" class=\"toc\"><\/div>\n\n\t<\/div>\n\t\t\t\t\t\t<\/div>\n\t\t\t\t<\/div>\n\t\t\t\t\t<\/div>\n\t\t<\/div>\n\t\t\t\t\t<\/div>\n\t\t<\/section>\n\t\t\t\t<section class=\"elementor-section elementor-top-section elementor-element elementor-element-9c0cf7a elementor-section-boxed elementor-section-height-default elementor-section-height-default\" data-id=\"9c0cf7a\" data-element_type=\"section\">\n\t\t\t\t\t\t<div class=\"elementor-container elementor-column-gap-wider\">\n\t\t\t\t\t<div class=\"elementor-column elementor-col-100 elementor-top-column elementor-element elementor-element-012adb2\" data-id=\"012adb2\" data-element_type=\"column\">\n\t\t\t<div class=\"elementor-widget-wrap elementor-element-populated\">\n\t\t\t\t\t\t<div class=\"elementor-element elementor-element-3be6e94 elementor-widget elementor-widget-heading\" data-id=\"3be6e94\" data-element_type=\"widget\" data-widget_type=\"heading.default\">\n\t\t\t\t<div class=\"elementor-widget-container\">\n\t\t\t\t\t<h2 class=\"elementor-heading-title elementor-size-default\">Odpowiedzialno\u015b\u0107 spo\u0142eczna<\/h2>\t\t\t\t<\/div>\n\t\t\t\t<\/div>\n\t\t\t\t<div class=\"elementor-element elementor-element-a823752 elementor-widget elementor-widget-heading\" data-id=\"a823752\" data-element_type=\"widget\" data-widget_type=\"heading.default\">\n\t\t\t\t<div class=\"elementor-widget-container\">\n\t\t\t\t\t<h3 class=\"elementor-heading-title elementor-size-default\">Co jest dla nas wa\u017cne<\/h3>\t\t\t\t<\/div>\n\t\t\t\t<\/div>\n\t\t\t\t<div class=\"elementor-element elementor-element-b9f9425 elementor-widget elementor-widget-text-editor\" data-id=\"b9f9425\" data-element_type=\"widget\" data-widget_type=\"text-editor.default\">\n\t\t\t\t<div class=\"elementor-widget-container\">\n\t\t\t\t\t\t\t\t\t<p>Aktywnie ponosimy odpowiedzialno\u015b\u0107 spo\u0142eczn\u0105, dlatego wspieramy liczne projekty spo\u0142eczne.<\/p><p>Akcja &#8222;Choinka \u017cycze\u0144&#8221; to ju\u017c tradycja. Sprawiamy, \u017ce dzieciom zapalaj\u0105 si\u0119 oczy, spe\u0142niaj\u0105c ich \u015bwi\u0105teczne \u017cyczenia. W ubieg\u0142ych latach obdarowali\u015bmy prezentami dzieci z domu dziecka w Kallm\u00fcnz, a w 2021 roku obdarujemy r\u00f3wnie\u017c dzieci z domu Thomasa Wisera i domu dziecka Burgst\u00e4dt w Chemnitz.<\/p><p>Wspieramy r\u00f3wnie\u017c darowiznami r\u00f3\u017cne instytucje spo\u0142eczne, takie jak \u015bwietlice dla dzieci, warsztaty dla niepe\u0142nosprawnych czy stowarzyszenia charytatywne.<\/p><p>Ale nasi pracownicy s\u0105 r\u00f3wnie\u017c wyra\u017anie przedmiotem naszej odpowiedzialno\u015bci spo\u0142ecznej. Obejmuje to uczciw\u0105, pe\u0142n\u0105 szacunku interakcj\u0119 w rodzinnej atmosferze i \u201epolityk\u0119 otwartych drzwi\u201d.<\/p><p>Indywidualnie promujemy talenty naszych pracownik\u00f3w poprzez szkolenia i dalsze mo\u017cliwo\u015bci kszta\u0142cenia oraz otwieramy mo\u017cliwo\u015bci dalszej kariery w naszej firmie.<\/p><p>Jeste\u015bmy r\u00f3wnie\u017c dumni z udanej integracji naszych pracownik\u00f3w z ponad 100 narodowo\u015bci.<\/p>\t\t\t\t\t\t\t\t<\/div>\n\t\t\t\t<\/div>\n\t\t\t\t\t<\/div>\n\t\t<\/div>\n\t\t\t\t\t<\/div>\n\t\t<\/section>\n\t\t\t\t<section class=\"elementor-section elementor-top-section elementor-element elementor-element-925ac09  has-bg elementor-section-boxed elementor-section-height-default elementor-section-height-default\" data-id=\"925ac09\" data-element_type=\"section\" data-settings=\"{&quot;background_background&quot;:&quot;classic&quot;}\">\n\t\t\t\t\t\t<div class=\"elementor-container elementor-column-gap-wider\">\n\t\t\t\t\t<div class=\"elementor-column elementor-col-100 elementor-top-column elementor-element elementor-element-339d82d\" data-id=\"339d82d\" data-element_type=\"column\">\n\t\t\t<div class=\"elementor-widget-wrap elementor-element-populated\">\n\t\t\t\t\t\t<div class=\"elementor-element elementor-element-d3c95ce elementor-widget elementor-widget-heading\" data-id=\"d3c95ce\" data-element_type=\"widget\" data-widget_type=\"heading.default\">\n\t\t\t\t<div class=\"elementor-widget-container\">\n\t\t\t\t\t<h2 class=\"elementor-heading-title elementor-size-default\">Odpowiedzialno\u015b\u0107 ekologiczna<\/h2>\t\t\t\t<\/div>\n\t\t\t\t<\/div>\n\t\t\t\t<div class=\"elementor-element elementor-element-1a6dd7f elementor-widget elementor-widget-heading\" data-id=\"1a6dd7f\" data-element_type=\"widget\" data-widget_type=\"heading.default\">\n\t\t\t\t<div class=\"elementor-widget-container\">\n\t\t\t\t\t<h3 class=\"elementor-heading-title elementor-size-default\">Pionier w ochronie \u015brodowiska<\/h3>\t\t\t\t<\/div>\n\t\t\t\t<\/div>\n\t\t\t\t<div class=\"elementor-element elementor-element-0f4e938 elementor-widget elementor-widget-text-editor\" data-id=\"0f4e938\" data-element_type=\"widget\" data-widget_type=\"text-editor.default\">\n\t\t\t\t<div class=\"elementor-widget-container\">\n\t\t\t\t\t\t\t\t\t<p>Ju\u017c w 1996 roku jako pierwsza firma sprz\u0105taj\u0105ca w Niemczech wdro\u017cyli\u015bmy w\u0142asny system zarz\u0105dzania \u015brodowiskiem i otrzymali\u015bmy certyfikat zgodny z norm\u0105 DIN EN ISO 14001 (obecnie DIN EN ISO 14001:2015). Od 2018 roku do naszego zintegrowanego systemu zarz\u0105dzania dodali\u015bmy zarz\u0105dzanie energi\u0105, a od listopada 2018 roku posiadamy certyfikat DIN EN ISO 50001:2011. Dzi\u015b czujemy si\u0119 bardziej ni\u017c kiedykolwiek zaanga\u017cowani w ochron\u0119 \u015brodowiska. W ten spos\u00f3b zapewniamy trwa\u0142e bezpiecze\u0144stwo organizacyjne poprzez precyzyjne okre\u015blenie wszystkich zada\u0144 do wykonania z odpowiednimi kompetencjami, obowi\u0105zkami i terminami.<\/p><p>Innym wa\u017cnym aspektem naszego programu ochrony \u015brodowiska jest ci\u0105g\u0142y przegl\u0105d wszystkich proces\u00f3w roboczych i u\u017cywanych produkt\u00f3w lub maszyn pod k\u0105tem ich efektywno\u015bci energetycznej i innych wp\u0142yw\u00f3w na \u015brodowisko i energi\u0119 oraz, je\u015bli to konieczne, ich optymalizacji.<\/p><p>Na odpowiednich szkoleniach nasi pracownicy s\u0105 intensywnie szkoleni w zakresie wdra\u017cania zdobytej wiedzy i stosowania bardziej \u015bwiadomych ekologicznie<\/p><p>oraz oszcz\u0119dnego i \u015bwiadomego wykorzystania energii. Poniewa\u017c dla nas jako\u015b\u0107 oznacza nie tylko spe\u0142nienie uzgodnionych wymaga\u0144 i dotrzymanie termin\u00f3w, ale tak\u017ce ostro\u017cne obchodzenie si\u0119 ze \u015brodowiskiem i zasobami energii.<\/p><p>\u201eW dziedzinie ochrony \u015brodowiska Grupa G\u00f6tz jest r\u00f3wnie\u017c cz\u0142onkiem Bawarskiego Paktu Ochrony \u015arodowiska i specjalistyczn\u0105 firm\u0105 zgodnie z \u00a7 19 I WHG\u201d.<\/p><p>Redukcja emisji z floty pojazd\u00f3w jest dla Grupy G\u00f6tz priorytetem. Z tego powodu wpisuje si\u0119 r\u00f3wnie\u017c w cele korporacyjne na 2022 r. oraz roczny przegl\u0105d zarz\u0105dzania. Planowane jest dalsze promowanie elektromobilno\u015bci w G\u00f6tz. Oczekuje si\u0119, \u017ce do 2025 r. udzia\u0142 pojazd\u00f3w zelektryfikowanych i czysto elektrycznych wzro\u015bnie do 35% ca\u0142ej floty pojazd\u00f3w.<\/p>\t\t\t\t\t\t\t\t<\/div>\n\t\t\t\t<\/div>\n\t\t\t\t\t<\/div>\n\t\t<\/div>\n\t\t\t\t\t<\/div>\n\t\t<\/section>\n\t\t\t\t<section class=\"elementor-section elementor-top-section elementor-element elementor-element-7c97022 content-width elementor-section-boxed elementor-section-height-default elementor-section-height-default\" data-id=\"7c97022\" data-element_type=\"section\">\n\t\t\t\t\t\t<div class=\"elementor-container elementor-column-gap-wider\">\n\t\t\t\t\t<div class=\"elementor-column elementor-col-100 elementor-top-column elementor-element elementor-element-ea80918\" data-id=\"ea80918\" data-element_type=\"column\">\n\t\t\t<div class=\"elementor-widget-wrap elementor-element-populated\">\n\t\t\t\t\t\t<div class=\"elementor-element elementor-element-9051d20 elementor-widget elementor-widget-heading\" data-id=\"9051d20\" data-element_type=\"widget\" data-widget_type=\"heading.default\">\n\t\t\t\t<div class=\"elementor-widget-container\">\n\t\t\t\t\t<h2 class=\"elementor-heading-title elementor-size-default\">Odpowiedzialno\u015b\u0107 ekonomiczna<\/h2>\t\t\t\t<\/div>\n\t\t\t\t<\/div>\n\t\t\t\t<div class=\"elementor-element elementor-element-38b49c8 elementor-widget elementor-widget-heading\" data-id=\"38b49c8\" data-element_type=\"widget\" data-widget_type=\"heading.default\">\n\t\t\t\t<div class=\"elementor-widget-container\">\n\t\t\t\t\t<h3 class=\"elementor-heading-title elementor-size-default\">Sukces i odpowiedzialno\u015b\u0107 id\u0105 w parze<\/h3>\t\t\t\t<\/div>\n\t\t\t\t<\/div>\n\t\t\t\t<div class=\"elementor-element elementor-element-ecafdc8 elementor-widget elementor-widget-text-editor\" data-id=\"ecafdc8\" data-element_type=\"widget\" data-widget_type=\"text-editor.default\">\n\t\t\t\t<div class=\"elementor-widget-container\">\n\t\t\t\t\t\t\t\t\t<p>Uwa\u017camy, \u017ce wysoki poziom jako\u015bci i \u015bwiadomo\u015bci ekologicznej zapewnia sukces gospodarczy i umo\u017cliwia stabilny wzrost. Konkretnie oznacza to, \u017ce zapewniamy naszym klientom wysoki poziom jako\u015bci i przejrzysto\u015bci. To w\u0142a\u015bnie reprezentujemy naszym logo. W ten spos\u00f3b tworzymy bezpieczne miejsca pracy i jeste\u015bmy niezawodnym partnerem dla naszych klient\u00f3w i pracownik\u00f3w.<\/p><p class=\"p1\">Dla nas cyfryzacja nie jest projektem, ale rzeczywisto\u015bci\u0105. Realizuj\u0105c j\u0105 w grupie przedsi\u0119biorstw, zawsze bierzemy pod uwag\u0119 odpowiedzialno\u015b\u0107 w wymiarze ekologicznym, ekonomicznym i spo\u0142ecznym.<\/p>\t\t\t\t\t\t\t\t<\/div>\n\t\t\t\t<\/div>\n\t\t\t\t\t<\/div>\n\t\t<\/div>\n\t\t\t\t\t<\/div>\n\t\t<\/section>\n\t\t\t\t<\/div>\n\t\t","protected":false},"excerpt":{"rendered":"<p>Dla firmyrodzinnej, kt\u00f3ra zosta\u0142a ju\u017c przekazana trzeciemu pokoleniu, zr\u00f3wnowa\u017cone, zorientowane na przysz\u0142o\u015b\u0107 zarz\u0105dzanie i ten sam spos\u00f3b post\u0119powania z pracownikami, klientami i partnerami odgrywaj\u0105 szczeg\u00f3lnie wa\u017cn\u0105 rol\u0119. W firmie G\u00f6tz zr\u00f3wnowa\u017cony rozw\u00f3j znajduje odzwierciedlenie w codziennych dzia\u0142aniach i fundamentalnym podej\u015bciu do ludzi i \u015brodowiska. G\u00f6tz wspiera wiele projekt\u00f3w charytatywnych i spo\u0142ecznych. Ale bardzo wa\u017cne s\u0105 [&hellip;]<\/p>\n","protected":false},"author":1,"featured_media":0,"parent":0,"menu_order":0,"comment_status":"closed","ping_status":"closed","template":"","meta":{"_acf_changed":false,"footnotes":""},"class_list":["post-5612","page","type-page","status-publish","hentry"],"acf":[],"yoast_head":"<!-- This site is optimized with the Yoast SEO plugin v25.8 - https:\/\/yoast.com\/wordpress\/plugins\/seo\/ -->\n<title>Trwa\u0142o\u015b\u0107 - G\u00f6tz-Gruppe<\/title>\n<meta name=\"description\" content=\"Ein Arbeitsplatz mit Perspektive in einer famili\u00e4ren Atmosph\u00e4re. G\u00f6tz ist sich seiner sozialen Verantwortung bewusst und nimmt diese wahr.\" \/>\n<meta name=\"robots\" content=\"index, follow, max-snippet:-1, max-image-preview:large, max-video-preview:-1\" \/>\n<link rel=\"canonical\" href=\"https:\/\/goetz-fm.seitenwind-www.com\/pl\/trwalosc\/\" \/>\n<meta property=\"og:locale\" content=\"pl_PL\" \/>\n<meta property=\"og:type\" content=\"article\" \/>\n<meta property=\"og:title\" content=\"Trwa\u0142o\u015b\u0107 - G\u00f6tz-Gruppe\" \/>\n<meta property=\"og:description\" content=\"Ein Arbeitsplatz mit Perspektive in einer famili\u00e4ren Atmosph\u00e4re. G\u00f6tz ist sich seiner sozialen Verantwortung bewusst und nimmt diese wahr.\" \/>\n<meta property=\"og:url\" content=\"https:\/\/goetz-fm.seitenwind-www.com\/pl\/trwalosc\/\" \/>\n<meta property=\"og:site_name\" content=\"G\u00f6tz-Gruppe\" \/>\n<meta property=\"article:modified_time\" content=\"2023-03-20T08:38:01+00:00\" \/>\n<meta name=\"twitter:card\" content=\"summary_large_image\" \/>\n<meta name=\"twitter:label1\" content=\"Szacowany czas czytania\" \/>\n\t<meta name=\"twitter:data1\" content=\"4 minuty\" \/>\n<script type=\"application\/ld+json\" class=\"yoast-schema-graph\">{\"@context\":\"https:\/\/schema.org\",\"@graph\":[{\"@type\":\"WebPage\",\"@id\":\"https:\/\/goetz-fm.seitenwind-www.com\/pl\/trwalosc\/\",\"url\":\"https:\/\/goetz-fm.seitenwind-www.com\/pl\/trwalosc\/\",\"name\":\"Trwa\u0142o\u015b\u0107 - G\u00f6tz-Gruppe\",\"isPartOf\":{\"@id\":\"https:\/\/goetz-fm.seitenwind-www.com\/pl\/#website\"},\"datePublished\":\"2021-12-07T13:11:56+00:00\",\"dateModified\":\"2023-03-20T08:38:01+00:00\",\"description\":\"Ein Arbeitsplatz mit Perspektive in einer famili\u00e4ren Atmosph\u00e4re. G\u00f6tz ist sich seiner sozialen Verantwortung bewusst und nimmt diese wahr.\",\"breadcrumb\":{\"@id\":\"https:\/\/goetz-fm.seitenwind-www.com\/pl\/trwalosc\/#breadcrumb\"},\"inLanguage\":\"pl-PL\",\"potentialAction\":[{\"@type\":\"ReadAction\",\"target\":[\"https:\/\/goetz-fm.seitenwind-www.com\/pl\/trwalosc\/\"]}]},{\"@type\":\"BreadcrumbList\",\"@id\":\"https:\/\/goetz-fm.seitenwind-www.com\/pl\/trwalosc\/#breadcrumb\",\"itemListElement\":[{\"@type\":\"ListItem\",\"position\":1,\"name\":\"Home\",\"item\":\"https:\/\/goetz-fm.seitenwind-www.com\/pl\/\"},{\"@type\":\"ListItem\",\"position\":2,\"name\":\"Trwa\u0142o\u015b\u0107\"}]},{\"@type\":\"WebSite\",\"@id\":\"https:\/\/goetz-fm.seitenwind-www.com\/pl\/#website\",\"url\":\"https:\/\/goetz-fm.seitenwind-www.com\/pl\/\",\"name\":\"G\u00f6tz-Gruppe\",\"description\":\"Quality Services\",\"publisher\":{\"@id\":\"https:\/\/goetz-fm.seitenwind-www.com\/pl\/#organization\"},\"potentialAction\":[{\"@type\":\"SearchAction\",\"target\":{\"@type\":\"EntryPoint\",\"urlTemplate\":\"https:\/\/goetz-fm.seitenwind-www.com\/pl\/?s={search_term_string}\"},\"query-input\":{\"@type\":\"PropertyValueSpecification\",\"valueRequired\":true,\"valueName\":\"search_term_string\"}}],\"inLanguage\":\"pl-PL\"},{\"@type\":\"Organization\",\"@id\":\"https:\/\/goetz-fm.seitenwind-www.com\/pl\/#organization\",\"name\":\"G\u00f6tz-Management-Holding AG\",\"url\":\"https:\/\/goetz-fm.seitenwind-www.com\/pl\/\",\"logo\":{\"@type\":\"ImageObject\",\"inLanguage\":\"pl-PL\",\"@id\":\"https:\/\/goetz-fm.seitenwind-www.com\/pl\/#\/schema\/logo\/image\/\",\"url\":\"https:\/\/goetz-fm.seitenwind-www.com\/wp-content\/uploads\/goetz_logo.svg\",\"contentUrl\":\"https:\/\/goetz-fm.seitenwind-www.com\/wp-content\/uploads\/goetz_logo.svg\",\"width\":1098,\"height\":436,\"caption\":\"G\u00f6tz-Management-Holding AG\"},\"image\":{\"@id\":\"https:\/\/goetz-fm.seitenwind-www.com\/pl\/#\/schema\/logo\/image\/\"}}]}<\/script>\n<!-- \/ Yoast SEO plugin. -->","yoast_head_json":{"title":"Trwa\u0142o\u015b\u0107 - G\u00f6tz-Gruppe","description":"Ein Arbeitsplatz mit Perspektive in einer famili\u00e4ren Atmosph\u00e4re. G\u00f6tz ist sich seiner sozialen Verantwortung bewusst und nimmt diese wahr.","robots":{"index":"index","follow":"follow","max-snippet":"max-snippet:-1","max-image-preview":"max-image-preview:large","max-video-preview":"max-video-preview:-1"},"canonical":"https:\/\/goetz-fm.seitenwind-www.com\/pl\/trwalosc\/","og_locale":"pl_PL","og_type":"article","og_title":"Trwa\u0142o\u015b\u0107 - G\u00f6tz-Gruppe","og_description":"Ein Arbeitsplatz mit Perspektive in einer famili\u00e4ren Atmosph\u00e4re. G\u00f6tz ist sich seiner sozialen Verantwortung bewusst und nimmt diese wahr.","og_url":"https:\/\/goetz-fm.seitenwind-www.com\/pl\/trwalosc\/","og_site_name":"G\u00f6tz-Gruppe","article_modified_time":"2023-03-20T08:38:01+00:00","twitter_card":"summary_large_image","twitter_misc":{"Szacowany czas czytania":"4 minuty"},"schema":{"@context":"https:\/\/schema.org","@graph":[{"@type":"WebPage","@id":"https:\/\/goetz-fm.seitenwind-www.com\/pl\/trwalosc\/","url":"https:\/\/goetz-fm.seitenwind-www.com\/pl\/trwalosc\/","name":"Trwa\u0142o\u015b\u0107 - G\u00f6tz-Gruppe","isPartOf":{"@id":"https:\/\/goetz-fm.seitenwind-www.com\/pl\/#website"},"datePublished":"2021-12-07T13:11:56+00:00","dateModified":"2023-03-20T08:38:01+00:00","description":"Ein Arbeitsplatz mit Perspektive in einer famili\u00e4ren Atmosph\u00e4re. G\u00f6tz ist sich seiner sozialen Verantwortung bewusst und nimmt diese wahr.","breadcrumb":{"@id":"https:\/\/goetz-fm.seitenwind-www.com\/pl\/trwalosc\/#breadcrumb"},"inLanguage":"pl-PL","potentialAction":[{"@type":"ReadAction","target":["https:\/\/goetz-fm.seitenwind-www.com\/pl\/trwalosc\/"]}]},{"@type":"BreadcrumbList","@id":"https:\/\/goetz-fm.seitenwind-www.com\/pl\/trwalosc\/#breadcrumb","itemListElement":[{"@type":"ListItem","position":1,"name":"Home","item":"https:\/\/goetz-fm.seitenwind-www.com\/pl\/"},{"@type":"ListItem","position":2,"name":"Trwa\u0142o\u015b\u0107"}]},{"@type":"WebSite","@id":"https:\/\/goetz-fm.seitenwind-www.com\/pl\/#website","url":"https:\/\/goetz-fm.seitenwind-www.com\/pl\/","name":"G\u00f6tz-Gruppe","description":"Quality Services","publisher":{"@id":"https:\/\/goetz-fm.seitenwind-www.com\/pl\/#organization"},"potentialAction":[{"@type":"SearchAction","target":{"@type":"EntryPoint","urlTemplate":"https:\/\/goetz-fm.seitenwind-www.com\/pl\/?s={search_term_string}"},"query-input":{"@type":"PropertyValueSpecification","valueRequired":true,"valueName":"search_term_string"}}],"inLanguage":"pl-PL"},{"@type":"Organization","@id":"https:\/\/goetz-fm.seitenwind-www.com\/pl\/#organization","name":"G\u00f6tz-Management-Holding AG","url":"https:\/\/goetz-fm.seitenwind-www.com\/pl\/","logo":{"@type":"ImageObject","inLanguage":"pl-PL","@id":"https:\/\/goetz-fm.seitenwind-www.com\/pl\/#\/schema\/logo\/image\/","url":"https:\/\/goetz-fm.seitenwind-www.com\/wp-content\/uploads\/goetz_logo.svg","contentUrl":"https:\/\/goetz-fm.seitenwind-www.com\/wp-content\/uploads\/goetz_logo.svg","width":1098,"height":436,"caption":"G\u00f6tz-Management-Holding AG"},"image":{"@id":"https:\/\/goetz-fm.seitenwind-www.com\/pl\/#\/schema\/logo\/image\/"}}]}},"_links":{"self":[{"href":"https:\/\/goetz-fm.seitenwind-www.com\/pl\/wp-json\/wp\/v2\/pages\/5612","targetHints":{"allow":["GET"]}}],"collection":[{"href":"https:\/\/goetz-fm.seitenwind-www.com\/pl\/wp-json\/wp\/v2\/pages"}],"about":[{"href":"https:\/\/goetz-fm.seitenwind-www.com\/pl\/wp-json\/wp\/v2\/types\/page"}],"author":[{"embeddable":true,"href":"https:\/\/goetz-fm.seitenwind-www.com\/pl\/wp-json\/wp\/v2\/users\/1"}],"replies":[{"embeddable":true,"href":"https:\/\/goetz-fm.seitenwind-www.com\/pl\/wp-json\/wp\/v2\/comments?post=5612"}],"version-history":[{"count":7,"href":"https:\/\/goetz-fm.seitenwind-www.com\/pl\/wp-json\/wp\/v2\/pages\/5612\/revisions"}],"predecessor-version":[{"id":6708,"href":"https:\/\/goetz-fm.seitenwind-www.com\/pl\/wp-json\/wp\/v2\/pages\/5612\/revisions\/6708"}],"wp:attachment":[{"href":"https:\/\/goetz-fm.seitenwind-www.com\/pl\/wp-json\/wp\/v2\/media?parent=5612"}],"curies":[{"name":"wp","href":"https:\/\/api.w.org\/{rel}","templated":true}]}}