{"id":5610,"date":"2021-12-07T14:01:51","date_gmt":"2021-12-07T13:01:51","guid":{"rendered":"https:\/\/goetz-fm.seitenwind-www.com\/uslugi\/"},"modified":"2023-02-16T11:50:20","modified_gmt":"2023-02-16T10:50:20","slug":"uslugi","status":"publish","type":"page","link":"https:\/\/goetz-fm.seitenwind-www.com\/pl\/uslugi\/","title":{"rendered":"Us\u0142ugi"},"content":{"rendered":"\t\t<div data-elementor-type=\"wp-page\" data-elementor-id=\"5610\" class=\"elementor elementor-5610 elementor-196\" data-elementor-post-type=\"page\">\n\t\t\t\t\t\t<section class=\"elementor-section elementor-top-section elementor-element elementor-element-eacecc6 elementor-section-height-min-height elementor-section-items-bottom elementor-section-boxed elementor-section-height-default\" data-id=\"eacecc6\" data-element_type=\"section\" data-settings=\"{&quot;background_background&quot;:&quot;classic&quot;}\">\n\t\t\t\t\t\t<div class=\"elementor-container elementor-column-gap-default\">\n\t\t\t\t\t<div class=\"elementor-column elementor-col-100 elementor-top-column elementor-element elementor-element-c0d2019\" data-id=\"c0d2019\" data-element_type=\"column\">\n\t\t\t<div class=\"elementor-widget-wrap\">\n\t\t\t\t\t\t\t<\/div>\n\t\t<\/div>\n\t\t\t\t\t<\/div>\n\t\t<\/section>\n\t\t\t\t<section class=\"elementor-section elementor-top-section elementor-element elementor-element-1374878 elementor-section-boxed elementor-section-height-default elementor-section-height-default\" data-id=\"1374878\" data-element_type=\"section\">\n\t\t\t\t\t\t<div class=\"elementor-container elementor-column-gap-wider\">\n\t\t\t\t\t<div class=\"elementor-column elementor-col-100 elementor-top-column elementor-element elementor-element-0235ba0\" data-id=\"0235ba0\" data-element_type=\"column\">\n\t\t\t<div class=\"elementor-widget-wrap elementor-element-populated\">\n\t\t\t\t\t\t<div class=\"elementor-element elementor-element-bfb7d95 elementor-widget elementor-widget-breadcrumbs\" data-id=\"bfb7d95\" data-element_type=\"widget\" data-widget_type=\"breadcrumbs.default\">\n\t\t\t\t<div class=\"elementor-widget-container\">\n\t\t\t\t\t<p id=\"breadcrumbs\"><span><span><a href=\"https:\/\/goetz-fm.seitenwind-www.com\/pl\/\">Home<\/a><\/span><\/span><\/p>\t\t\t\t<\/div>\n\t\t\t\t<\/div>\n\t\t\t\t<div class=\"elementor-element elementor-element-2f710e1 elementor-widget elementor-widget-heading\" data-id=\"2f710e1\" data-element_type=\"widget\" data-widget_type=\"heading.default\">\n\t\t\t\t<div class=\"elementor-widget-container\">\n\t\t\t\t\t<h1 class=\"elementor-heading-title elementor-size-default\">Nasze us\u0142ugi<\/h1>\t\t\t\t<\/div>\n\t\t\t\t<\/div>\n\t\t\t\t\t<\/div>\n\t\t<\/div>\n\t\t\t\t\t<\/div>\n\t\t<\/section>\n\t\t\t\t<section class=\"elementor-section elementor-top-section elementor-element elementor-element-c9938e7 elementor-reverse-tablet elementor-reverse-mobile content-width elementor-section-boxed elementor-section-height-default elementor-section-height-default\" data-id=\"c9938e7\" data-element_type=\"section\">\n\t\t\t\t\t\t<div class=\"elementor-container elementor-column-gap-wider\">\n\t\t\t\t\t<div class=\"elementor-column elementor-col-100 elementor-top-column elementor-element elementor-element-97d906e\" data-id=\"97d906e\" data-element_type=\"column\">\n\t\t\t<div class=\"elementor-widget-wrap elementor-element-populated\">\n\t\t\t\t\t\t<div class=\"elementor-element elementor-element-72111a5 elementor-widget elementor-widget-text-editor\" data-id=\"72111a5\" data-element_type=\"widget\" data-widget_type=\"text-editor.default\">\n\t\t\t\t<div class=\"elementor-widget-container\">\n\t\t\t\t\t\t\t\t\t<p>Jako dostawca kompleksowych us\u0142ug, Grupa G\u00f6tz zapewnia profesjonalne us\u0142ugi w zakresie zarz\u0105dzania budynkami infrastrukturalnymi, technicznymi i handlowymi, a tak\u017ce innych rozwi\u0105za\u0144 bran\u017cowych dostosowanych do potrzeb klienta, dzi\u0119ki szerokiemu portfolio.<\/p>\n\t\t\t\t\t\t\t\t<\/div>\n\t\t\t\t<\/div>\n\t\t\t\t<div class=\"elementor-element elementor-element-6ae8951 elementor-widget elementor-widget-text-editor\" data-id=\"6ae8951\" data-element_type=\"widget\" data-widget_type=\"text-editor.default\">\n\t\t\t\t<div class=\"elementor-widget-container\">\n\t\t\t\t\t\t\t\t\t<p>Niezale\u017cnie od tego, czy chodzi o sprz\u0105tanie budynk\u00f3w, klasyczne sprz\u0105tanie konserwacyjne, czyszczenie szk\u0142a, us\u0142ugi ochrony czy us\u0142ugi rzemie\u015blnicze \u2013 w G\u00f6tz wszystkie us\u0142ugi otrzymujesz z jednego \u017ar\u00f3d\u0142a.<\/p>\n<p>W \u015bcis\u0142ym porozumieniu z naszymi klientami opracowujemy rozwi\u0105zania szyte na miar\u0119 i dbamy o wszystkie us\u0142ugi niezb\u0119dne do obs\u0142ugi i zarz\u0105dzania nieruchomo\u015bci\u0105.<\/p>\n\t\t\t\t\t\t\t\t<\/div>\n\t\t\t\t<\/div>\n\t\t\t\t\t<\/div>\n\t\t<\/div>\n\t\t\t\t\t<\/div>\n\t\t<\/section>\n\t\t\t\t<section class=\"elementor-section elementor-top-section elementor-element elementor-element-fae9ce0 elementor-section-boxed elementor-section-height-default elementor-section-height-default\" data-id=\"fae9ce0\" data-element_type=\"section\">\n\t\t\t\t\t\t<div class=\"elementor-container elementor-column-gap-wider\">\n\t\t\t\t\t<div class=\"elementor-column elementor-col-100 elementor-top-column elementor-element elementor-element-4837f7a\" data-id=\"4837f7a\" data-element_type=\"column\">\n\t\t\t<div class=\"elementor-widget-wrap elementor-element-populated\">\n\t\t\t\t\t\t<div class=\"elementor-element elementor-element-e243f85 elementor-widget elementor-widget-shortcode\" data-id=\"e243f85\" data-element_type=\"widget\" data-widget_type=\"shortcode.default\">\n\t\t\t\t<div class=\"elementor-widget-container\">\n\t\t\t\t\t\t\t<div class=\"elementor-shortcode\">\t\t<div class=\"le-services\">\n\t\t\t\t\t\t\t<a class=\"le-service\" href=\"https:\/\/goetz-fm.seitenwind-www.com\/pl\/uslugi\/czyszczenie-i-higiena\/\">\n\t\t\t\t\t<div class=\"le-service-img\"><img fetchpriority=\"high\" decoding=\"async\" width=\"800\" height=\"354\" src=\"https:\/\/goetz-fm.seitenwind-www.com\/wp-content\/uploads\/goetz_dienstleistungen_reinigung-hygiene_headerbild-1024x453.jpg\" class=\"attachment-large size-large wp-post-image\" alt=\"\" srcset=\"https:\/\/goetz-fm.seitenwind-www.com\/wp-content\/uploads\/goetz_dienstleistungen_reinigung-hygiene_headerbild-1024x453.jpg 1024w, https:\/\/goetz-fm.seitenwind-www.com\/wp-content\/uploads\/goetz_dienstleistungen_reinigung-hygiene_headerbild-300x133.jpg 300w, https:\/\/goetz-fm.seitenwind-www.com\/wp-content\/uploads\/goetz_dienstleistungen_reinigung-hygiene_headerbild-768x340.jpg 768w, https:\/\/goetz-fm.seitenwind-www.com\/wp-content\/uploads\/goetz_dienstleistungen_reinigung-hygiene_headerbild-1536x680.jpg 1536w, https:\/\/goetz-fm.seitenwind-www.com\/wp-content\/uploads\/goetz_dienstleistungen_reinigung-hygiene_headerbild.jpg 1920w\" sizes=\"(max-width: 800px) 100vw, 800px\" \/><\/div>\n\t\t\t\t\t<h2 class=\"le-service-title\">Czyszczenie i higiena<\/h2>\n\t\t\t\t<\/a>\n\t\t\t\t\t\t\t<a class=\"le-service\" href=\"https:\/\/goetz-fm.seitenwind-www.com\/pl\/uslugi\/uslugi-przemyslowe\/\">\n\t\t\t\t\t<div class=\"le-service-img\"><img decoding=\"async\" width=\"800\" height=\"632\" src=\"https:\/\/goetz-fm.seitenwind-www.com\/wp-content\/uploads\/goetz_dienstleistungen_industrieservice-uebersicht.jpg\" class=\"attachment-large size-large wp-post-image\" alt=\"\" srcset=\"https:\/\/goetz-fm.seitenwind-www.com\/wp-content\/uploads\/goetz_dienstleistungen_industrieservice-uebersicht.jpg 950w, https:\/\/goetz-fm.seitenwind-www.com\/wp-content\/uploads\/goetz_dienstleistungen_industrieservice-uebersicht-300x237.jpg 300w, https:\/\/goetz-fm.seitenwind-www.com\/wp-content\/uploads\/goetz_dienstleistungen_industrieservice-uebersicht-768x606.jpg 768w\" sizes=\"(max-width: 800px) 100vw, 800px\" \/><\/div>\n\t\t\t\t\t<h2 class=\"le-service-title\">Us\u0142ugi przemys\u0142owe<\/h2>\n\t\t\t\t<\/a>\n\t\t\t\t\t\t\t<a class=\"le-service\" href=\"https:\/\/goetz-fm.seitenwind-www.com\/pl\/uslugi\/uslugi-letnie-i-zimowe\/\">\n\t\t\t\t\t<div class=\"le-service-img\"><img decoding=\"async\" width=\"704\" height=\"1000\" src=\"https:\/\/goetz-fm.seitenwind-www.com\/wp-content\/uploads\/goetz_leistungen-teaser_sommer-und-winterdienst-1.jpg\" class=\"attachment-large size-large wp-post-image\" alt=\"\" srcset=\"https:\/\/goetz-fm.seitenwind-www.com\/wp-content\/uploads\/goetz_leistungen-teaser_sommer-und-winterdienst-1.jpg 704w, https:\/\/goetz-fm.seitenwind-www.com\/wp-content\/uploads\/goetz_leistungen-teaser_sommer-und-winterdienst-1-211x300.jpg 211w\" sizes=\"(max-width: 704px) 100vw, 704px\" \/><\/div>\n\t\t\t\t\t<h2 class=\"le-service-title\">Us\u0142ugi letnie i zimowe<\/h2>\n\t\t\t\t<\/a>\n\t\t\t\t\t\t\t<a class=\"le-service\" href=\"https:\/\/goetz-fm.seitenwind-www.com\/pl\/uslugi\/uslugi-dozorowania\/\">\n\t\t\t\t\t<div class=\"le-service-img\"><img loading=\"lazy\" decoding=\"async\" width=\"800\" height=\"354\" src=\"https:\/\/goetz-fm.seitenwind-www.com\/wp-content\/uploads\/gotz_dienstleistungen_hausmeisterservice_headerbild-1024x453.jpg\" class=\"attachment-large size-large wp-post-image\" alt=\"\" srcset=\"https:\/\/goetz-fm.seitenwind-www.com\/wp-content\/uploads\/gotz_dienstleistungen_hausmeisterservice_headerbild-1024x453.jpg 1024w, https:\/\/goetz-fm.seitenwind-www.com\/wp-content\/uploads\/gotz_dienstleistungen_hausmeisterservice_headerbild-300x133.jpg 300w, https:\/\/goetz-fm.seitenwind-www.com\/wp-content\/uploads\/gotz_dienstleistungen_hausmeisterservice_headerbild-768x340.jpg 768w, https:\/\/goetz-fm.seitenwind-www.com\/wp-content\/uploads\/gotz_dienstleistungen_hausmeisterservice_headerbild-1536x680.jpg 1536w, https:\/\/goetz-fm.seitenwind-www.com\/wp-content\/uploads\/gotz_dienstleistungen_hausmeisterservice_headerbild.jpg 1920w\" sizes=\"(max-width: 800px) 100vw, 800px\" \/><\/div>\n\t\t\t\t\t<h2 class=\"le-service-title\">Us\u0142ugi dozorowania<\/h2>\n\t\t\t\t<\/a>\n\t\t\t\t\t\t\t<a class=\"le-service\" href=\"https:\/\/goetz-fm.seitenwind-www.com\/pl\/uslugi\/obsluga-hotelowa\/\">\n\t\t\t\t\t<div class=\"le-service-img\"><img loading=\"lazy\" decoding=\"async\" width=\"800\" height=\"534\" src=\"https:\/\/goetz-fm.seitenwind-www.com\/wp-content\/uploads\/gotz_dienstleistungen_hotelservice.jpg\" class=\"attachment-large size-large wp-post-image\" alt=\"\" srcset=\"https:\/\/goetz-fm.seitenwind-www.com\/wp-content\/uploads\/gotz_dienstleistungen_hotelservice.jpg 1000w, https:\/\/goetz-fm.seitenwind-www.com\/wp-content\/uploads\/gotz_dienstleistungen_hotelservice-300x200.jpg 300w, https:\/\/goetz-fm.seitenwind-www.com\/wp-content\/uploads\/gotz_dienstleistungen_hotelservice-768x512.jpg 768w\" sizes=\"(max-width: 800px) 100vw, 800px\" \/><\/div>\n\t\t\t\t\t<h2 class=\"le-service-title\">Obs\u0142uga hotelowa<\/h2>\n\t\t\t\t<\/a>\n\t\t\t\n\t\t<\/div>\n\t\t<\/div>\n\t\t\t\t\t\t<\/div>\n\t\t\t\t<\/div>\n\t\t\t\t\t<\/div>\n\t\t<\/div>\n\t\t\t\t\t<\/div>\n\t\t<\/section>\n\t\t\t\t<\/div>\n\t\t","protected":false},"excerpt":{"rendered":"<p>Nasze us\u0142ugi Jako dostawca kompleksowych us\u0142ug, Grupa G\u00f6tz zapewnia profesjonalne us\u0142ugi w zakresie zarz\u0105dzania budynkami infrastrukturalnymi, technicznymi i handlowymi, a tak\u017ce innych rozwi\u0105za\u0144 bran\u017cowych dostosowanych do potrzeb klienta, dzi\u0119ki szerokiemu portfolio. Niezale\u017cnie od tego, czy chodzi o sprz\u0105tanie budynk\u00f3w, klasyczne sprz\u0105tanie konserwacyjne, czyszczenie szk\u0142a, us\u0142ugi ochrony czy us\u0142ugi rzemie\u015blnicze \u2013 w G\u00f6tz wszystkie us\u0142ugi otrzymujesz [&hellip;]<\/p>\n","protected":false},"author":1,"featured_media":0,"parent":0,"menu_order":0,"comment_status":"closed","ping_status":"closed","template":"","meta":{"_acf_changed":false,"footnotes":""},"class_list":["post-5610","page","type-page","status-publish","hentry"],"acf":[],"yoast_head":"<!-- This site is optimized with the Yoast SEO plugin v25.8 - https:\/\/yoast.com\/wordpress\/plugins\/seo\/ -->\n<title>Us\u0142ugi - G\u00f6tz-Gruppe<\/title>\n<meta name=\"description\" content=\"Niezale\u017cnie od tego, czy chodzi o sprz\u0105tanie budynk\u00f3w, klasyczne sprz\u0105tanie konserwacyjne, czyszczenie szk\u0142a, us\u0142ugi ochrony czy us\u0142ugi rzemie\u015blnicze \u2013 w G\u00f6tz wszystkie us\u0142ugi otrzymujesz z jednego \u017ar\u00f3d\u0142a.\" \/>\n<meta name=\"robots\" content=\"index, follow, max-snippet:-1, max-image-preview:large, max-video-preview:-1\" \/>\n<link rel=\"canonical\" href=\"https:\/\/goetz-fm.seitenwind-www.com\/pl\/uslugi\/\" \/>\n<meta property=\"og:locale\" content=\"pl_PL\" \/>\n<meta property=\"og:type\" content=\"article\" \/>\n<meta property=\"og:title\" content=\"Us\u0142ugi - G\u00f6tz-Gruppe\" \/>\n<meta property=\"og:description\" content=\"Niezale\u017cnie od tego, czy chodzi o sprz\u0105tanie budynk\u00f3w, klasyczne sprz\u0105tanie konserwacyjne, czyszczenie szk\u0142a, us\u0142ugi ochrony czy us\u0142ugi rzemie\u015blnicze \u2013 w G\u00f6tz wszystkie us\u0142ugi otrzymujesz z jednego \u017ar\u00f3d\u0142a.\" \/>\n<meta property=\"og:url\" content=\"https:\/\/goetz-fm.seitenwind-www.com\/pl\/uslugi\/\" \/>\n<meta property=\"og:site_name\" content=\"G\u00f6tz-Gruppe\" \/>\n<meta property=\"article:modified_time\" content=\"2023-02-16T10:50:20+00:00\" \/>\n<meta name=\"twitter:card\" content=\"summary_large_image\" \/>\n<meta name=\"twitter:label1\" content=\"Szacowany czas czytania\" \/>\n\t<meta name=\"twitter:data1\" content=\"1 minuta\" \/>\n<script type=\"application\/ld+json\" class=\"yoast-schema-graph\">{\"@context\":\"https:\/\/schema.org\",\"@graph\":[{\"@type\":\"WebPage\",\"@id\":\"https:\/\/goetz-fm.seitenwind-www.com\/pl\/uslugi\/\",\"url\":\"https:\/\/goetz-fm.seitenwind-www.com\/pl\/uslugi\/\",\"name\":\"Us\u0142ugi - G\u00f6tz-Gruppe\",\"isPartOf\":{\"@id\":\"https:\/\/goetz-fm.seitenwind-www.com\/pl\/#website\"},\"datePublished\":\"2021-12-07T13:01:51+00:00\",\"dateModified\":\"2023-02-16T10:50:20+00:00\",\"description\":\"Niezale\u017cnie od tego, czy chodzi o sprz\u0105tanie budynk\u00f3w, klasyczne sprz\u0105tanie konserwacyjne, czyszczenie szk\u0142a, us\u0142ugi ochrony czy us\u0142ugi rzemie\u015blnicze \u2013 w G\u00f6tz wszystkie us\u0142ugi otrzymujesz z jednego \u017ar\u00f3d\u0142a.\",\"breadcrumb\":{\"@id\":\"https:\/\/goetz-fm.seitenwind-www.com\/pl\/uslugi\/#breadcrumb\"},\"inLanguage\":\"pl-PL\",\"potentialAction\":[{\"@type\":\"ReadAction\",\"target\":[\"https:\/\/goetz-fm.seitenwind-www.com\/pl\/uslugi\/\"]}]},{\"@type\":\"BreadcrumbList\",\"@id\":\"https:\/\/goetz-fm.seitenwind-www.com\/pl\/uslugi\/#breadcrumb\",\"itemListElement\":[{\"@type\":\"ListItem\",\"position\":1,\"name\":\"Home\",\"item\":\"https:\/\/goetz-fm.seitenwind-www.com\/pl\/\"},{\"@type\":\"ListItem\",\"position\":2,\"name\":\"Us\u0142ugi\"}]},{\"@type\":\"WebSite\",\"@id\":\"https:\/\/goetz-fm.seitenwind-www.com\/pl\/#website\",\"url\":\"https:\/\/goetz-fm.seitenwind-www.com\/pl\/\",\"name\":\"G\u00f6tz-Gruppe\",\"description\":\"Quality Services\",\"publisher\":{\"@id\":\"https:\/\/goetz-fm.seitenwind-www.com\/pl\/#organization\"},\"potentialAction\":[{\"@type\":\"SearchAction\",\"target\":{\"@type\":\"EntryPoint\",\"urlTemplate\":\"https:\/\/goetz-fm.seitenwind-www.com\/pl\/?s={search_term_string}\"},\"query-input\":{\"@type\":\"PropertyValueSpecification\",\"valueRequired\":true,\"valueName\":\"search_term_string\"}}],\"inLanguage\":\"pl-PL\"},{\"@type\":\"Organization\",\"@id\":\"https:\/\/goetz-fm.seitenwind-www.com\/pl\/#organization\",\"name\":\"G\u00f6tz-Management-Holding AG\",\"url\":\"https:\/\/goetz-fm.seitenwind-www.com\/pl\/\",\"logo\":{\"@type\":\"ImageObject\",\"inLanguage\":\"pl-PL\",\"@id\":\"https:\/\/goetz-fm.seitenwind-www.com\/pl\/#\/schema\/logo\/image\/\",\"url\":\"https:\/\/goetz-fm.seitenwind-www.com\/wp-content\/uploads\/goetz_logo.svg\",\"contentUrl\":\"https:\/\/goetz-fm.seitenwind-www.com\/wp-content\/uploads\/goetz_logo.svg\",\"width\":1098,\"height\":436,\"caption\":\"G\u00f6tz-Management-Holding AG\"},\"image\":{\"@id\":\"https:\/\/goetz-fm.seitenwind-www.com\/pl\/#\/schema\/logo\/image\/\"}}]}<\/script>\n<!-- \/ Yoast SEO plugin. -->","yoast_head_json":{"title":"Us\u0142ugi - G\u00f6tz-Gruppe","description":"Niezale\u017cnie od tego, czy chodzi o sprz\u0105tanie budynk\u00f3w, klasyczne sprz\u0105tanie konserwacyjne, czyszczenie szk\u0142a, us\u0142ugi ochrony czy us\u0142ugi rzemie\u015blnicze \u2013 w G\u00f6tz wszystkie us\u0142ugi otrzymujesz z jednego \u017ar\u00f3d\u0142a.","robots":{"index":"index","follow":"follow","max-snippet":"max-snippet:-1","max-image-preview":"max-image-preview:large","max-video-preview":"max-video-preview:-1"},"canonical":"https:\/\/goetz-fm.seitenwind-www.com\/pl\/uslugi\/","og_locale":"pl_PL","og_type":"article","og_title":"Us\u0142ugi - G\u00f6tz-Gruppe","og_description":"Niezale\u017cnie od tego, czy chodzi o sprz\u0105tanie budynk\u00f3w, klasyczne sprz\u0105tanie konserwacyjne, czyszczenie szk\u0142a, us\u0142ugi ochrony czy us\u0142ugi rzemie\u015blnicze \u2013 w G\u00f6tz wszystkie us\u0142ugi otrzymujesz z jednego \u017ar\u00f3d\u0142a.","og_url":"https:\/\/goetz-fm.seitenwind-www.com\/pl\/uslugi\/","og_site_name":"G\u00f6tz-Gruppe","article_modified_time":"2023-02-16T10:50:20+00:00","twitter_card":"summary_large_image","twitter_misc":{"Szacowany czas czytania":"1 minuta"},"schema":{"@context":"https:\/\/schema.org","@graph":[{"@type":"WebPage","@id":"https:\/\/goetz-fm.seitenwind-www.com\/pl\/uslugi\/","url":"https:\/\/goetz-fm.seitenwind-www.com\/pl\/uslugi\/","name":"Us\u0142ugi - G\u00f6tz-Gruppe","isPartOf":{"@id":"https:\/\/goetz-fm.seitenwind-www.com\/pl\/#website"},"datePublished":"2021-12-07T13:01:51+00:00","dateModified":"2023-02-16T10:50:20+00:00","description":"Niezale\u017cnie od tego, czy chodzi o sprz\u0105tanie budynk\u00f3w, klasyczne sprz\u0105tanie konserwacyjne, czyszczenie szk\u0142a, us\u0142ugi ochrony czy us\u0142ugi rzemie\u015blnicze \u2013 w G\u00f6tz wszystkie us\u0142ugi otrzymujesz z jednego \u017ar\u00f3d\u0142a.","breadcrumb":{"@id":"https:\/\/goetz-fm.seitenwind-www.com\/pl\/uslugi\/#breadcrumb"},"inLanguage":"pl-PL","potentialAction":[{"@type":"ReadAction","target":["https:\/\/goetz-fm.seitenwind-www.com\/pl\/uslugi\/"]}]},{"@type":"BreadcrumbList","@id":"https:\/\/goetz-fm.seitenwind-www.com\/pl\/uslugi\/#breadcrumb","itemListElement":[{"@type":"ListItem","position":1,"name":"Home","item":"https:\/\/goetz-fm.seitenwind-www.com\/pl\/"},{"@type":"ListItem","position":2,"name":"Us\u0142ugi"}]},{"@type":"WebSite","@id":"https:\/\/goetz-fm.seitenwind-www.com\/pl\/#website","url":"https:\/\/goetz-fm.seitenwind-www.com\/pl\/","name":"G\u00f6tz-Gruppe","description":"Quality Services","publisher":{"@id":"https:\/\/goetz-fm.seitenwind-www.com\/pl\/#organization"},"potentialAction":[{"@type":"SearchAction","target":{"@type":"EntryPoint","urlTemplate":"https:\/\/goetz-fm.seitenwind-www.com\/pl\/?s={search_term_string}"},"query-input":{"@type":"PropertyValueSpecification","valueRequired":true,"valueName":"search_term_string"}}],"inLanguage":"pl-PL"},{"@type":"Organization","@id":"https:\/\/goetz-fm.seitenwind-www.com\/pl\/#organization","name":"G\u00f6tz-Management-Holding AG","url":"https:\/\/goetz-fm.seitenwind-www.com\/pl\/","logo":{"@type":"ImageObject","inLanguage":"pl-PL","@id":"https:\/\/goetz-fm.seitenwind-www.com\/pl\/#\/schema\/logo\/image\/","url":"https:\/\/goetz-fm.seitenwind-www.com\/wp-content\/uploads\/goetz_logo.svg","contentUrl":"https:\/\/goetz-fm.seitenwind-www.com\/wp-content\/uploads\/goetz_logo.svg","width":1098,"height":436,"caption":"G\u00f6tz-Management-Holding AG"},"image":{"@id":"https:\/\/goetz-fm.seitenwind-www.com\/pl\/#\/schema\/logo\/image\/"}}]}},"_links":{"self":[{"href":"https:\/\/goetz-fm.seitenwind-www.com\/pl\/wp-json\/wp\/v2\/pages\/5610","targetHints":{"allow":["GET"]}}],"collection":[{"href":"https:\/\/goetz-fm.seitenwind-www.com\/pl\/wp-json\/wp\/v2\/pages"}],"about":[{"href":"https:\/\/goetz-fm.seitenwind-www.com\/pl\/wp-json\/wp\/v2\/types\/page"}],"author":[{"embeddable":true,"href":"https:\/\/goetz-fm.seitenwind-www.com\/pl\/wp-json\/wp\/v2\/users\/1"}],"replies":[{"embeddable":true,"href":"https:\/\/goetz-fm.seitenwind-www.com\/pl\/wp-json\/wp\/v2\/comments?post=5610"}],"version-history":[{"count":2,"href":"https:\/\/goetz-fm.seitenwind-www.com\/pl\/wp-json\/wp\/v2\/pages\/5610\/revisions"}],"predecessor-version":[{"id":6480,"href":"https:\/\/goetz-fm.seitenwind-www.com\/pl\/wp-json\/wp\/v2\/pages\/5610\/revisions\/6480"}],"wp:attachment":[{"href":"https:\/\/goetz-fm.seitenwind-www.com\/pl\/wp-json\/wp\/v2\/media?parent=5610"}],"curies":[{"name":"wp","href":"https:\/\/api.w.org\/{rel}","templated":true}]}}