{"id":11848,"date":"2025-08-22T09:15:11","date_gmt":"2025-08-22T07:15:11","guid":{"rendered":"https:\/\/goetz-fm.seitenwind-www.com\/barrierefreiheitserklaerung\/"},"modified":"2025-08-22T10:45:27","modified_gmt":"2025-08-22T08:45:27","slug":"barrierefreiheitserklaerung","status":"publish","type":"page","link":"https:\/\/goetz-fm.seitenwind-www.com\/pl\/barrierefreiheitserklaerung\/","title":{"rendered":"Barrierefreiheitserkl\u00e4rung"},"content":{"rendered":"\t\t<div data-elementor-type=\"wp-page\" data-elementor-id=\"11848\" class=\"elementor elementor-11848 elementor-11826\" data-elementor-post-type=\"page\">\n\t\t\t\t\t\t<section class=\"elementor-section elementor-top-section elementor-element elementor-element-d347329 elementor-section-height-min-height elementor-section-items-bottom elementor-section-boxed elementor-section-height-default\" data-id=\"d347329\" data-element_type=\"section\" data-settings=\"{&quot;background_background&quot;:&quot;classic&quot;}\">\n\t\t\t\t\t\t<div class=\"elementor-container elementor-column-gap-default\">\n\t\t\t\t\t<div class=\"elementor-column elementor-col-100 elementor-top-column elementor-element elementor-element-e9d9cea\" data-id=\"e9d9cea\" data-element_type=\"column\">\n\t\t\t<div class=\"elementor-widget-wrap\">\n\t\t\t\t\t\t\t<\/div>\n\t\t<\/div>\n\t\t\t\t\t<\/div>\n\t\t<\/section>\n\t\t\t\t<section class=\"elementor-section elementor-top-section elementor-element elementor-element-c46f58d elementor-section-boxed elementor-section-height-default elementor-section-height-default\" data-id=\"c46f58d\" data-element_type=\"section\">\n\t\t\t\t\t\t<div class=\"elementor-container elementor-column-gap-wider\">\n\t\t\t\t\t<div class=\"elementor-column elementor-col-100 elementor-top-column elementor-element elementor-element-35012d6\" data-id=\"35012d6\" data-element_type=\"column\">\n\t\t\t<div class=\"elementor-widget-wrap elementor-element-populated\">\n\t\t\t\t\t\t<div class=\"elementor-element elementor-element-419cdd6 elementor-widget elementor-widget-breadcrumbs\" data-id=\"419cdd6\" data-element_type=\"widget\" data-widget_type=\"breadcrumbs.default\">\n\t\t\t\t<div class=\"elementor-widget-container\">\n\t\t\t\t\t<p id=\"breadcrumbs\"><span><span><a href=\"https:\/\/goetz-fm.seitenwind-www.com\/pl\/\">Home<\/a><\/span><\/span><\/p>\t\t\t\t<\/div>\n\t\t\t\t<\/div>\n\t\t\t\t<div class=\"elementor-element elementor-element-af204fb elementor-widget elementor-widget-heading\" data-id=\"af204fb\" data-element_type=\"widget\" data-widget_type=\"heading.default\">\n\t\t\t\t<div class=\"elementor-widget-container\">\n\t\t\t\t\t<h1 class=\"elementor-heading-title elementor-size-default\">Erkl\u00e4rung zur Barrierefreiheit<\/h1>\t\t\t\t<\/div>\n\t\t\t\t<\/div>\n\t\t\t\t\t<\/div>\n\t\t<\/div>\n\t\t\t\t\t<\/div>\n\t\t<\/section>\n\t\t\t\t<section class=\"elementor-section elementor-top-section elementor-element elementor-element-b5d486f elementor-reverse-tablet elementor-reverse-mobile content-width elementor-section-boxed elementor-section-height-default elementor-section-height-default\" data-id=\"b5d486f\" data-element_type=\"section\">\n\t\t\t\t\t\t<div class=\"elementor-container elementor-column-gap-wider\">\n\t\t\t\t\t<div class=\"elementor-column elementor-col-100 elementor-top-column elementor-element elementor-element-6ee5e17\" data-id=\"6ee5e17\" data-element_type=\"column\">\n\t\t\t<div class=\"elementor-widget-wrap elementor-element-populated\">\n\t\t\t\t\t\t<div class=\"elementor-element elementor-element-58c607b elementor-widget elementor-widget-text-editor\" data-id=\"58c607b\" data-element_type=\"widget\" data-widget_type=\"text-editor.default\">\n\t\t\t\t<div class=\"elementor-widget-container\">\n\t\t\t\t\t\t\t\t\t<p><strong>Wir nehmen Datenschutz ernst<br \/><\/strong><\/p>\n<p style=\"font-weight: 400;\">Die G\u00f6tz Management-Holding AG ist bestrebt Ihre Website <a href=\"https:\/\/goetz-fm.seitenwind-www.com\/pl\/\" target=\"_blank\" rel=\"noopener\">https:\/\/goetz-fm.com\/<\/a> in \u00dcbereinstimmung mit dem Barrierefreiheitsst\u00e4rkungsgesetz (BFSG) barrierefrei zug\u00e4nglich zu machen. Diese Erkl\u00e4rung zur Barrierefreiheit gilt f\u00fcr die Website <a href=\"https:\/\/goetz-fm.seitenwind-www.com\/pl\/\" target=\"_blank\" rel=\"noopener\">https:\/\/goetz-fm.com\/<\/a>.<\/p>\n<p style=\"font-weight: 400;\"><strong>G\u00f6tz-Management-Holding AG<\/strong><br \/>Hauptverwaltung Regensburg<br \/>Hofer Stra\u00dfe 10<br \/>93057 Regensburg<\/p>\n<p>T <a href=\"tel:+4994164040\">+49 941 6404-0<\/a><br \/>F +49 941 6404-190<br \/><a href=\"mailto:service@goetz-fm.com\">service@goetz-fm.com<\/a><\/p>\n<p style=\"font-weight: 400;\"><strong>Allgemeine Beschreibung der Dargebotenen Dienstleistungen:<br \/><\/strong>Auf dem angebotenen Web-Auftritt bietet die Betreiberin der Website einen \u00dcberblick \u00fcber die T\u00e4tigkeiten und Dienstleistungen der G\u00f6tz-Gruppe.<\/p>\n<p style=\"font-weight: 400;\">Die Dargestellten Dienstleistungen umfassen Reinigung und Hygiene, Industrieservice, Sommer- und Winterdienst, Sicherheitsdienstleistungen, Geld- und Werttransporte, Bahnservices, Logistikdienstleistungen, Cateringservices, Handwerk und Baudienstleistungen, Umzugservices, Hausmeisterdienste, Haus- und Geb\u00e4udeverwaltung, Technische Betriebsf\u00fchrung und Instandhaltung, Hotelservices und Personaldienstleistungen.<br \/>Im Rahmen dieser Darstellungen k\u00f6nnen sich Besucher der Website \u00fcber Art, Umfang und Modalit\u00e4ten der angebotenen Dienstleistungen informieren.<\/p>\n<p style=\"font-weight: 400;\">Auch werden Ressourcen zur Nachhaltigkeit des Unternehmens bereitgestellt und eine Meldestelle im Rahmen des Hinweisgeberschutzgesetzes.<br \/>Daneben besteht auch die M\u00f6glichkeit sich bei dem Unternehmen um eine Lohnarbeitsstelle zu bewerben, ausgeschriebene Stellen einzusehen und eine Nachrichtenseite mit aktuellen Informationen rund um das Unternehmen.<br \/>Die Website bietet weiter die M\u00f6glichkeit zur Kontaktaufnahme mittels Formularen, welche auf der Website eingebunden sind.<br \/>Hinzu kommen noch \u00dcbersichten \u00fcber die Standorte und Niederlassungen der Unternehmensgruppe.<\/p>\n<p style=\"font-weight: 400;\"><strong>Stand der Vereinbarkeit mit den Anforderungen der Barrierefreiheit:<br \/><\/strong>Die Anforderungen der Barrierefreiheit ergeben sich aus \u00a7 3 Abs. 2 BFSG ivb. mit den verbundenen Rechtsverordnungen.<br \/>Die \u00dcberpr\u00fcfung der Einhaltung beruht auf im Juli 2025 durchgef\u00fchrten Tests mittels Web-Tools.<em>\u00a0<\/em><\/p>\n<p style=\"font-weight: 400;\">Die Website entspricht gr\u00f6\u00dftenteils den Standards der WCAG 2.1 Level AA.<br \/>Die Barrierefreiheit wird gr\u00f6\u00dftenteils sichergestellt durch die Einbindung des Tools <em>DIGIaccess<\/em>.<\/p>\n<p style=\"font-weight: 400;\">Die Website ist nicht vollst\u00e4ndig mit den geltenden Vorschriften zur Barrierefreiheit vereinbar. Im Einzelnen:<\/p>\n<p style=\"font-weight: 400;\"><strong>Nicht barrierefreie Inhalte:<br \/><\/strong>Die nachstehend aufgef\u00fchrten Inhalte sind aus den folgenden Gr\u00fcnden nicht barrierefrei:<\/p>\n<ul style=\"font-weight: 400;\">\n<li>Fehlende oder unzureichende Untertitel f\u00fcr Videos (keine vollst\u00e4ndigen Transkripte oder Audiodeskriptionen vorhanden).<\/li>\n<li>PDF-Dokumente nicht barrierefrei (fehlende Tags, nicht barrierefreie Struktur).<\/li>\n<li>Die eingebundene externe Anwendung f\u00fcr das Bewerbermanagement (\u201eP&amp;I Bewerbermanagement\u201c) ist derzeit nicht barrierefrei und kann insbesondere f\u00fcr Nutzerinnen und Nutzer mit Screenreadern oder motorischen Einschr\u00e4nkungen schwer zug\u00e4nglich sein.<\/li>\n<\/ul>\n<p style=\"font-weight: 400;\"><strong>Unverh\u00e4ltnism\u00e4\u00dfige Belastung:<br \/><\/strong>Nach Artikel 5 der <strong>Richtlinie (EU) 2016\/2102<\/strong> kann f\u00fcr bestimmte Inhalte eine Ausnahme aufgrund unverh\u00e4ltnism\u00e4\u00dfiger Belastung geltend gemacht werden. Trotz unserer Bem\u00fchungen ist es uns derzeit nicht m\u00f6glich, folgende Inhalte vollst\u00e4ndig barrierefrei anzubieten:<\/p>\n<ul style=\"font-weight: 400;\">\n<li><strong>\u00c4ltere PDF-Dokumente und Office-Dateien:<\/strong><br \/>Alle vor dem 21.08.2025 ver\u00f6ffentlichten PDF-Dokumente und Word-Dateien sind nicht barrierefrei. Diese Dokumente enthalten teilweise fehlende Strukturierungen, unzureichende Alternativtexte f\u00fcr Bilder oder komplexe Inhalte, die ohne zus\u00e4tzliche Ressourcen nicht kurzfristig \u00fcberarbeitet werden k\u00f6nnen.\n<ul>\n<li>Neue Dokumente werden nach M\u00f6glichkeit in einem barrierefreien Format bereitgestellt.<\/li>\n<li>Falls Sie ein bestimmtes Dokument in einer barrierefreien Version ben\u00f6tigen, kontaktieren Sie uns bitte unter <a href=\"mailto:service@goetz-fm.com\" target=\"_blank\" rel=\"noopener\">service@goetz-fm.com<\/a>.<\/li>\n<\/ul>\n<\/li>\n<li><strong>\u00c4ltere Videos ohne Untertitel oder Audiodeskription:<\/strong><br \/>Videos, die vor dem <strong>21. August 2025<\/strong> ver\u00f6ffentlicht wurden, enthalten m\u00f6glicherweise keine Untertitel, keine Audiodeskriptionen oder keine barrierefreie Bedienung.\n<ul>\n<li>Neue Videos werden nach M\u00f6glichkeit mit Untertiteln und zus\u00e4tzlichen barrierefreien Funktionen ver\u00f6ffentlicht.<\/li>\n<li>Falls Sie Unterst\u00fctzung bei \u00e4lteren Videoinhalten ben\u00f6tigen, kontaktieren Sie uns bitte unter <a href=\"mailto:service@goetz-fm.com\">service@goetz-fm.com<\/a>.<\/li>\n<\/ul>\n<\/li>\n<li><strong>Bewerbermanagement<\/strong><br \/>Auf unserer Website ist das externe Bewerbermanagement-System \u201eP&amp;I Bewerbermanagement\u201c eines Drittanbieters eingebunden. Dieses System entspricht derzeit nicht vollst\u00e4ndig den Anforderungen der Barrierefreiheit.\n<ul>\n<li>Da es sich um eine eigenst\u00e4ndige externe Anwendung handelt, haben wir keinen direkten Einfluss auf deren barrierefreie Gestaltung. Wir stehen mit dem Anbieter in Kontakt und setzen uns f\u00fcr Verbesserungen ein.<\/li>\n<li>Sollten Sie Schwierigkeiten bei der Nutzung des Bewerbungsportals haben, bieten wir Ihnen gerne eine barrierefreie Alternative an. Bitte kontaktieren Sie uns \u00fcber die angegebene Adresse, Telefonnummer oder E-Mail-Adresse.<\/li>\n<\/ul>\n<\/li>\n<\/ul>\n<p style=\"font-weight: 400;\"><strong>Feedback und Kontaktangaben: <br \/><\/strong>Sind Ihnen Barrieren beim Zugang zu Inhalten auf <a href=\"https:\/\/goetz-fm.seitenwind-www.com\/pl\/\" target=\"_blank\" rel=\"noopener\">https:\/\/goetz-fm.com\/<\/a> aufgefallen? Dann k\u00f6nnen Sie sich gerne bei uns melden. Wir freuen uns auf Ihr Feedback und bem\u00fchen uns, die gemeldeten Barrieren in Rahmen der technischen und wirtschaftlichen M\u00f6glichkeiten schnellstm\u00f6glich zu beheben. Bitte teilen Sie uns mit, auf welche Seite und bei welcher Funktion Sie auf Barrieren gesto\u00dfen sind. Kopieren Sie hierf\u00fcr einfach den Link aus der Adresszeile Ihres Browsers. Sie k\u00f6nnen uns \u00fcber folgende Wege Barrieren melden:<\/p>\n<p style=\"font-weight: 400;\">Per Post:<\/p>\n<p style=\"font-weight: 400;\">G\u00f6tz-Management-Holding AG<br \/>Hauptverwaltung Regensburg<br \/>Hofer Stra\u00dfe 10<br \/>93057 Regensburg<\/p>\n<p style=\"font-weight: 400;\">Per Telefon: <a href=\"tel:+4994164040\">+49 941 6404-0<\/a><br \/>Per Fax: +49 941 6404-190<br \/>Per E-Mail: <a href=\"mailto:service@goetz-fm.com\" target=\"_blank\" rel=\"noopener\">service@goetz-fm.com<\/a><\/p>\n<p style=\"font-weight: 400;\"><strong>Schlichtungsverfahren:<br \/><\/strong><span style=\"font-weight: 400;\">Wenn auch nach Ihrem Feedback an den oben genannten Kontakt keine zufriedenstellende L\u00f6sung gefunden wurde, k\u00f6nnen Sie sich an eine Schlichtungsstelle nach \u00a7 34 BFSG <\/span>wenden. Die Schlichtungsstelle ist gem\u00e4\u00df \u00a7 16 Abs. 1 Behindertengleichstellungsgesetzes zu bestimmen. Sie hat die Aufgabe, bei Konflikten zum Thema Barrierefreiheit zwischen Menschen mit Behinderungen und Wirtschaftsakteuren eine au\u00dfergerichtliche Streitbeilegung zu unterst\u00fctzen. Das Schlichtungsverfahren ist kostenfrei. Es muss kein Rechtsbeistand eingeschaltet werden. Die Durchsetzungsstelle erreichen Sie unter:<\/p>\n<p style=\"font-weight: 400;\">\u00ad\u00adc\/o Ministerium f\u00fcr Arbeit, Soziales, Gesundheit und Gleichstellung Sachsen-Anhalt<br \/>Postfach 39 11 55<br \/>39135 Magdeburg<br \/>Telefon:<a href=\"tel:0391 567 6970\"> 0391 567 6970<\/a><br \/>E- Mail: <a href=\"mailto:MLBF@ms.sachsen-anhalt.de\" target=\"_blank\" rel=\"noopener\">MLBF(at)ms.sachsen- anhalt.de<\/a>.<\/p>\n<p style=\"font-weight: 400;\">Diese Barrierefreiheitserkl\u00e4rung wurde mit gr\u00f6\u00dfter Sorgfalt erstellt. Sie wird regelm\u00e4\u00dfig aktualisiert, um Anforderungen und Standards der Technik auch in Zukunft zu erf\u00fcllen. Ungeachtet dessen k\u00f6nnen Fehler nicht v\u00f6llig ausgeschlossen werden. Sofern Sie Fehler in dieser Erkl\u00e4rung finden, bitten wir um eine R\u00fcckmeldung \u00fcber die genannten Kontaktdaten.<\/p>\n<p style=\"font-weight: 400;\">Regensburg, 21.08.2025<\/p>\n<p style=\"font-weight: 400;\">\u00a0<\/p>\n\t\t\t\t\t\t\t\t<\/div>\n\t\t\t\t<\/div>\n\t\t\t\t\t<\/div>\n\t\t<\/div>\n\t\t\t\t\t<\/div>\n\t\t<\/section>\n\t\t\t\t<\/div>\n\t\t","protected":false},"excerpt":{"rendered":"<p>Erkl\u00e4rung zur Barrierefreiheit Wir nehmen Datenschutz ernst Die G\u00f6tz Management-Holding AG ist bestrebt Ihre Website https:\/\/goetz-fm.com\/ in \u00dcbereinstimmung mit dem Barrierefreiheitsst\u00e4rkungsgesetz (BFSG) barrierefrei zug\u00e4nglich zu machen. Diese Erkl\u00e4rung zur Barrierefreiheit gilt f\u00fcr die Website https:\/\/goetz-fm.com\/. G\u00f6tz-Management-Holding AGHauptverwaltung RegensburgHofer Stra\u00dfe 1093057 Regensburg T +49 941 6404-0F +49 941 6404-190service@goetz-fm.com Allgemeine Beschreibung der Dargebotenen Dienstleistungen:Auf dem angebotenen [&hellip;]<\/p>\n","protected":false},"author":1,"featured_media":0,"parent":0,"menu_order":0,"comment_status":"closed","ping_status":"closed","template":"","meta":{"_acf_changed":false,"footnotes":""},"class_list":["post-11848","page","type-page","status-publish","hentry"],"acf":[],"yoast_head":"<!-- This site is optimized with the Yoast SEO plugin v25.8 - https:\/\/yoast.com\/wordpress\/plugins\/seo\/ -->\n<title>G\u00f6tz-Gruppe<\/title>\n<meta name=\"robots\" content=\"index, follow, max-snippet:-1, max-image-preview:large, max-video-preview:-1\" \/>\n<link rel=\"canonical\" href=\"\/\" \/>\n<meta property=\"og:locale\" content=\"pl_PL\" \/>\n<meta property=\"og:type\" content=\"website\" \/>\n<meta property=\"og:site_name\" content=\"G\u00f6tz-Gruppe\" \/>\n<meta name=\"twitter:card\" content=\"summary_large_image\" \/>\n<script type=\"application\/ld+json\" class=\"yoast-schema-graph\">{\"@context\":\"https:\/\/schema.org\",\"@graph\":[{\"@type\":\"WebSite\",\"@id\":\"https:\/\/goetz-fm.seitenwind-www.com\/pl\/#website\",\"url\":\"https:\/\/goetz-fm.seitenwind-www.com\/pl\/\",\"name\":\"G\u00f6tz-Gruppe\",\"description\":\"Quality Services\",\"publisher\":{\"@id\":\"https:\/\/goetz-fm.seitenwind-www.com\/pl\/#organization\"},\"potentialAction\":[{\"@type\":\"SearchAction\",\"target\":{\"@type\":\"EntryPoint\",\"urlTemplate\":\"https:\/\/goetz-fm.seitenwind-www.com\/pl\/?s={search_term_string}\"},\"query-input\":{\"@type\":\"PropertyValueSpecification\",\"valueRequired\":true,\"valueName\":\"search_term_string\"}}],\"inLanguage\":\"pl-PL\"},{\"@type\":\"Organization\",\"@id\":\"https:\/\/goetz-fm.seitenwind-www.com\/pl\/#organization\",\"name\":\"G\u00f6tz-Management-Holding AG\",\"url\":\"https:\/\/goetz-fm.seitenwind-www.com\/pl\/\",\"logo\":{\"@type\":\"ImageObject\",\"inLanguage\":\"pl-PL\",\"@id\":\"https:\/\/goetz-fm.seitenwind-www.com\/pl\/#\/schema\/logo\/image\/\",\"url\":\"https:\/\/goetz-fm.seitenwind-www.com\/wp-content\/uploads\/goetz_logo.svg\",\"contentUrl\":\"https:\/\/goetz-fm.seitenwind-www.com\/wp-content\/uploads\/goetz_logo.svg\",\"width\":1098,\"height\":436,\"caption\":\"G\u00f6tz-Management-Holding AG\"},\"image\":{\"@id\":\"https:\/\/goetz-fm.seitenwind-www.com\/pl\/#\/schema\/logo\/image\/\"}}]}<\/script>\n<!-- \/ Yoast SEO plugin. -->","yoast_head_json":{"title":"G\u00f6tz-Gruppe","robots":{"index":"index","follow":"follow","max-snippet":"max-snippet:-1","max-image-preview":"max-image-preview:large","max-video-preview":"max-video-preview:-1"},"canonical":"\/","og_locale":"pl_PL","og_type":"website","og_site_name":"G\u00f6tz-Gruppe","twitter_card":"summary_large_image","schema":{"@context":"https:\/\/schema.org","@graph":[{"@type":"WebSite","@id":"https:\/\/goetz-fm.seitenwind-www.com\/pl\/#website","url":"https:\/\/goetz-fm.seitenwind-www.com\/pl\/","name":"G\u00f6tz-Gruppe","description":"Quality Services","publisher":{"@id":"https:\/\/goetz-fm.seitenwind-www.com\/pl\/#organization"},"potentialAction":[{"@type":"SearchAction","target":{"@type":"EntryPoint","urlTemplate":"https:\/\/goetz-fm.seitenwind-www.com\/pl\/?s={search_term_string}"},"query-input":{"@type":"PropertyValueSpecification","valueRequired":true,"valueName":"search_term_string"}}],"inLanguage":"pl-PL"},{"@type":"Organization","@id":"https:\/\/goetz-fm.seitenwind-www.com\/pl\/#organization","name":"G\u00f6tz-Management-Holding AG","url":"https:\/\/goetz-fm.seitenwind-www.com\/pl\/","logo":{"@type":"ImageObject","inLanguage":"pl-PL","@id":"https:\/\/goetz-fm.seitenwind-www.com\/pl\/#\/schema\/logo\/image\/","url":"https:\/\/goetz-fm.seitenwind-www.com\/wp-content\/uploads\/goetz_logo.svg","contentUrl":"https:\/\/goetz-fm.seitenwind-www.com\/wp-content\/uploads\/goetz_logo.svg","width":1098,"height":436,"caption":"G\u00f6tz-Management-Holding AG"},"image":{"@id":"https:\/\/goetz-fm.seitenwind-www.com\/pl\/#\/schema\/logo\/image\/"}}]}},"_links":{"self":[{"href":"https:\/\/goetz-fm.seitenwind-www.com\/pl\/wp-json\/wp\/v2\/pages\/11848","targetHints":{"allow":["GET"]}}],"collection":[{"href":"https:\/\/goetz-fm.seitenwind-www.com\/pl\/wp-json\/wp\/v2\/pages"}],"about":[{"href":"https:\/\/goetz-fm.seitenwind-www.com\/pl\/wp-json\/wp\/v2\/types\/page"}],"author":[{"embeddable":true,"href":"https:\/\/goetz-fm.seitenwind-www.com\/pl\/wp-json\/wp\/v2\/users\/1"}],"replies":[{"embeddable":true,"href":"https:\/\/goetz-fm.seitenwind-www.com\/pl\/wp-json\/wp\/v2\/comments?post=11848"}],"version-history":[{"count":1,"href":"https:\/\/goetz-fm.seitenwind-www.com\/pl\/wp-json\/wp\/v2\/pages\/11848\/revisions"}],"predecessor-version":[{"id":11849,"href":"https:\/\/goetz-fm.seitenwind-www.com\/pl\/wp-json\/wp\/v2\/pages\/11848\/revisions\/11849"}],"wp:attachment":[{"href":"https:\/\/goetz-fm.seitenwind-www.com\/pl\/wp-json\/wp\/v2\/media?parent=11848"}],"curies":[{"name":"wp","href":"https:\/\/api.w.org\/{rel}","templated":true}]}}