{"id":6311,"date":"2021-12-07T14:11:56","date_gmt":"2021-12-07T13:11:56","guid":{"rendered":"https:\/\/goetz-fm.seitenwind-www.com\/nachhaltigkeit\/"},"modified":"2023-03-20T10:19:01","modified_gmt":"2023-03-20T09:19:01","slug":"fenntarthatosag","status":"publish","type":"page","link":"https:\/\/goetz-fm.seitenwind-www.com\/hu\/fenntarthatosag\/","title":{"rendered":"Fenntarthat\u00f3s\u00e1g"},"content":{"rendered":"\t\t<div data-elementor-type=\"wp-page\" data-elementor-id=\"6311\" class=\"elementor elementor-6311 elementor-204\" data-elementor-post-type=\"page\">\n\t\t\t\t\t\t<section class=\"elementor-section elementor-top-section elementor-element elementor-element-23e99b4 elementor-section-height-min-height elementor-section-items-bottom elementor-section-boxed elementor-section-height-default\" data-id=\"23e99b4\" data-element_type=\"section\" data-settings=\"{&quot;background_background&quot;:&quot;classic&quot;}\">\n\t\t\t\t\t\t<div class=\"elementor-container elementor-column-gap-default\">\n\t\t\t\t\t<div class=\"elementor-column elementor-col-100 elementor-top-column elementor-element elementor-element-afd8af5\" data-id=\"afd8af5\" data-element_type=\"column\">\n\t\t\t<div class=\"elementor-widget-wrap\">\n\t\t\t\t\t\t\t<\/div>\n\t\t<\/div>\n\t\t\t\t\t<\/div>\n\t\t<\/section>\n\t\t\t\t<section class=\"elementor-section elementor-top-section elementor-element elementor-element-05806fb elementor-section-boxed elementor-section-height-default elementor-section-height-default\" data-id=\"05806fb\" data-element_type=\"section\">\n\t\t\t\t\t\t<div class=\"elementor-container elementor-column-gap-wider\">\n\t\t\t\t\t<div class=\"elementor-column elementor-col-100 elementor-top-column elementor-element elementor-element-6146cc2\" data-id=\"6146cc2\" data-element_type=\"column\">\n\t\t\t<div class=\"elementor-widget-wrap elementor-element-populated\">\n\t\t\t\t\t\t<div class=\"elementor-element elementor-element-b05347a elementor-widget elementor-widget-breadcrumbs\" data-id=\"b05347a\" data-element_type=\"widget\" data-widget_type=\"breadcrumbs.default\">\n\t\t\t\t<div class=\"elementor-widget-container\">\n\t\t\t\t\t<p id=\"breadcrumbs\"><span><span><a href=\"https:\/\/goetz-fm.seitenwind-www.com\/hu\/\">Home<\/a><\/span><\/span><\/p>\t\t\t\t<\/div>\n\t\t\t\t<\/div>\n\t\t\t\t<div class=\"elementor-element elementor-element-8550bca elementor-widget elementor-widget-heading\" data-id=\"8550bca\" data-element_type=\"widget\" data-widget_type=\"heading.default\">\n\t\t\t\t<div class=\"elementor-widget-container\">\n\t\t\t\t\t<h1 class=\"elementor-heading-title elementor-size-default\">fenntarthat\u00f3s\u00e1g<\/h1>\t\t\t\t<\/div>\n\t\t\t\t<\/div>\n\t\t\t\t\t<\/div>\n\t\t<\/div>\n\t\t\t\t\t<\/div>\n\t\t<\/section>\n\t\t\t\t<section class=\"elementor-section elementor-top-section elementor-element elementor-element-f721d73 elementor-reverse-tablet elementor-reverse-mobile elementor-section-boxed elementor-section-height-default elementor-section-height-default\" data-id=\"f721d73\" data-element_type=\"section\">\n\t\t\t\t\t\t<div class=\"elementor-container elementor-column-gap-wider\">\n\t\t\t\t\t<div class=\"elementor-column elementor-col-50 elementor-top-column elementor-element elementor-element-2b44f06\" data-id=\"2b44f06\" data-element_type=\"column\">\n\t\t\t<div class=\"elementor-widget-wrap elementor-element-populated\">\n\t\t\t\t\t\t<div class=\"elementor-element elementor-element-1d74bb8 elementor-widget elementor-widget-text-editor\" data-id=\"1d74bb8\" data-element_type=\"widget\" data-widget_type=\"text-editor.default\">\n\t\t\t\t<div class=\"elementor-widget-container\">\n\t\t\t\t\t\t\t\t\t<p>Egy m\u00e1r harmadik gener\u00e1ci\u00f3ba \u00e1tment csal\u00e1di v\u00e1llalkoz\u00e1sn\u00e1l k\u00fcl\u00f6n\u00f6sen fontos szerep jut a fenntarthat\u00f3, j\u00f6v\u0151orient\u00e1lt gazd\u00e1lkod\u00e1snak \u00e9s az alkalmazottakkal, \u00fcgyfelekkel \u00e9s partnerekkel val\u00f3 azonos b\u00e1n\u00e1sm\u00f3dnak. A G\u00f6tzn\u00e9l a fenntarthat\u00f3s\u00e1g a napi tev\u00e9kenys\u00e9gekben, valamint az emberekhez \u00e9s a k\u00f6rnyezethez val\u00f3 alapvet\u0151 hozz\u00e1\u00e1ll\u00e1sban t\u00fckr\u00f6z\u0151dik.<\/p>\t\t\t\t\t\t\t\t<\/div>\n\t\t\t\t<\/div>\n\t\t\t\t<div class=\"elementor-element elementor-element-91faf74 elementor-widget elementor-widget-text-editor\" data-id=\"91faf74\" data-element_type=\"widget\" data-widget_type=\"text-editor.default\">\n\t\t\t\t<div class=\"elementor-widget-container\">\n\t\t\t\t\t\t\t\t\t<p>A G\u00f6tz sz\u00e1mos j\u00f3t\u00e9konys\u00e1gi \u00e9s szoci\u00e1lis projektet t\u00e1mogat. De az \u00f6kol\u00f3giai \u00e9s gazdas\u00e1gi szempontok is nagyon fontosak sz\u00e1munkra. Mindh\u00e1rom ter\u00fclet teh\u00e1t szil\u00e1rdan r\u00f6gz\u00fcl v\u00e1llalati \u00e9rt\u00e9keinkben.<\/p>\t\t\t\t\t\t\t\t<\/div>\n\t\t\t\t<\/div>\n\t\t\t\t\t<\/div>\n\t\t<\/div>\n\t\t\t\t<div class=\"elementor-column elementor-col-50 elementor-top-column elementor-element elementor-element-d90deaa\" data-id=\"d90deaa\" data-element_type=\"column\">\n\t\t\t<div class=\"elementor-widget-wrap elementor-element-populated\">\n\t\t\t\t\t\t<div class=\"elementor-element elementor-element-c12be91 elementor-widget elementor-widget-shortcode\" data-id=\"c12be91\" data-element_type=\"widget\" data-widget_type=\"shortcode.default\">\n\t\t\t\t<div class=\"elementor-widget-container\">\n\t\t\t\t\t\t\t<div class=\"elementor-shortcode\">\n\t\t<div id=\"toc\" class=\"toc\"><\/div>\n\n\t<\/div>\n\t\t\t\t\t\t<\/div>\n\t\t\t\t<\/div>\n\t\t\t\t\t<\/div>\n\t\t<\/div>\n\t\t\t\t\t<\/div>\n\t\t<\/section>\n\t\t\t\t<section class=\"elementor-section elementor-top-section elementor-element elementor-element-9c0cf7a elementor-section-boxed elementor-section-height-default elementor-section-height-default\" data-id=\"9c0cf7a\" data-element_type=\"section\">\n\t\t\t\t\t\t<div class=\"elementor-container elementor-column-gap-wider\">\n\t\t\t\t\t<div class=\"elementor-column elementor-col-100 elementor-top-column elementor-element elementor-element-012adb2\" data-id=\"012adb2\" data-element_type=\"column\">\n\t\t\t<div class=\"elementor-widget-wrap elementor-element-populated\">\n\t\t\t\t\t\t<div class=\"elementor-element elementor-element-3be6e94 elementor-widget elementor-widget-heading\" data-id=\"3be6e94\" data-element_type=\"widget\" data-widget_type=\"heading.default\">\n\t\t\t\t<div class=\"elementor-widget-container\">\n\t\t\t\t\t<h2 class=\"elementor-heading-title elementor-size-default\">T\u00e1rsadalmi felel\u0151ss\u00e9gv\u00e1llal\u00e1s<\/h2>\t\t\t\t<\/div>\n\t\t\t\t<\/div>\n\t\t\t\t<div class=\"elementor-element elementor-element-a823752 elementor-widget elementor-widget-heading\" data-id=\"a823752\" data-element_type=\"widget\" data-widget_type=\"heading.default\">\n\t\t\t\t<div class=\"elementor-widget-container\">\n\t\t\t\t\t<h3 class=\"elementor-heading-title elementor-size-default\">Mi a fontos sz\u00e1munkra<\/h3>\t\t\t\t<\/div>\n\t\t\t\t<\/div>\n\t\t\t\t<div class=\"elementor-element elementor-element-b9f9425 elementor-widget elementor-widget-text-editor\" data-id=\"b9f9425\" data-element_type=\"widget\" data-widget_type=\"text-editor.default\">\n\t\t\t\t<div class=\"elementor-widget-container\">\n\t\t\t\t\t\t\t\t\t<p>Akt\u00edvan viselj\u00fck a t\u00e1rsadalmi felel\u0151ss\u00e9get, \u00edgy sz\u00e1mos t\u00e1rsadalmi projektet t\u00e1mogatunk.<\/p><p>A kar\u00e1csonyi k\u00edv\u00e1ns\u00e1gfa kamp\u00e1nynak nagy hagyom\u00e1nya van. A gyerekek szem\u00e9t kar\u00e1csonyi k\u00edv\u00e1ns\u00e1guk teljes\u00edt\u00e9s\u00e9vel csillogtatjuk. Az elm\u00falt \u00e9vekben a Kallm\u00fcnz Gyermekotthon gyermekeit, 2021-ben pedig a Thomas Wiser h\u00e1z \u00e9s a chemnitzi Burgst\u00e4dt gyermekotthon gyermekeit aj\u00e1nd\u00e9koztuk meg.<\/p><p>K\u00fcl\u00f6nb\u00f6z\u0151 szoci\u00e1lis int\u00e9zm\u00e9nyeket is t\u00e1mogatunk adom\u00e1nyokkal, mint p\u00e9ld\u00e1ul a napk\u00f6zi otthonok, a fogyat\u00e9kkal \u00e9l\u0151k sz\u00e1m\u00e1ra fenntartott m\u0171helyek \u00e9s a j\u00f3t\u00e9konys\u00e1gi egyes\u00fcletek.<\/p><p>De egy\u00e9rtelm\u0171en a saj\u00e1t alkalmazottaink is t\u00e1rsadalmi felel\u0151ss\u00e9gv\u00e1llal\u00e1sunk k\u00f6z\u00e9ppontj\u00e1ban \u00e1llnak. Ez mag\u00e1ban foglalja a tisztess\u00e9ges, tiszteletteljes interakci\u00f3t a csal\u00e1di l\u00e9gk\u00f6rben \u00e9s a \u201enyitott ajt\u00f3k politik\u00e1j\u00e1t\u201d.<\/p><p>K\u00e9pz\u00e9si \u00e9s tov\u00e1bbk\u00e9pz\u00e9si lehet\u0151s\u00e9gekkel egy\u00e9nileg n\u00e9pszer\u0171s\u00edtj\u00fck munkat\u00e1rsaink tehets\u00e9g\u00e9t, \u00e9s lehet\u0151s\u00e9get teremt\u00fcnk a c\u00e9g\u00fcnk\u00f6n bel\u00fcli tov\u00e1bbi karrierre.<\/p><p>B\u00fcszk\u00e9k vagyunk a t\u00f6bb mint 100 orsz\u00e1gb\u00f3l sz\u00e1rmaz\u00f3 alkalmazottaink sikeres integr\u00e1ci\u00f3j\u00e1ra is.<\/p>\t\t\t\t\t\t\t\t<\/div>\n\t\t\t\t<\/div>\n\t\t\t\t\t<\/div>\n\t\t<\/div>\n\t\t\t\t\t<\/div>\n\t\t<\/section>\n\t\t\t\t<section class=\"elementor-section elementor-top-section elementor-element elementor-element-925ac09  has-bg elementor-section-boxed elementor-section-height-default elementor-section-height-default\" data-id=\"925ac09\" data-element_type=\"section\" data-settings=\"{&quot;background_background&quot;:&quot;classic&quot;}\">\n\t\t\t\t\t\t<div class=\"elementor-container elementor-column-gap-wider\">\n\t\t\t\t\t<div class=\"elementor-column elementor-col-100 elementor-top-column elementor-element elementor-element-339d82d\" data-id=\"339d82d\" data-element_type=\"column\">\n\t\t\t<div class=\"elementor-widget-wrap elementor-element-populated\">\n\t\t\t\t\t\t<div class=\"elementor-element elementor-element-d3c95ce elementor-widget elementor-widget-heading\" data-id=\"d3c95ce\" data-element_type=\"widget\" data-widget_type=\"heading.default\">\n\t\t\t\t<div class=\"elementor-widget-container\">\n\t\t\t\t\t<h2 class=\"elementor-heading-title elementor-size-default\">\u00d6kol\u00f3giai felel\u0151ss\u00e9g<\/h2>\t\t\t\t<\/div>\n\t\t\t\t<\/div>\n\t\t\t\t<div class=\"elementor-element elementor-element-1a6dd7f elementor-widget elementor-widget-heading\" data-id=\"1a6dd7f\" data-element_type=\"widget\" data-widget_type=\"heading.default\">\n\t\t\t\t<div class=\"elementor-widget-container\">\n\t\t\t\t\t<h3 class=\"elementor-heading-title elementor-size-default\">\u00datt\u00f6r\u0151 a k\u00f6rnyezetv\u00e9delemben<\/h3>\t\t\t\t<\/div>\n\t\t\t\t<\/div>\n\t\t\t\t<div class=\"elementor-element elementor-element-0f4e938 elementor-widget elementor-widget-text-editor\" data-id=\"0f4e938\" data-element_type=\"widget\" data-widget_type=\"text-editor.default\">\n\t\t\t\t<div class=\"elementor-widget-container\">\n\t\t\t\t\t\t\t\t\t<p>M\u00e1r 1996-ban mi voltunk az els\u0151 takar\u00edt\u00f3c\u00e9gek N\u00e9metorsz\u00e1gban, akik bevezett\u00e9k saj\u00e1t k\u00f6rnyezetir\u00e1ny\u00edt\u00e1si rendszer\u00fcnket, \u00e9s megkapt\u00e1k a DIN EN ISO 14001 (jelenleg DIN EN ISO 14001:2015) szerinti tan\u00fas\u00edtv\u00e1nyt. 2018 \u00f3ta integr\u00e1lt ir\u00e1ny\u00edt\u00e1si rendszer\u00fcnket az energiamenedzsmenttel eg\u00e9sz\u00edtett\u00fck ki, \u00e9s 2018 novembere \u00f3ta a DIN EN ISO 50001:2011 szabv\u00e1ny szerinti tan\u00fas\u00edtv\u00e1nyt kaptuk. Ma jobban elk\u00f6telezettnek \u00e9rezz\u00fck magunkat a k\u00f6rnyezet ir\u00e1nt, mint valaha. Ezzel biztos\u00edtjuk a fenntarthat\u00f3 szervezeti biztons\u00e1got az \u00f6sszes elv\u00e9gzend\u0151 feladat pontos meghat\u00e1roz\u00e1s\u00e1val, a megfelel\u0151 kompetenci\u00e1kkal, felel\u0151ss\u00e9gekkel \u00e9s hat\u00e1rid\u0151kkel.<\/p><p>K\u00f6rnyezetv\u00e9delmi programunk m\u00e1sik fontos szempontja az \u00f6sszes munkafolyamat \u00e9s az alkalmazott term\u00e9kek, g\u00e9pek energiahat\u00e9konys\u00e1guk \u00e9s egy\u00e9b k\u00f6rnyezeti \u00e9s energetikai hat\u00e1suk folyamatos fel\u00fclvizsg\u00e1lata, sz\u00fcks\u00e9g eset\u00e9n optimaliz\u00e1l\u00e1sa.<\/p><p>Az ehhez kapcsol\u00f3d\u00f3 k\u00e9pz\u00e9seken dolgoz\u00f3ink intenz\u00edv k\u00e9pz\u00e9sben r\u00e9szes\u00fclnek a megszerzett ismeretek megval\u00f3s\u00edt\u00e1s\u00e1ban \u00e9s a k\u00f6rnyezettudatosabbak alkalmaz\u00e1s\u00e1ban. \u00e9s energiatakar\u00e9kos folyamatok k\u00f6rnyezetbar\u00e1t tiszt\u00edt\u00f3- \u00e9s \u00e1pol\u00f3szerek felhaszn\u00e1l\u00e1s\u00e1val, valamint a takar\u00e9kos \u00e9s tudatos energiafelhaszn\u00e1l\u00e1s. Sz\u00e1munkra a min\u0151s\u00e9g nem csak a v\u00e1llalt k\u00f6vetelm\u00e9nyek teljes\u00edt\u00e9s\u00e9t \u00e9s a hat\u00e1rid\u0151k betart\u00e1s\u00e1t jelenti, hanem a k\u00f6rnyezettel \u00e9s az energiaforr\u00e1sokkal val\u00f3 gondos b\u00e1n\u00e1sm\u00f3dot is.<\/p><p>A k\u00f6rnyezetv\u00e9delem ter\u00fclet\u00e9n a G\u00f6tz-csoport tagja a Bajor K\u00f6rnyezetv\u00e9delmi Paktumnak \u00e9s a WHG 19. \u00a7-a \u00e9rtelm\u00e9ben szakc\u00e9g.<\/p><p>A j\u00e1rm\u0171park k\u00e1rosanyag-kibocs\u00e1t\u00e1s\u00e1nak cs\u00f6kkent\u00e9se kiemelten fontos a G\u00f6tz-csoport sz\u00e1m\u00e1ra. Emiatt ez is r\u00e9sze a 2022-es v\u00e1llalati c\u00e9loknak \u00e9s az \u00e9ves vezet\u0151i \u00e1ttekint\u00e9snek. A tervek szerint G\u00f6tzn\u00e9l tov\u00e1bb n\u00e9pszer\u0171s\u00edtik az elektromobilit\u00e1st. 2025-re az elektromos j\u00e1rm\u0171vek \u00e9s a tiszt\u00e1n elektromos j\u00e1rm\u0171vek ar\u00e1nya v\u00e1rhat\u00f3an 35%-ra n\u0151 a teljes j\u00e1rm\u0171parkon bel\u00fcl.<\/p>\t\t\t\t\t\t\t\t<\/div>\n\t\t\t\t<\/div>\n\t\t\t\t\t<\/div>\n\t\t<\/div>\n\t\t\t\t\t<\/div>\n\t\t<\/section>\n\t\t\t\t<section class=\"elementor-section elementor-top-section elementor-element elementor-element-7c97022 content-width elementor-section-boxed elementor-section-height-default elementor-section-height-default\" data-id=\"7c97022\" data-element_type=\"section\">\n\t\t\t\t\t\t<div class=\"elementor-container elementor-column-gap-wider\">\n\t\t\t\t\t<div class=\"elementor-column elementor-col-100 elementor-top-column elementor-element elementor-element-ea80918\" data-id=\"ea80918\" data-element_type=\"column\">\n\t\t\t<div class=\"elementor-widget-wrap elementor-element-populated\">\n\t\t\t\t\t\t<div class=\"elementor-element elementor-element-9051d20 elementor-widget elementor-widget-heading\" data-id=\"9051d20\" data-element_type=\"widget\" data-widget_type=\"heading.default\">\n\t\t\t\t<div class=\"elementor-widget-container\">\n\t\t\t\t\t<h2 class=\"elementor-heading-title elementor-size-default\">Gazdas\u00e1gi felel\u0151ss\u00e9g<\/h2>\t\t\t\t<\/div>\n\t\t\t\t<\/div>\n\t\t\t\t<div class=\"elementor-element elementor-element-38b49c8 elementor-widget elementor-widget-heading\" data-id=\"38b49c8\" data-element_type=\"widget\" data-widget_type=\"heading.default\">\n\t\t\t\t<div class=\"elementor-widget-container\">\n\t\t\t\t\t<h3 class=\"elementor-heading-title elementor-size-default\">A siker \u00e9s a felel\u0151ss\u00e9g k\u00e9z a k\u00e9zben j\u00e1r<\/h3>\t\t\t\t<\/div>\n\t\t\t\t<\/div>\n\t\t\t\t<div class=\"elementor-element elementor-element-ecafdc8 elementor-widget elementor-widget-text-editor\" data-id=\"ecafdc8\" data-element_type=\"widget\" data-widget_type=\"text-editor.default\">\n\t\t\t\t<div class=\"elementor-widget-container\">\n\t\t\t\t\t\t\t\t\t<p>Az a v\u00e9lem\u00e9ny\u00fcnk, hogy a magas szint\u0171 min\u0151s\u00e9g \u00e9s k\u00f6rnyezettudatoss\u00e1g biztos\u00edtja a gazdas\u00e1gi sikert \u00e9s lehet\u0151v\u00e9 teszi a stabil n\u00f6veked\u00e9st. Ez konkr\u00e9tan azt jelenti, hogy \u00fcgyfeleinket a magas szint\u0171 min\u0151s\u00e9gr\u0151l \u00e9s \u00e1tl\u00e1that\u00f3s\u00e1gr\u00f3l biztos\u00edtjuk. Ezt k\u00e9pviselj\u00fck a log\u00f3nkkal. \u00cdgy teremt\u00fcnk biztos munkahelyeket, \u00e9s megb\u00edzhat\u00f3 partnerek vagyunk \u00fcgyfeleink \u00e9s munkat\u00e1rsaink sz\u00e1m\u00e1ra.<\/p><p>A digitaliz\u00e1l\u00e1s sz\u00e1munkra nem terv, hanem val\u00f3s\u00e1g. A c\u00e9gcsoporton bel\u00fcli megval\u00f3s\u00edt\u00e1s sor\u00e1n mindig figyelembe vessz\u00fck az \u00f6kol\u00f3giai, gazdas\u00e1gi \u00e9s t\u00e1rsadalmi felel\u0151ss\u00e9get.<\/p>\t\t\t\t\t\t\t\t<\/div>\n\t\t\t\t<\/div>\n\t\t\t\t\t<\/div>\n\t\t<\/div>\n\t\t\t\t\t<\/div>\n\t\t<\/section>\n\t\t\t\t<\/div>\n\t\t","protected":false},"excerpt":{"rendered":"<p>fenntarthat\u00f3s\u00e1g Egy m\u00e1r harmadik gener\u00e1ci\u00f3ba \u00e1tment csal\u00e1di v\u00e1llalkoz\u00e1sn\u00e1l k\u00fcl\u00f6n\u00f6sen fontos szerep jut a fenntarthat\u00f3, j\u00f6v\u0151orient\u00e1lt gazd\u00e1lkod\u00e1snak \u00e9s az alkalmazottakkal, \u00fcgyfelekkel \u00e9s partnerekkel val\u00f3 azonos b\u00e1n\u00e1sm\u00f3dnak. A G\u00f6tzn\u00e9l a fenntarthat\u00f3s\u00e1g a napi tev\u00e9kenys\u00e9gekben, valamint az emberekhez \u00e9s a k\u00f6rnyezethez val\u00f3 alapvet\u0151 hozz\u00e1\u00e1ll\u00e1sban t\u00fckr\u00f6z\u0151dik. A G\u00f6tz sz\u00e1mos j\u00f3t\u00e9konys\u00e1gi \u00e9s szoci\u00e1lis projektet t\u00e1mogat. De az \u00f6kol\u00f3giai \u00e9s gazdas\u00e1gi [&hellip;]<\/p>\n","protected":false},"author":1,"featured_media":0,"parent":0,"menu_order":0,"comment_status":"closed","ping_status":"closed","template":"","meta":{"_acf_changed":false,"footnotes":""},"class_list":["post-6311","page","type-page","status-publish","hentry"],"acf":[],"yoast_head":"<!-- This site is optimized with the Yoast SEO plugin v25.8 - https:\/\/yoast.com\/wordpress\/plugins\/seo\/ -->\n<title>Fenntarthat\u00f3s\u00e1g - G\u00f6tz-Gruppe<\/title>\n<meta name=\"description\" content=\"Ein Arbeitsplatz mit Perspektive in einer famili\u00e4ren Atmosph\u00e4re. G\u00f6tz ist sich seiner sozialen Verantwortung bewusst und nimmt diese wahr.\" \/>\n<meta name=\"robots\" content=\"index, follow, max-snippet:-1, max-image-preview:large, max-video-preview:-1\" \/>\n<link rel=\"canonical\" href=\"https:\/\/goetz-fm.seitenwind-www.com\/hu\/fenntarthatosag\/\" \/>\n<meta property=\"og:locale\" content=\"hu_HU\" \/>\n<meta property=\"og:type\" content=\"article\" \/>\n<meta property=\"og:title\" content=\"Fenntarthat\u00f3s\u00e1g - G\u00f6tz-Gruppe\" \/>\n<meta property=\"og:description\" content=\"Ein Arbeitsplatz mit Perspektive in einer famili\u00e4ren Atmosph\u00e4re. G\u00f6tz ist sich seiner sozialen Verantwortung bewusst und nimmt diese wahr.\" \/>\n<meta property=\"og:url\" content=\"https:\/\/goetz-fm.seitenwind-www.com\/hu\/fenntarthatosag\/\" \/>\n<meta property=\"og:site_name\" content=\"G\u00f6tz-Gruppe\" \/>\n<meta property=\"article:modified_time\" content=\"2023-03-20T09:19:01+00:00\" \/>\n<meta name=\"twitter:card\" content=\"summary_large_image\" \/>\n<meta name=\"twitter:label1\" content=\"Becs\u00fclt olvas\u00e1si id\u0151\" \/>\n\t<meta name=\"twitter:data1\" content=\"3 perc\" \/>\n<script type=\"application\/ld+json\" class=\"yoast-schema-graph\">{\"@context\":\"https:\/\/schema.org\",\"@graph\":[{\"@type\":\"WebPage\",\"@id\":\"https:\/\/goetz-fm.seitenwind-www.com\/hu\/fenntarthatosag\/\",\"url\":\"https:\/\/goetz-fm.seitenwind-www.com\/hu\/fenntarthatosag\/\",\"name\":\"Fenntarthat\u00f3s\u00e1g - G\u00f6tz-Gruppe\",\"isPartOf\":{\"@id\":\"https:\/\/goetz-fm.seitenwind-www.com\/hu\/#website\"},\"datePublished\":\"2021-12-07T13:11:56+00:00\",\"dateModified\":\"2023-03-20T09:19:01+00:00\",\"description\":\"Ein Arbeitsplatz mit Perspektive in einer famili\u00e4ren Atmosph\u00e4re. G\u00f6tz ist sich seiner sozialen Verantwortung bewusst und nimmt diese wahr.\",\"breadcrumb\":{\"@id\":\"https:\/\/goetz-fm.seitenwind-www.com\/hu\/fenntarthatosag\/#breadcrumb\"},\"inLanguage\":\"hu\",\"potentialAction\":[{\"@type\":\"ReadAction\",\"target\":[\"https:\/\/goetz-fm.seitenwind-www.com\/hu\/fenntarthatosag\/\"]}]},{\"@type\":\"BreadcrumbList\",\"@id\":\"https:\/\/goetz-fm.seitenwind-www.com\/hu\/fenntarthatosag\/#breadcrumb\",\"itemListElement\":[{\"@type\":\"ListItem\",\"position\":1,\"name\":\"Home\",\"item\":\"https:\/\/goetz-fm.seitenwind-www.com\/hu\/\"},{\"@type\":\"ListItem\",\"position\":2,\"name\":\"Fenntarthat\u00f3s\u00e1g\"}]},{\"@type\":\"WebSite\",\"@id\":\"https:\/\/goetz-fm.seitenwind-www.com\/hu\/#website\",\"url\":\"https:\/\/goetz-fm.seitenwind-www.com\/hu\/\",\"name\":\"G\u00f6tz-Gruppe\",\"description\":\"Quality Services\",\"publisher\":{\"@id\":\"https:\/\/goetz-fm.seitenwind-www.com\/hu\/#organization\"},\"potentialAction\":[{\"@type\":\"SearchAction\",\"target\":{\"@type\":\"EntryPoint\",\"urlTemplate\":\"https:\/\/goetz-fm.seitenwind-www.com\/hu\/?s={search_term_string}\"},\"query-input\":{\"@type\":\"PropertyValueSpecification\",\"valueRequired\":true,\"valueName\":\"search_term_string\"}}],\"inLanguage\":\"hu\"},{\"@type\":\"Organization\",\"@id\":\"https:\/\/goetz-fm.seitenwind-www.com\/hu\/#organization\",\"name\":\"G\u00f6tz-Management-Holding AG\",\"url\":\"https:\/\/goetz-fm.seitenwind-www.com\/hu\/\",\"logo\":{\"@type\":\"ImageObject\",\"inLanguage\":\"hu\",\"@id\":\"https:\/\/goetz-fm.seitenwind-www.com\/hu\/#\/schema\/logo\/image\/\",\"url\":\"https:\/\/goetz-fm.seitenwind-www.com\/wp-content\/uploads\/goetz_logo.svg\",\"contentUrl\":\"https:\/\/goetz-fm.seitenwind-www.com\/wp-content\/uploads\/goetz_logo.svg\",\"width\":1098,\"height\":436,\"caption\":\"G\u00f6tz-Management-Holding AG\"},\"image\":{\"@id\":\"https:\/\/goetz-fm.seitenwind-www.com\/hu\/#\/schema\/logo\/image\/\"}}]}<\/script>\n<!-- \/ Yoast SEO plugin. -->","yoast_head_json":{"title":"Fenntarthat\u00f3s\u00e1g - G\u00f6tz-Gruppe","description":"Ein Arbeitsplatz mit Perspektive in einer famili\u00e4ren Atmosph\u00e4re. G\u00f6tz ist sich seiner sozialen Verantwortung bewusst und nimmt diese wahr.","robots":{"index":"index","follow":"follow","max-snippet":"max-snippet:-1","max-image-preview":"max-image-preview:large","max-video-preview":"max-video-preview:-1"},"canonical":"https:\/\/goetz-fm.seitenwind-www.com\/hu\/fenntarthatosag\/","og_locale":"hu_HU","og_type":"article","og_title":"Fenntarthat\u00f3s\u00e1g - G\u00f6tz-Gruppe","og_description":"Ein Arbeitsplatz mit Perspektive in einer famili\u00e4ren Atmosph\u00e4re. G\u00f6tz ist sich seiner sozialen Verantwortung bewusst und nimmt diese wahr.","og_url":"https:\/\/goetz-fm.seitenwind-www.com\/hu\/fenntarthatosag\/","og_site_name":"G\u00f6tz-Gruppe","article_modified_time":"2023-03-20T09:19:01+00:00","twitter_card":"summary_large_image","twitter_misc":{"Becs\u00fclt olvas\u00e1si id\u0151":"3 perc"},"schema":{"@context":"https:\/\/schema.org","@graph":[{"@type":"WebPage","@id":"https:\/\/goetz-fm.seitenwind-www.com\/hu\/fenntarthatosag\/","url":"https:\/\/goetz-fm.seitenwind-www.com\/hu\/fenntarthatosag\/","name":"Fenntarthat\u00f3s\u00e1g - G\u00f6tz-Gruppe","isPartOf":{"@id":"https:\/\/goetz-fm.seitenwind-www.com\/hu\/#website"},"datePublished":"2021-12-07T13:11:56+00:00","dateModified":"2023-03-20T09:19:01+00:00","description":"Ein Arbeitsplatz mit Perspektive in einer famili\u00e4ren Atmosph\u00e4re. G\u00f6tz ist sich seiner sozialen Verantwortung bewusst und nimmt diese wahr.","breadcrumb":{"@id":"https:\/\/goetz-fm.seitenwind-www.com\/hu\/fenntarthatosag\/#breadcrumb"},"inLanguage":"hu","potentialAction":[{"@type":"ReadAction","target":["https:\/\/goetz-fm.seitenwind-www.com\/hu\/fenntarthatosag\/"]}]},{"@type":"BreadcrumbList","@id":"https:\/\/goetz-fm.seitenwind-www.com\/hu\/fenntarthatosag\/#breadcrumb","itemListElement":[{"@type":"ListItem","position":1,"name":"Home","item":"https:\/\/goetz-fm.seitenwind-www.com\/hu\/"},{"@type":"ListItem","position":2,"name":"Fenntarthat\u00f3s\u00e1g"}]},{"@type":"WebSite","@id":"https:\/\/goetz-fm.seitenwind-www.com\/hu\/#website","url":"https:\/\/goetz-fm.seitenwind-www.com\/hu\/","name":"G\u00f6tz-Gruppe","description":"Quality Services","publisher":{"@id":"https:\/\/goetz-fm.seitenwind-www.com\/hu\/#organization"},"potentialAction":[{"@type":"SearchAction","target":{"@type":"EntryPoint","urlTemplate":"https:\/\/goetz-fm.seitenwind-www.com\/hu\/?s={search_term_string}"},"query-input":{"@type":"PropertyValueSpecification","valueRequired":true,"valueName":"search_term_string"}}],"inLanguage":"hu"},{"@type":"Organization","@id":"https:\/\/goetz-fm.seitenwind-www.com\/hu\/#organization","name":"G\u00f6tz-Management-Holding AG","url":"https:\/\/goetz-fm.seitenwind-www.com\/hu\/","logo":{"@type":"ImageObject","inLanguage":"hu","@id":"https:\/\/goetz-fm.seitenwind-www.com\/hu\/#\/schema\/logo\/image\/","url":"https:\/\/goetz-fm.seitenwind-www.com\/wp-content\/uploads\/goetz_logo.svg","contentUrl":"https:\/\/goetz-fm.seitenwind-www.com\/wp-content\/uploads\/goetz_logo.svg","width":1098,"height":436,"caption":"G\u00f6tz-Management-Holding AG"},"image":{"@id":"https:\/\/goetz-fm.seitenwind-www.com\/hu\/#\/schema\/logo\/image\/"}}]}},"_links":{"self":[{"href":"https:\/\/goetz-fm.seitenwind-www.com\/hu\/wp-json\/wp\/v2\/pages\/6311","targetHints":{"allow":["GET"]}}],"collection":[{"href":"https:\/\/goetz-fm.seitenwind-www.com\/hu\/wp-json\/wp\/v2\/pages"}],"about":[{"href":"https:\/\/goetz-fm.seitenwind-www.com\/hu\/wp-json\/wp\/v2\/types\/page"}],"author":[{"embeddable":true,"href":"https:\/\/goetz-fm.seitenwind-www.com\/hu\/wp-json\/wp\/v2\/users\/1"}],"replies":[{"embeddable":true,"href":"https:\/\/goetz-fm.seitenwind-www.com\/hu\/wp-json\/wp\/v2\/comments?post=6311"}],"version-history":[{"count":10,"href":"https:\/\/goetz-fm.seitenwind-www.com\/hu\/wp-json\/wp\/v2\/pages\/6311\/revisions"}],"predecessor-version":[{"id":6741,"href":"https:\/\/goetz-fm.seitenwind-www.com\/hu\/wp-json\/wp\/v2\/pages\/6311\/revisions\/6741"}],"wp:attachment":[{"href":"https:\/\/goetz-fm.seitenwind-www.com\/hu\/wp-json\/wp\/v2\/media?parent=6311"}],"curies":[{"name":"wp","href":"https:\/\/api.w.org\/{rel}","templated":true}]}}