{"id":6297,"date":"2021-12-07T14:01:51","date_gmt":"2021-12-07T13:01:51","guid":{"rendered":"https:\/\/goetz-fm.seitenwind-www.com\/dienstleistungen\/"},"modified":"2023-02-28T18:57:13","modified_gmt":"2023-02-28T17:57:13","slug":"szolgaltatasok","status":"publish","type":"page","link":"https:\/\/goetz-fm.seitenwind-www.com\/hu\/szolgaltatasok\/","title":{"rendered":"Szolg\u00e1ltat\u00e1sok"},"content":{"rendered":"\t\t<div data-elementor-type=\"wp-page\" data-elementor-id=\"6297\" class=\"elementor elementor-6297 elementor-196\" data-elementor-post-type=\"page\">\n\t\t\t\t\t\t<section class=\"elementor-section elementor-top-section elementor-element elementor-element-eacecc6 elementor-section-height-min-height elementor-section-items-bottom elementor-section-boxed elementor-section-height-default\" data-id=\"eacecc6\" data-element_type=\"section\" data-settings=\"{&quot;background_background&quot;:&quot;classic&quot;}\">\n\t\t\t\t\t\t<div class=\"elementor-container elementor-column-gap-default\">\n\t\t\t\t\t<div class=\"elementor-column elementor-col-100 elementor-top-column elementor-element elementor-element-c0d2019\" data-id=\"c0d2019\" data-element_type=\"column\">\n\t\t\t<div class=\"elementor-widget-wrap\">\n\t\t\t\t\t\t\t<\/div>\n\t\t<\/div>\n\t\t\t\t\t<\/div>\n\t\t<\/section>\n\t\t\t\t<section class=\"elementor-section elementor-top-section elementor-element elementor-element-1374878 elementor-section-boxed elementor-section-height-default elementor-section-height-default\" data-id=\"1374878\" data-element_type=\"section\">\n\t\t\t\t\t\t<div class=\"elementor-container elementor-column-gap-wider\">\n\t\t\t\t\t<div class=\"elementor-column elementor-col-100 elementor-top-column elementor-element elementor-element-0235ba0\" data-id=\"0235ba0\" data-element_type=\"column\">\n\t\t\t<div class=\"elementor-widget-wrap elementor-element-populated\">\n\t\t\t\t\t\t<div class=\"elementor-element elementor-element-bfb7d95 elementor-widget elementor-widget-breadcrumbs\" data-id=\"bfb7d95\" data-element_type=\"widget\" data-widget_type=\"breadcrumbs.default\">\n\t\t\t\t<div class=\"elementor-widget-container\">\n\t\t\t\t\t<p id=\"breadcrumbs\"><span><span><a href=\"https:\/\/goetz-fm.seitenwind-www.com\/hu\/\">Home<\/a><\/span><\/span><\/p>\t\t\t\t<\/div>\n\t\t\t\t<\/div>\n\t\t\t\t<div class=\"elementor-element elementor-element-2f710e1 elementor-widget elementor-widget-heading\" data-id=\"2f710e1\" data-element_type=\"widget\" data-widget_type=\"heading.default\">\n\t\t\t\t<div class=\"elementor-widget-container\">\n\t\t\t\t\t<h1 class=\"elementor-heading-title elementor-size-default\">SZOLG\u00c1LTAT\u00c1SAINK<\/h1>\t\t\t\t<\/div>\n\t\t\t\t<\/div>\n\t\t\t\t\t<\/div>\n\t\t<\/div>\n\t\t\t\t\t<\/div>\n\t\t<\/section>\n\t\t\t\t<section class=\"elementor-section elementor-top-section elementor-element elementor-element-c9938e7 elementor-reverse-tablet elementor-reverse-mobile content-width elementor-section-boxed elementor-section-height-default elementor-section-height-default\" data-id=\"c9938e7\" data-element_type=\"section\">\n\t\t\t\t\t\t<div class=\"elementor-container elementor-column-gap-wider\">\n\t\t\t\t\t<div class=\"elementor-column elementor-col-100 elementor-top-column elementor-element elementor-element-97d906e\" data-id=\"97d906e\" data-element_type=\"column\">\n\t\t\t<div class=\"elementor-widget-wrap elementor-element-populated\">\n\t\t\t\t\t\t<div class=\"elementor-element elementor-element-72111a5 elementor-widget elementor-widget-text-editor\" data-id=\"72111a5\" data-element_type=\"widget\" data-widget_type=\"text-editor.default\">\n\t\t\t\t<div class=\"elementor-widget-container\">\n\t\t\t\t\t\t\t\t\t<p>A G\u00f6tz-csoport teljes k\u00f6r\u0171 szolg\u00e1ltat\u00e1st ny\u00fajt\u00f3 szolg\u00e1ltat\u00f3k\u00e9nt az infrastruktur\u00e1lis, m\u0171szaki \u00e9s kereskedelmi \u00e9p\u00fclet\u00fczemeltet\u00e9si professzion\u00e1lis szolg\u00e1ltat\u00e1sokat, valamint egy\u00e9b \u00fcgyf\u00e9lspecifikus ipar\u00e1gi megold\u00e1sokat k\u00edn\u00e1l sz\u00e9les k\u00f6r\u0171 \u00e1tfog\u00f3 portf\u00f3li\u00f3val.<\/p>\t\t\t\t\t\t\t\t<\/div>\n\t\t\t\t<\/div>\n\t\t\t\t<div class=\"elementor-element elementor-element-6ae8951 elementor-widget elementor-widget-text-editor\" data-id=\"6ae8951\" data-element_type=\"widget\" data-widget_type=\"text-editor.default\">\n\t\t\t\t<div class=\"elementor-widget-container\">\n\t\t\t\t\t\t\t\t\t<p>Legyen sz\u00f3 \u00e9p\u00fclettakar\u00edt\u00e1sr\u00f3l, klasszikus karbantart\u00e1si takar\u00edt\u00e1sr\u00f3l, \u00fcvegtiszt\u00edt\u00e1sr\u00f3l, biztons\u00e1gi szolg\u00e1ltat\u00e1sokr\u00f3l vagy k\u00e9zm\u0171ves szolg\u00e1ltat\u00e1sokr\u00f3l \u2013 a G\u00f6tzn\u00e9l minden szolg\u00e1ltat\u00e1st egy k\u00e9zb\u0151l kap.<\/p><p>\u00dcgyfeleinkkel szorosan egyeztetve szem\u00e9lyre szabott megold\u00e1sokat dolgozunk ki, \u00e9s gondoskodunk az ingatlan \u00fczemeltet\u00e9s\u00e9hez \u00e9s kezel\u00e9s\u00e9hez sz\u00fcks\u00e9ges \u00f6sszes szolg\u00e1ltat\u00e1sr\u00f3l.<\/p>\t\t\t\t\t\t\t\t<\/div>\n\t\t\t\t<\/div>\n\t\t\t\t\t<\/div>\n\t\t<\/div>\n\t\t\t\t\t<\/div>\n\t\t<\/section>\n\t\t\t\t<section class=\"elementor-section elementor-top-section elementor-element elementor-element-fae9ce0 elementor-section-boxed elementor-section-height-default elementor-section-height-default\" data-id=\"fae9ce0\" data-element_type=\"section\">\n\t\t\t\t\t\t<div class=\"elementor-container elementor-column-gap-wider\">\n\t\t\t\t\t<div class=\"elementor-column elementor-col-100 elementor-top-column elementor-element elementor-element-4837f7a\" data-id=\"4837f7a\" data-element_type=\"column\">\n\t\t\t<div class=\"elementor-widget-wrap elementor-element-populated\">\n\t\t\t\t\t\t<div class=\"elementor-element elementor-element-e243f85 elementor-widget elementor-widget-shortcode\" data-id=\"e243f85\" data-element_type=\"widget\" data-widget_type=\"shortcode.default\">\n\t\t\t\t<div class=\"elementor-widget-container\">\n\t\t\t\t\t\t\t<div class=\"elementor-shortcode\">\t\t<div class=\"le-services\">\n\t\t\t\t\t\t\t<a class=\"le-service\" href=\"https:\/\/goetz-fm.seitenwind-www.com\/hu\/szolgaltatasok\/tisztitas-es-higienia\/\">\n\t\t\t\t\t<div class=\"le-service-img\"><img fetchpriority=\"high\" decoding=\"async\" width=\"800\" height=\"354\" src=\"https:\/\/goetz-fm.seitenwind-www.com\/wp-content\/uploads\/goetz_dienstleistungen_reinigung-hygiene_headerbild-1024x453.jpg\" class=\"attachment-large size-large wp-post-image\" alt=\"\" srcset=\"https:\/\/goetz-fm.seitenwind-www.com\/wp-content\/uploads\/goetz_dienstleistungen_reinigung-hygiene_headerbild-1024x453.jpg 1024w, https:\/\/goetz-fm.seitenwind-www.com\/wp-content\/uploads\/goetz_dienstleistungen_reinigung-hygiene_headerbild-300x133.jpg 300w, https:\/\/goetz-fm.seitenwind-www.com\/wp-content\/uploads\/goetz_dienstleistungen_reinigung-hygiene_headerbild-768x340.jpg 768w, https:\/\/goetz-fm.seitenwind-www.com\/wp-content\/uploads\/goetz_dienstleistungen_reinigung-hygiene_headerbild-1536x680.jpg 1536w, https:\/\/goetz-fm.seitenwind-www.com\/wp-content\/uploads\/goetz_dienstleistungen_reinigung-hygiene_headerbild.jpg 1920w\" sizes=\"(max-width: 800px) 100vw, 800px\" \/><\/div>\n\t\t\t\t\t<h2 class=\"le-service-title\">Tiszt\u00edt\u00e1s \u00e9s higi\u00e9nia<\/h2>\n\t\t\t\t<\/a>\n\t\t\t\n\t\t<\/div>\n\t\t<\/div>\n\t\t\t\t\t\t<\/div>\n\t\t\t\t<\/div>\n\t\t\t\t\t<\/div>\n\t\t<\/div>\n\t\t\t\t\t<\/div>\n\t\t<\/section>\n\t\t\t\t<\/div>\n\t\t","protected":false},"excerpt":{"rendered":"<p>SZOLG\u00c1LTAT\u00c1SAINK A G\u00f6tz-csoport teljes k\u00f6r\u0171 szolg\u00e1ltat\u00e1st ny\u00fajt\u00f3 szolg\u00e1ltat\u00f3k\u00e9nt az infrastruktur\u00e1lis, m\u0171szaki \u00e9s kereskedelmi \u00e9p\u00fclet\u00fczemeltet\u00e9si professzion\u00e1lis szolg\u00e1ltat\u00e1sokat, valamint egy\u00e9b \u00fcgyf\u00e9lspecifikus ipar\u00e1gi megold\u00e1sokat k\u00edn\u00e1l sz\u00e9les k\u00f6r\u0171 \u00e1tfog\u00f3 portf\u00f3li\u00f3val. Legyen sz\u00f3 \u00e9p\u00fclettakar\u00edt\u00e1sr\u00f3l, klasszikus karbantart\u00e1si takar\u00edt\u00e1sr\u00f3l, \u00fcvegtiszt\u00edt\u00e1sr\u00f3l, biztons\u00e1gi szolg\u00e1ltat\u00e1sokr\u00f3l vagy k\u00e9zm\u0171ves szolg\u00e1ltat\u00e1sokr\u00f3l \u2013 a G\u00f6tzn\u00e9l minden szolg\u00e1ltat\u00e1st egy k\u00e9zb\u0151l kap. \u00dcgyfeleinkkel szorosan egyeztetve szem\u00e9lyre szabott megold\u00e1sokat dolgozunk ki, \u00e9s [&hellip;]<\/p>\n","protected":false},"author":1,"featured_media":0,"parent":0,"menu_order":0,"comment_status":"closed","ping_status":"closed","template":"","meta":{"_acf_changed":false,"footnotes":""},"class_list":["post-6297","page","type-page","status-publish","hentry"],"acf":[],"yoast_head":"<!-- This site is optimized with the Yoast SEO plugin v25.8 - https:\/\/yoast.com\/wordpress\/plugins\/seo\/ -->\n<title>Szolg\u00e1ltat\u00e1sok - G\u00f6tz-Gruppe<\/title>\n<meta name=\"description\" content=\"Ob Geb\u00e4udereinigung, Unterhaltsreinigung, Glasreinigung, Sicherheits\u00addienst oder Handwerker\u00adleistungen alle Services aus einer Hand.\" \/>\n<meta name=\"robots\" content=\"index, follow, max-snippet:-1, max-image-preview:large, max-video-preview:-1\" \/>\n<link rel=\"canonical\" href=\"https:\/\/goetz-fm.seitenwind-www.com\/hu\/szolgaltatasok\/\" \/>\n<meta property=\"og:locale\" content=\"hu_HU\" \/>\n<meta property=\"og:type\" content=\"article\" \/>\n<meta property=\"og:title\" content=\"Szolg\u00e1ltat\u00e1sok - G\u00f6tz-Gruppe\" \/>\n<meta property=\"og:description\" content=\"Ob Geb\u00e4udereinigung, Unterhaltsreinigung, Glasreinigung, Sicherheits\u00addienst oder Handwerker\u00adleistungen alle Services aus einer Hand.\" \/>\n<meta property=\"og:url\" content=\"https:\/\/goetz-fm.seitenwind-www.com\/hu\/szolgaltatasok\/\" \/>\n<meta property=\"og:site_name\" content=\"G\u00f6tz-Gruppe\" \/>\n<meta property=\"article:modified_time\" content=\"2023-02-28T17:57:13+00:00\" \/>\n<meta name=\"twitter:card\" content=\"summary_large_image\" \/>\n<meta name=\"twitter:label1\" content=\"Becs\u00fclt olvas\u00e1si id\u0151\" \/>\n\t<meta name=\"twitter:data1\" content=\"1 perc\" \/>\n<script type=\"application\/ld+json\" class=\"yoast-schema-graph\">{\"@context\":\"https:\/\/schema.org\",\"@graph\":[{\"@type\":\"WebPage\",\"@id\":\"https:\/\/goetz-fm.seitenwind-www.com\/hu\/szolgaltatasok\/\",\"url\":\"https:\/\/goetz-fm.seitenwind-www.com\/hu\/szolgaltatasok\/\",\"name\":\"Szolg\u00e1ltat\u00e1sok - G\u00f6tz-Gruppe\",\"isPartOf\":{\"@id\":\"https:\/\/goetz-fm.seitenwind-www.com\/hu\/#website\"},\"datePublished\":\"2021-12-07T13:01:51+00:00\",\"dateModified\":\"2023-02-28T17:57:13+00:00\",\"description\":\"Ob Geb\u00e4udereinigung, Unterhaltsreinigung, Glasreinigung, Sicherheits\u00addienst oder Handwerker\u00adleistungen alle Services aus einer Hand.\",\"breadcrumb\":{\"@id\":\"https:\/\/goetz-fm.seitenwind-www.com\/hu\/szolgaltatasok\/#breadcrumb\"},\"inLanguage\":\"hu\",\"potentialAction\":[{\"@type\":\"ReadAction\",\"target\":[\"https:\/\/goetz-fm.seitenwind-www.com\/hu\/szolgaltatasok\/\"]}]},{\"@type\":\"BreadcrumbList\",\"@id\":\"https:\/\/goetz-fm.seitenwind-www.com\/hu\/szolgaltatasok\/#breadcrumb\",\"itemListElement\":[{\"@type\":\"ListItem\",\"position\":1,\"name\":\"Home\",\"item\":\"https:\/\/goetz-fm.seitenwind-www.com\/hu\/\"},{\"@type\":\"ListItem\",\"position\":2,\"name\":\"Szolg\u00e1ltat\u00e1sok\"}]},{\"@type\":\"WebSite\",\"@id\":\"https:\/\/goetz-fm.seitenwind-www.com\/hu\/#website\",\"url\":\"https:\/\/goetz-fm.seitenwind-www.com\/hu\/\",\"name\":\"G\u00f6tz-Gruppe\",\"description\":\"Quality Services\",\"publisher\":{\"@id\":\"https:\/\/goetz-fm.seitenwind-www.com\/hu\/#organization\"},\"potentialAction\":[{\"@type\":\"SearchAction\",\"target\":{\"@type\":\"EntryPoint\",\"urlTemplate\":\"https:\/\/goetz-fm.seitenwind-www.com\/hu\/?s={search_term_string}\"},\"query-input\":{\"@type\":\"PropertyValueSpecification\",\"valueRequired\":true,\"valueName\":\"search_term_string\"}}],\"inLanguage\":\"hu\"},{\"@type\":\"Organization\",\"@id\":\"https:\/\/goetz-fm.seitenwind-www.com\/hu\/#organization\",\"name\":\"G\u00f6tz-Management-Holding AG\",\"url\":\"https:\/\/goetz-fm.seitenwind-www.com\/hu\/\",\"logo\":{\"@type\":\"ImageObject\",\"inLanguage\":\"hu\",\"@id\":\"https:\/\/goetz-fm.seitenwind-www.com\/hu\/#\/schema\/logo\/image\/\",\"url\":\"https:\/\/goetz-fm.seitenwind-www.com\/wp-content\/uploads\/goetz_logo.svg\",\"contentUrl\":\"https:\/\/goetz-fm.seitenwind-www.com\/wp-content\/uploads\/goetz_logo.svg\",\"width\":1098,\"height\":436,\"caption\":\"G\u00f6tz-Management-Holding AG\"},\"image\":{\"@id\":\"https:\/\/goetz-fm.seitenwind-www.com\/hu\/#\/schema\/logo\/image\/\"}}]}<\/script>\n<!-- \/ Yoast SEO plugin. -->","yoast_head_json":{"title":"Szolg\u00e1ltat\u00e1sok - G\u00f6tz-Gruppe","description":"Ob Geb\u00e4udereinigung, Unterhaltsreinigung, Glasreinigung, Sicherheits\u00addienst oder Handwerker\u00adleistungen alle Services aus einer Hand.","robots":{"index":"index","follow":"follow","max-snippet":"max-snippet:-1","max-image-preview":"max-image-preview:large","max-video-preview":"max-video-preview:-1"},"canonical":"https:\/\/goetz-fm.seitenwind-www.com\/hu\/szolgaltatasok\/","og_locale":"hu_HU","og_type":"article","og_title":"Szolg\u00e1ltat\u00e1sok - G\u00f6tz-Gruppe","og_description":"Ob Geb\u00e4udereinigung, Unterhaltsreinigung, Glasreinigung, Sicherheits\u00addienst oder Handwerker\u00adleistungen alle Services aus einer Hand.","og_url":"https:\/\/goetz-fm.seitenwind-www.com\/hu\/szolgaltatasok\/","og_site_name":"G\u00f6tz-Gruppe","article_modified_time":"2023-02-28T17:57:13+00:00","twitter_card":"summary_large_image","twitter_misc":{"Becs\u00fclt olvas\u00e1si id\u0151":"1 perc"},"schema":{"@context":"https:\/\/schema.org","@graph":[{"@type":"WebPage","@id":"https:\/\/goetz-fm.seitenwind-www.com\/hu\/szolgaltatasok\/","url":"https:\/\/goetz-fm.seitenwind-www.com\/hu\/szolgaltatasok\/","name":"Szolg\u00e1ltat\u00e1sok - G\u00f6tz-Gruppe","isPartOf":{"@id":"https:\/\/goetz-fm.seitenwind-www.com\/hu\/#website"},"datePublished":"2021-12-07T13:01:51+00:00","dateModified":"2023-02-28T17:57:13+00:00","description":"Ob Geb\u00e4udereinigung, Unterhaltsreinigung, Glasreinigung, Sicherheits\u00addienst oder Handwerker\u00adleistungen alle Services aus einer Hand.","breadcrumb":{"@id":"https:\/\/goetz-fm.seitenwind-www.com\/hu\/szolgaltatasok\/#breadcrumb"},"inLanguage":"hu","potentialAction":[{"@type":"ReadAction","target":["https:\/\/goetz-fm.seitenwind-www.com\/hu\/szolgaltatasok\/"]}]},{"@type":"BreadcrumbList","@id":"https:\/\/goetz-fm.seitenwind-www.com\/hu\/szolgaltatasok\/#breadcrumb","itemListElement":[{"@type":"ListItem","position":1,"name":"Home","item":"https:\/\/goetz-fm.seitenwind-www.com\/hu\/"},{"@type":"ListItem","position":2,"name":"Szolg\u00e1ltat\u00e1sok"}]},{"@type":"WebSite","@id":"https:\/\/goetz-fm.seitenwind-www.com\/hu\/#website","url":"https:\/\/goetz-fm.seitenwind-www.com\/hu\/","name":"G\u00f6tz-Gruppe","description":"Quality Services","publisher":{"@id":"https:\/\/goetz-fm.seitenwind-www.com\/hu\/#organization"},"potentialAction":[{"@type":"SearchAction","target":{"@type":"EntryPoint","urlTemplate":"https:\/\/goetz-fm.seitenwind-www.com\/hu\/?s={search_term_string}"},"query-input":{"@type":"PropertyValueSpecification","valueRequired":true,"valueName":"search_term_string"}}],"inLanguage":"hu"},{"@type":"Organization","@id":"https:\/\/goetz-fm.seitenwind-www.com\/hu\/#organization","name":"G\u00f6tz-Management-Holding AG","url":"https:\/\/goetz-fm.seitenwind-www.com\/hu\/","logo":{"@type":"ImageObject","inLanguage":"hu","@id":"https:\/\/goetz-fm.seitenwind-www.com\/hu\/#\/schema\/logo\/image\/","url":"https:\/\/goetz-fm.seitenwind-www.com\/wp-content\/uploads\/goetz_logo.svg","contentUrl":"https:\/\/goetz-fm.seitenwind-www.com\/wp-content\/uploads\/goetz_logo.svg","width":1098,"height":436,"caption":"G\u00f6tz-Management-Holding AG"},"image":{"@id":"https:\/\/goetz-fm.seitenwind-www.com\/hu\/#\/schema\/logo\/image\/"}}]}},"_links":{"self":[{"href":"https:\/\/goetz-fm.seitenwind-www.com\/hu\/wp-json\/wp\/v2\/pages\/6297","targetHints":{"allow":["GET"]}}],"collection":[{"href":"https:\/\/goetz-fm.seitenwind-www.com\/hu\/wp-json\/wp\/v2\/pages"}],"about":[{"href":"https:\/\/goetz-fm.seitenwind-www.com\/hu\/wp-json\/wp\/v2\/types\/page"}],"author":[{"embeddable":true,"href":"https:\/\/goetz-fm.seitenwind-www.com\/hu\/wp-json\/wp\/v2\/users\/1"}],"replies":[{"embeddable":true,"href":"https:\/\/goetz-fm.seitenwind-www.com\/hu\/wp-json\/wp\/v2\/comments?post=6297"}],"version-history":[{"count":7,"href":"https:\/\/goetz-fm.seitenwind-www.com\/hu\/wp-json\/wp\/v2\/pages\/6297\/revisions"}],"predecessor-version":[{"id":6457,"href":"https:\/\/goetz-fm.seitenwind-www.com\/hu\/wp-json\/wp\/v2\/pages\/6297\/revisions\/6457"}],"wp:attachment":[{"href":"https:\/\/goetz-fm.seitenwind-www.com\/hu\/wp-json\/wp\/v2\/media?parent=6297"}],"curies":[{"name":"wp","href":"https:\/\/api.w.org\/{rel}","templated":true}]}}