{"id":6419,"date":"2021-12-07T14:11:48","date_gmt":"2021-12-07T13:11:48","guid":{"rendered":"https:\/\/goetz-fm.seitenwind-www.com\/?page_id=6419"},"modified":"2023-03-21T13:44:56","modified_gmt":"2023-03-21T12:44:56","slug":"kariera-ve-spolecnosti-gotz","status":"publish","type":"page","link":"https:\/\/goetz-fm.seitenwind-www.com\/cs\/kariera-ve-spolecnosti-gotz\/","title":{"rendered":"Kari\u00e9ra ve spole\u010dnosti G\u00d6TZ"},"content":{"rendered":"\t\t<div data-elementor-type=\"wp-page\" data-elementor-id=\"6419\" class=\"elementor elementor-6419 elementor-202\" data-elementor-post-type=\"page\">\n\t\t\t\t\t\t<section class=\"elementor-section elementor-top-section elementor-element elementor-element-b3da1b9 elementor-section-height-min-height elementor-section-items-bottom elementor-section-boxed elementor-section-height-default\" data-id=\"b3da1b9\" data-element_type=\"section\" data-settings=\"{&quot;background_background&quot;:&quot;classic&quot;}\">\n\t\t\t\t\t\t<div class=\"elementor-container elementor-column-gap-default\">\n\t\t\t\t\t<div class=\"elementor-column elementor-col-100 elementor-top-column elementor-element elementor-element-6604c69\" data-id=\"6604c69\" data-element_type=\"column\">\n\t\t\t<div class=\"elementor-widget-wrap\">\n\t\t\t\t\t\t\t<\/div>\n\t\t<\/div>\n\t\t\t\t\t<\/div>\n\t\t<\/section>\n\t\t\t\t<section class=\"elementor-section elementor-top-section elementor-element elementor-element-5313c57 elementor-section-boxed elementor-section-height-default elementor-section-height-default\" data-id=\"5313c57\" data-element_type=\"section\">\n\t\t\t\t\t\t<div class=\"elementor-container elementor-column-gap-wider\">\n\t\t\t\t\t<div class=\"elementor-column elementor-col-100 elementor-top-column elementor-element elementor-element-c3a1cc3\" data-id=\"c3a1cc3\" data-element_type=\"column\">\n\t\t\t<div class=\"elementor-widget-wrap elementor-element-populated\">\n\t\t\t\t\t\t<div class=\"elementor-element elementor-element-9a83e01 elementor-widget elementor-widget-breadcrumbs\" data-id=\"9a83e01\" data-element_type=\"widget\" data-widget_type=\"breadcrumbs.default\">\n\t\t\t\t<div class=\"elementor-widget-container\">\n\t\t\t\t\t<p id=\"breadcrumbs\"><span><span><a href=\"https:\/\/goetz-fm.seitenwind-www.com\/cs\/\">Home<\/a><\/span><\/span><\/p>\t\t\t\t<\/div>\n\t\t\t\t<\/div>\n\t\t\t\t<div class=\"elementor-element elementor-element-e853116 elementor-widget elementor-widget-heading\" data-id=\"e853116\" data-element_type=\"widget\" data-widget_type=\"heading.default\">\n\t\t\t\t<div class=\"elementor-widget-container\">\n\t\t\t\t\t<h1 class=\"elementor-heading-title elementor-size-default\">Wir brauchen Menschen wie Sie\n<\/h1>\t\t\t\t<\/div>\n\t\t\t\t<\/div>\n\t\t\t\t\t<\/div>\n\t\t<\/div>\n\t\t\t\t\t<\/div>\n\t\t<\/section>\n\t\t\t\t<section class=\"elementor-section elementor-top-section elementor-element elementor-element-f35bad2 elementor-reverse-tablet elementor-reverse-mobile content-width elementor-section-boxed elementor-section-height-default elementor-section-height-default\" data-id=\"f35bad2\" data-element_type=\"section\">\n\t\t\t\t\t\t<div class=\"elementor-container elementor-column-gap-wider\">\n\t\t\t\t\t<div class=\"elementor-column elementor-col-100 elementor-top-column elementor-element elementor-element-2d725aa\" data-id=\"2d725aa\" data-element_type=\"column\">\n\t\t\t<div class=\"elementor-widget-wrap elementor-element-populated\">\n\t\t\t\t\t\t<div class=\"elementor-element elementor-element-ab9430e elementor-widget elementor-widget-text-editor\" data-id=\"ab9430e\" data-element_type=\"widget\" data-widget_type=\"text-editor.default\">\n\t\t\t\t<div class=\"elementor-widget-container\">\n\t\t\t\t\t\t\t\t\t<p>Als inhabergef\u00fchrtes Familienunternehmen ist die\u00a0G\u00f6tz-Gruppe\u00a0seit 70 Jahren im Facility Management erfolgreich. Unsere derzeit rund 16.000 Mitarbeiter sorgen an \u00fcber 100 Standorten in\u00a0sechs L\u00e4ndern mit Kompetenz, Leistung, Flexibilit\u00e4t und Verl\u00e4sslichkeit f\u00fcr die Zufriedenheit unserer Kunden.<\/p>\t\t\t\t\t\t\t\t<\/div>\n\t\t\t\t<\/div>\n\t\t\t\t<div class=\"elementor-element elementor-element-143f192 elementor-widget elementor-widget-text-editor\" data-id=\"143f192\" data-element_type=\"widget\" data-widget_type=\"text-editor.default\">\n\t\t\t\t<div class=\"elementor-widget-container\">\n\t\t\t\t\t\t\t\t\t<p>Immer im Dienste der Qualit\u00e4t erf\u00fcllen wir die hohen Anspr\u00fcche unserer Kunden. Entsprechend hoch sind die Anforderungen an unsere Mitarbeiter. Neben Fachkompetenz sind dies: <strong>Begeisterung, Wertsch\u00e4tzung, Teamf\u00e4higkeit, Motivation und der Wille, sich weiterzuentwickeln.<\/strong><\/p><p>G\u00f6tz bietet mehr als einen sicheren Arbeitsplatz. G\u00f6tz bietet Karriere mit Zukunft!<\/p>\t\t\t\t\t\t\t\t<\/div>\n\t\t\t\t<\/div>\n\t\t\t\t<div class=\"elementor-element elementor-element-81ee2cc elementor-widget elementor-widget-button\" data-id=\"81ee2cc\" data-element_type=\"widget\" data-widget_type=\"button.default\">\n\t\t\t\t<div class=\"elementor-widget-container\">\n\t\t\t\t\t\t\t\t\t<div class=\"elementor-button-wrapper\">\n\t\t\t\t\t<a class=\"elementor-button elementor-button-link elementor-size-sm\" href=\"https:\/\/goetz-fm.seitenwind-www.com\/karriere-bei-goetz\/jobs\/\">\n\t\t\t\t\t\t<span class=\"elementor-button-content-wrapper\">\n\t\t\t\t\t\t\t\t\t<span class=\"elementor-button-text\">Zu unseren Jobs<\/span>\n\t\t\t\t\t<\/span>\n\t\t\t\t\t<\/a>\n\t\t\t\t<\/div>\n\t\t\t\t\t\t\t\t<\/div>\n\t\t\t\t<\/div>\n\t\t\t\t\t<\/div>\n\t\t<\/div>\n\t\t\t\t\t<\/div>\n\t\t<\/section>\n\t\t\t\t<section class=\"elementor-section elementor-top-section elementor-element elementor-element-8cd779d elementor-section-boxed elementor-section-height-default elementor-section-height-default\" data-id=\"8cd779d\" data-element_type=\"section\">\n\t\t\t\t\t\t<div class=\"elementor-container elementor-column-gap-wider\">\n\t\t\t\t\t<div class=\"elementor-column elementor-col-100 elementor-top-column elementor-element elementor-element-e528c49\" data-id=\"e528c49\" data-element_type=\"column\">\n\t\t\t<div class=\"elementor-widget-wrap elementor-element-populated\">\n\t\t\t\t\t\t<div class=\"elementor-element elementor-element-450acec elementor-widget elementor-widget-video\" data-id=\"450acec\" data-element_type=\"widget\" data-settings=\"{&quot;video_type&quot;:&quot;hosted&quot;,&quot;mute&quot;:&quot;yes&quot;,&quot;controls&quot;:&quot;yes&quot;}\" data-widget_type=\"video.default\">\n\t\t\t\t<div class=\"elementor-widget-container\">\n\t\t\t\t\t\t\t<div class=\"e-hosted-video elementor-wrapper elementor-open-inline\">\n\t\t\t\t\t<video class=\"elementor-video\" src=\"https:\/\/goetz-fm.seitenwind-www.com\/wp-content\/uploads\/goetz-national.mp4\" controls=\"\" preload=\"metadata\" muted=\"muted\" controlsList=\"nodownload\"><\/video>\n\t\t\t\t<\/div>\n\t\t\t\t\t\t<\/div>\n\t\t\t\t<\/div>\n\t\t\t\t\t<\/div>\n\t\t<\/div>\n\t\t\t\t\t<\/div>\n\t\t<\/section>\n\t\t\t\t<\/div>\n\t\t","protected":false},"excerpt":{"rendered":"<p>Wir brauchen Menschen wie Sie Als inhabergef\u00fchrtes Familienunternehmen ist die\u00a0G\u00f6tz-Gruppe\u00a0seit 70 Jahren im Facility Management erfolgreich. Unsere derzeit rund 16.000 Mitarbeiter sorgen an \u00fcber 100 Standorten in\u00a0sechs L\u00e4ndern mit Kompetenz, Leistung, Flexibilit\u00e4t und Verl\u00e4sslichkeit f\u00fcr die Zufriedenheit unserer Kunden. Immer im Dienste der Qualit\u00e4t erf\u00fcllen wir die hohen Anspr\u00fcche unserer Kunden. Entsprechend hoch sind die [&hellip;]<\/p>\n","protected":false},"author":1,"featured_media":0,"parent":0,"menu_order":0,"comment_status":"closed","ping_status":"closed","template":"","meta":{"_acf_changed":false,"footnotes":""},"class_list":["post-6419","page","type-page","status-publish","hentry"],"acf":[],"yoast_head":"<!-- This site is optimized with the Yoast SEO plugin v25.8 - https:\/\/yoast.com\/wordpress\/plugins\/seo\/ -->\n<title>Kari\u00e9ra ve spole\u010dnosti G\u00d6TZ - G\u00f6tz-Gruppe<\/title>\n<meta name=\"robots\" content=\"index, follow, max-snippet:-1, max-image-preview:large, max-video-preview:-1\" \/>\n<link rel=\"canonical\" href=\"https:\/\/goetz-fm.seitenwind-www.com\/cs\/kariera-ve-spolecnosti-gotz\/\" \/>\n<meta property=\"og:locale\" content=\"cs_CZ\" \/>\n<meta property=\"og:type\" content=\"article\" \/>\n<meta property=\"og:title\" content=\"Kari\u00e9ra ve spole\u010dnosti G\u00d6TZ - G\u00f6tz-Gruppe\" \/>\n<meta property=\"og:description\" content=\"Wir brauchen Menschen wie Sie Als inhabergef\u00fchrtes Familienunternehmen ist die\u00a0G\u00f6tz-Gruppe\u00a0seit 70 Jahren im Facility Management erfolgreich. Unsere derzeit rund 16.000 Mitarbeiter sorgen an \u00fcber 100 Standorten in\u00a0sechs L\u00e4ndern mit Kompetenz, Leistung, Flexibilit\u00e4t und Verl\u00e4sslichkeit f\u00fcr die Zufriedenheit unserer Kunden. Immer im Dienste der Qualit\u00e4t erf\u00fcllen wir die hohen Anspr\u00fcche unserer Kunden. Entsprechend hoch sind die [&hellip;]\" \/>\n<meta property=\"og:url\" content=\"https:\/\/goetz-fm.seitenwind-www.com\/cs\/kariera-ve-spolecnosti-gotz\/\" \/>\n<meta property=\"og:site_name\" content=\"G\u00f6tz-Gruppe\" \/>\n<meta property=\"article:modified_time\" content=\"2023-03-21T12:44:56+00:00\" \/>\n<meta name=\"twitter:card\" content=\"summary_large_image\" \/>\n<meta name=\"twitter:label1\" content=\"Odhadovan\u00e1 doba \u010dten\u00ed\" \/>\n\t<meta name=\"twitter:data1\" content=\"1 minuta\" \/>\n<script type=\"application\/ld+json\" class=\"yoast-schema-graph\">{\"@context\":\"https:\/\/schema.org\",\"@graph\":[{\"@type\":\"WebPage\",\"@id\":\"https:\/\/goetz-fm.seitenwind-www.com\/cs\/kariera-ve-spolecnosti-gotz\/\",\"url\":\"https:\/\/goetz-fm.seitenwind-www.com\/cs\/kariera-ve-spolecnosti-gotz\/\",\"name\":\"Kari\u00e9ra ve spole\u010dnosti G\u00d6TZ - G\u00f6tz-Gruppe\",\"isPartOf\":{\"@id\":\"https:\/\/goetz-fm.seitenwind-www.com\/cs\/#website\"},\"datePublished\":\"2021-12-07T13:11:48+00:00\",\"dateModified\":\"2023-03-21T12:44:56+00:00\",\"breadcrumb\":{\"@id\":\"https:\/\/goetz-fm.seitenwind-www.com\/cs\/kariera-ve-spolecnosti-gotz\/#breadcrumb\"},\"inLanguage\":\"cs\",\"potentialAction\":[{\"@type\":\"ReadAction\",\"target\":[\"https:\/\/goetz-fm.seitenwind-www.com\/cs\/kariera-ve-spolecnosti-gotz\/\"]}]},{\"@type\":\"BreadcrumbList\",\"@id\":\"https:\/\/goetz-fm.seitenwind-www.com\/cs\/kariera-ve-spolecnosti-gotz\/#breadcrumb\",\"itemListElement\":[{\"@type\":\"ListItem\",\"position\":1,\"name\":\"Home\",\"item\":\"https:\/\/goetz-fm.seitenwind-www.com\/cs\/\"},{\"@type\":\"ListItem\",\"position\":2,\"name\":\"Kari\u00e9ra ve spole\u010dnosti G\u00d6TZ\"}]},{\"@type\":\"WebSite\",\"@id\":\"https:\/\/goetz-fm.seitenwind-www.com\/cs\/#website\",\"url\":\"https:\/\/goetz-fm.seitenwind-www.com\/cs\/\",\"name\":\"G\u00f6tz-Gruppe\",\"description\":\"Quality Services\",\"publisher\":{\"@id\":\"https:\/\/goetz-fm.seitenwind-www.com\/cs\/#organization\"},\"potentialAction\":[{\"@type\":\"SearchAction\",\"target\":{\"@type\":\"EntryPoint\",\"urlTemplate\":\"https:\/\/goetz-fm.seitenwind-www.com\/cs\/?s={search_term_string}\"},\"query-input\":{\"@type\":\"PropertyValueSpecification\",\"valueRequired\":true,\"valueName\":\"search_term_string\"}}],\"inLanguage\":\"cs\"},{\"@type\":\"Organization\",\"@id\":\"https:\/\/goetz-fm.seitenwind-www.com\/cs\/#organization\",\"name\":\"G\u00f6tz-Management-Holding AG\",\"url\":\"https:\/\/goetz-fm.seitenwind-www.com\/cs\/\",\"logo\":{\"@type\":\"ImageObject\",\"inLanguage\":\"cs\",\"@id\":\"https:\/\/goetz-fm.seitenwind-www.com\/cs\/#\/schema\/logo\/image\/\",\"url\":\"https:\/\/goetz-fm.seitenwind-www.com\/wp-content\/uploads\/goetz_logo.svg\",\"contentUrl\":\"https:\/\/goetz-fm.seitenwind-www.com\/wp-content\/uploads\/goetz_logo.svg\",\"width\":1098,\"height\":436,\"caption\":\"G\u00f6tz-Management-Holding AG\"},\"image\":{\"@id\":\"https:\/\/goetz-fm.seitenwind-www.com\/cs\/#\/schema\/logo\/image\/\"}}]}<\/script>\n<!-- \/ Yoast SEO plugin. -->","yoast_head_json":{"title":"Kari\u00e9ra ve spole\u010dnosti G\u00d6TZ - G\u00f6tz-Gruppe","robots":{"index":"index","follow":"follow","max-snippet":"max-snippet:-1","max-image-preview":"max-image-preview:large","max-video-preview":"max-video-preview:-1"},"canonical":"https:\/\/goetz-fm.seitenwind-www.com\/cs\/kariera-ve-spolecnosti-gotz\/","og_locale":"cs_CZ","og_type":"article","og_title":"Kari\u00e9ra ve spole\u010dnosti G\u00d6TZ - G\u00f6tz-Gruppe","og_description":"Wir brauchen Menschen wie Sie Als inhabergef\u00fchrtes Familienunternehmen ist die\u00a0G\u00f6tz-Gruppe\u00a0seit 70 Jahren im Facility Management erfolgreich. Unsere derzeit rund 16.000 Mitarbeiter sorgen an \u00fcber 100 Standorten in\u00a0sechs L\u00e4ndern mit Kompetenz, Leistung, Flexibilit\u00e4t und Verl\u00e4sslichkeit f\u00fcr die Zufriedenheit unserer Kunden. Immer im Dienste der Qualit\u00e4t erf\u00fcllen wir die hohen Anspr\u00fcche unserer Kunden. Entsprechend hoch sind die [&hellip;]","og_url":"https:\/\/goetz-fm.seitenwind-www.com\/cs\/kariera-ve-spolecnosti-gotz\/","og_site_name":"G\u00f6tz-Gruppe","article_modified_time":"2023-03-21T12:44:56+00:00","twitter_card":"summary_large_image","twitter_misc":{"Odhadovan\u00e1 doba \u010dten\u00ed":"1 minuta"},"schema":{"@context":"https:\/\/schema.org","@graph":[{"@type":"WebPage","@id":"https:\/\/goetz-fm.seitenwind-www.com\/cs\/kariera-ve-spolecnosti-gotz\/","url":"https:\/\/goetz-fm.seitenwind-www.com\/cs\/kariera-ve-spolecnosti-gotz\/","name":"Kari\u00e9ra ve spole\u010dnosti G\u00d6TZ - G\u00f6tz-Gruppe","isPartOf":{"@id":"https:\/\/goetz-fm.seitenwind-www.com\/cs\/#website"},"datePublished":"2021-12-07T13:11:48+00:00","dateModified":"2023-03-21T12:44:56+00:00","breadcrumb":{"@id":"https:\/\/goetz-fm.seitenwind-www.com\/cs\/kariera-ve-spolecnosti-gotz\/#breadcrumb"},"inLanguage":"cs","potentialAction":[{"@type":"ReadAction","target":["https:\/\/goetz-fm.seitenwind-www.com\/cs\/kariera-ve-spolecnosti-gotz\/"]}]},{"@type":"BreadcrumbList","@id":"https:\/\/goetz-fm.seitenwind-www.com\/cs\/kariera-ve-spolecnosti-gotz\/#breadcrumb","itemListElement":[{"@type":"ListItem","position":1,"name":"Home","item":"https:\/\/goetz-fm.seitenwind-www.com\/cs\/"},{"@type":"ListItem","position":2,"name":"Kari\u00e9ra ve spole\u010dnosti G\u00d6TZ"}]},{"@type":"WebSite","@id":"https:\/\/goetz-fm.seitenwind-www.com\/cs\/#website","url":"https:\/\/goetz-fm.seitenwind-www.com\/cs\/","name":"G\u00f6tz-Gruppe","description":"Quality Services","publisher":{"@id":"https:\/\/goetz-fm.seitenwind-www.com\/cs\/#organization"},"potentialAction":[{"@type":"SearchAction","target":{"@type":"EntryPoint","urlTemplate":"https:\/\/goetz-fm.seitenwind-www.com\/cs\/?s={search_term_string}"},"query-input":{"@type":"PropertyValueSpecification","valueRequired":true,"valueName":"search_term_string"}}],"inLanguage":"cs"},{"@type":"Organization","@id":"https:\/\/goetz-fm.seitenwind-www.com\/cs\/#organization","name":"G\u00f6tz-Management-Holding AG","url":"https:\/\/goetz-fm.seitenwind-www.com\/cs\/","logo":{"@type":"ImageObject","inLanguage":"cs","@id":"https:\/\/goetz-fm.seitenwind-www.com\/cs\/#\/schema\/logo\/image\/","url":"https:\/\/goetz-fm.seitenwind-www.com\/wp-content\/uploads\/goetz_logo.svg","contentUrl":"https:\/\/goetz-fm.seitenwind-www.com\/wp-content\/uploads\/goetz_logo.svg","width":1098,"height":436,"caption":"G\u00f6tz-Management-Holding AG"},"image":{"@id":"https:\/\/goetz-fm.seitenwind-www.com\/cs\/#\/schema\/logo\/image\/"}}]}},"_links":{"self":[{"href":"https:\/\/goetz-fm.seitenwind-www.com\/cs\/wp-json\/wp\/v2\/pages\/6419","targetHints":{"allow":["GET"]}}],"collection":[{"href":"https:\/\/goetz-fm.seitenwind-www.com\/cs\/wp-json\/wp\/v2\/pages"}],"about":[{"href":"https:\/\/goetz-fm.seitenwind-www.com\/cs\/wp-json\/wp\/v2\/types\/page"}],"author":[{"embeddable":true,"href":"https:\/\/goetz-fm.seitenwind-www.com\/cs\/wp-json\/wp\/v2\/users\/1"}],"replies":[{"embeddable":true,"href":"https:\/\/goetz-fm.seitenwind-www.com\/cs\/wp-json\/wp\/v2\/comments?post=6419"}],"version-history":[{"count":6,"href":"https:\/\/goetz-fm.seitenwind-www.com\/cs\/wp-json\/wp\/v2\/pages\/6419\/revisions"}],"predecessor-version":[{"id":6764,"href":"https:\/\/goetz-fm.seitenwind-www.com\/cs\/wp-json\/wp\/v2\/pages\/6419\/revisions\/6764"}],"wp:attachment":[{"href":"https:\/\/goetz-fm.seitenwind-www.com\/cs\/wp-json\/wp\/v2\/media?parent=6419"}],"curies":[{"name":"wp","href":"https:\/\/api.w.org\/{rel}","templated":true}]}}