{"id":6252,"date":"2021-12-07T14:11:56","date_gmt":"2021-12-07T13:11:56","guid":{"rendered":"https:\/\/goetz-fm.seitenwind-www.com\/nachhaltigkeit\/"},"modified":"2023-03-20T10:03:37","modified_gmt":"2023-03-20T09:03:37","slug":"udrzitelnost","status":"publish","type":"page","link":"https:\/\/goetz-fm.seitenwind-www.com\/cs\/udrzitelnost\/","title":{"rendered":"Udr\u017eitelnost"},"content":{"rendered":"\t\t<div data-elementor-type=\"wp-page\" data-elementor-id=\"6252\" class=\"elementor elementor-6252 elementor-204\" data-elementor-post-type=\"page\">\n\t\t\t\t\t\t<section class=\"elementor-section elementor-top-section elementor-element elementor-element-23e99b4 elementor-section-height-min-height elementor-section-items-bottom elementor-section-boxed elementor-section-height-default\" data-id=\"23e99b4\" data-element_type=\"section\" data-settings=\"{&quot;background_background&quot;:&quot;classic&quot;}\">\n\t\t\t\t\t\t<div class=\"elementor-container elementor-column-gap-default\">\n\t\t\t\t\t<div class=\"elementor-column elementor-col-100 elementor-top-column elementor-element elementor-element-afd8af5\" data-id=\"afd8af5\" data-element_type=\"column\">\n\t\t\t<div class=\"elementor-widget-wrap\">\n\t\t\t\t\t\t\t<\/div>\n\t\t<\/div>\n\t\t\t\t\t<\/div>\n\t\t<\/section>\n\t\t\t\t<section class=\"elementor-section elementor-top-section elementor-element elementor-element-05806fb elementor-section-boxed elementor-section-height-default elementor-section-height-default\" data-id=\"05806fb\" data-element_type=\"section\">\n\t\t\t\t\t\t<div class=\"elementor-container elementor-column-gap-wider\">\n\t\t\t\t\t<div class=\"elementor-column elementor-col-100 elementor-top-column elementor-element elementor-element-6146cc2\" data-id=\"6146cc2\" data-element_type=\"column\">\n\t\t\t<div class=\"elementor-widget-wrap elementor-element-populated\">\n\t\t\t\t\t\t<div class=\"elementor-element elementor-element-b05347a elementor-widget elementor-widget-breadcrumbs\" data-id=\"b05347a\" data-element_type=\"widget\" data-widget_type=\"breadcrumbs.default\">\n\t\t\t\t<div class=\"elementor-widget-container\">\n\t\t\t\t\t<p id=\"breadcrumbs\"><span><span><a href=\"https:\/\/goetz-fm.seitenwind-www.com\/cs\/\">Home<\/a><\/span><\/span><\/p>\t\t\t\t<\/div>\n\t\t\t\t<\/div>\n\t\t\t\t<div class=\"elementor-element elementor-element-8550bca elementor-widget elementor-widget-heading\" data-id=\"8550bca\" data-element_type=\"widget\" data-widget_type=\"heading.default\">\n\t\t\t\t<div class=\"elementor-widget-container\">\n\t\t\t\t\t<h1 class=\"elementor-heading-title elementor-size-default\">Udr\u017eitelnost<\/h1>\t\t\t\t<\/div>\n\t\t\t\t<\/div>\n\t\t\t\t\t<\/div>\n\t\t<\/div>\n\t\t\t\t\t<\/div>\n\t\t<\/section>\n\t\t\t\t<section class=\"elementor-section elementor-top-section elementor-element elementor-element-f721d73 elementor-reverse-tablet elementor-reverse-mobile elementor-section-boxed elementor-section-height-default elementor-section-height-default\" data-id=\"f721d73\" data-element_type=\"section\">\n\t\t\t\t\t\t<div class=\"elementor-container elementor-column-gap-wider\">\n\t\t\t\t\t<div class=\"elementor-column elementor-col-50 elementor-top-column elementor-element elementor-element-2b44f06\" data-id=\"2b44f06\" data-element_type=\"column\">\n\t\t\t<div class=\"elementor-widget-wrap elementor-element-populated\">\n\t\t\t\t\t\t<div class=\"elementor-element elementor-element-1d74bb8 elementor-widget elementor-widget-text-editor\" data-id=\"1d74bb8\" data-element_type=\"widget\" data-widget_type=\"text-editor.default\">\n\t\t\t\t<div class=\"elementor-widget-container\">\n\t\t\t\t\t\t\t\t\t<p>Udr\u017eiteln\u00e9, budouc\u00ed \u0159\u00edzen\u00ed a jedn\u00e1n\u00ed se zam\u011bstnanci, z\u00e1kazn\u00edky a partnery hraj\u00ed zvl\u00e1\u0161t\u011b d\u016fle\u017eitou roli pro rodinn\u00fd podnik, kter\u00fd ji\u017e byl p\u0159ed\u00e1n t\u0159et\u00ed generaci. Udr\u017eitelnost \u010del\u00ed spole\u010dnost G\u00d6TZ v ka\u017edodenn\u00ed akci a v z\u00e1kladn\u00edm p\u0159\u00edstupu k lidem a \u017eivotn\u00edmu prost\u0159ed\u00ed.<\/p>\t\t\t\t\t\t\t\t<\/div>\n\t\t\t\t<\/div>\n\t\t\t\t<div class=\"elementor-element elementor-element-91faf74 elementor-widget elementor-widget-text-editor\" data-id=\"91faf74\" data-element_type=\"widget\" data-widget_type=\"text-editor.default\">\n\t\t\t\t<div class=\"elementor-widget-container\">\n\t\t\t\t\t\t\t\t\t<p>Spole\u010dnost G\u00d6TZ podporuje velk\u00e9 mno\u017estv\u00ed neziskov\u00fdch a soci\u00e1ln\u00edch projekt\u016f. Ekologick\u00fd a ekonomick\u00fd aspekt je v\u0161ak pro n\u00e1s tak\u00e9 velmi d\u016fle\u017eit\u00fd. V\u0161echny t\u0159i oblasti jsou proto pevn\u011b ukotveny v na\u0161ich hodnot\u00e1ch spole\u010dnosti.<\/p>\t\t\t\t\t\t\t\t<\/div>\n\t\t\t\t<\/div>\n\t\t\t\t\t<\/div>\n\t\t<\/div>\n\t\t\t\t<div class=\"elementor-column elementor-col-50 elementor-top-column elementor-element elementor-element-d90deaa\" data-id=\"d90deaa\" data-element_type=\"column\">\n\t\t\t<div class=\"elementor-widget-wrap elementor-element-populated\">\n\t\t\t\t\t\t<div class=\"elementor-element elementor-element-c12be91 elementor-widget elementor-widget-shortcode\" data-id=\"c12be91\" data-element_type=\"widget\" data-widget_type=\"shortcode.default\">\n\t\t\t\t<div class=\"elementor-widget-container\">\n\t\t\t\t\t\t\t<div class=\"elementor-shortcode\">\n\t\t<div id=\"toc\" class=\"toc\"><\/div>\n\n\t<\/div>\n\t\t\t\t\t\t<\/div>\n\t\t\t\t<\/div>\n\t\t\t\t\t<\/div>\n\t\t<\/div>\n\t\t\t\t\t<\/div>\n\t\t<\/section>\n\t\t\t\t<section class=\"elementor-section elementor-top-section elementor-element elementor-element-9c0cf7a elementor-section-boxed elementor-section-height-default elementor-section-height-default\" data-id=\"9c0cf7a\" data-element_type=\"section\">\n\t\t\t\t\t\t<div class=\"elementor-container elementor-column-gap-wider\">\n\t\t\t\t\t<div class=\"elementor-column elementor-col-100 elementor-top-column elementor-element elementor-element-012adb2\" data-id=\"012adb2\" data-element_type=\"column\">\n\t\t\t<div class=\"elementor-widget-wrap elementor-element-populated\">\n\t\t\t\t\t\t<div class=\"elementor-element elementor-element-3be6e94 elementor-widget elementor-widget-heading\" data-id=\"3be6e94\" data-element_type=\"widget\" data-widget_type=\"heading.default\">\n\t\t\t\t<div class=\"elementor-widget-container\">\n\t\t\t\t\t<h2 class=\"elementor-heading-title elementor-size-default\">Spole\u010densk\u00e1 odpov\u011bdnost<\/h2>\t\t\t\t<\/div>\n\t\t\t\t<\/div>\n\t\t\t\t<div class=\"elementor-element elementor-element-a823752 elementor-widget elementor-widget-heading\" data-id=\"a823752\" data-element_type=\"widget\" data-widget_type=\"heading.default\">\n\t\t\t\t<div class=\"elementor-widget-container\">\n\t\t\t\t\t<h3 class=\"elementor-heading-title elementor-size-default\">Co je pro n\u00e1s d\u016fle\u017eit\u00e9<\/h3>\t\t\t\t<\/div>\n\t\t\t\t<\/div>\n\t\t\t\t<div class=\"elementor-element elementor-element-b9f9425 elementor-widget elementor-widget-text-editor\" data-id=\"b9f9425\" data-element_type=\"widget\" data-widget_type=\"text-editor.default\">\n\t\t\t\t<div class=\"elementor-widget-container\">\n\t\t\t\t\t\t\t\t\t<p>Aktivn\u011b podporujeme soci\u00e1ln\u00ed odpov\u011bdnost, a proto podporujeme \u010detn\u00e9 soci\u00e1ln\u00ed projekty.<\/p><p>Podporujeme tak\u00e9 r\u016fzn\u00e9 soci\u00e1ln\u00ed instituce s dary, jako jsou st\u0159ediska denn\u00ed p\u00e9\u010de, semin\u00e1\u0159e se zdravotn\u00edm posti\u017een\u00edm a neziskov\u00e1 sdru\u017een\u00ed.<\/p><p>Na\u0161i vlastn\u00ed zam\u011bstnanci jsou v\u0161ak tak\u00e9 d\u016fle\u017eit\u00fdm zam\u011b\u0159en\u00edm na\u0161\u00ed spole\u010densk\u00e9 odpov\u011bdnosti. To zahrnuje spravedliv\u00fd, uctiv\u00fd p\u0159\u00edstup v rodinn\u00e9 atmosf\u00e9\u0159e a \u201epolitiku otev\u0159en\u00fdch dve\u0159\u00ed\u201c.<\/p><p>Individu\u00e1ln\u011b propagujeme talenty na\u0161ich zam\u011bstnanc\u016f prost\u0159ednictv\u00edm \u0161kolen\u00ed a otev\u00edr\u00e1me p\u0159\u00edle\u017eitosti pro dal\u0161\u00ed kari\u00e9ru v na\u0161\u00ed spole\u010dnosti.<\/p><p>Jsme tak\u00e9 hrd\u00ed na \u00fasp\u011b\u0161nou integraci na\u0161ich zam\u011bstnanc\u016f z v\u00edce ne\u017e 100 zem\u00ed.<\/p>\t\t\t\t\t\t\t\t<\/div>\n\t\t\t\t<\/div>\n\t\t\t\t\t<\/div>\n\t\t<\/div>\n\t\t\t\t\t<\/div>\n\t\t<\/section>\n\t\t\t\t<section class=\"elementor-section elementor-top-section elementor-element elementor-element-925ac09  has-bg elementor-section-boxed elementor-section-height-default elementor-section-height-default\" data-id=\"925ac09\" data-element_type=\"section\" data-settings=\"{&quot;background_background&quot;:&quot;classic&quot;}\">\n\t\t\t\t\t\t<div class=\"elementor-container elementor-column-gap-wider\">\n\t\t\t\t\t<div class=\"elementor-column elementor-col-100 elementor-top-column elementor-element elementor-element-339d82d\" data-id=\"339d82d\" data-element_type=\"column\">\n\t\t\t<div class=\"elementor-widget-wrap elementor-element-populated\">\n\t\t\t\t\t\t<div class=\"elementor-element elementor-element-d3c95ce elementor-widget elementor-widget-heading\" data-id=\"d3c95ce\" data-element_type=\"widget\" data-widget_type=\"heading.default\">\n\t\t\t\t<div class=\"elementor-widget-container\">\n\t\t\t\t\t<h2 class=\"elementor-heading-title elementor-size-default\">Ekologick\u00e1 odpov\u011bdnost<\/h2>\t\t\t\t<\/div>\n\t\t\t\t<\/div>\n\t\t\t\t<div class=\"elementor-element elementor-element-1a6dd7f elementor-widget elementor-widget-heading\" data-id=\"1a6dd7f\" data-element_type=\"widget\" data-widget_type=\"heading.default\">\n\t\t\t\t<div class=\"elementor-widget-container\">\n\t\t\t\t\t<h3 class=\"elementor-heading-title elementor-size-default\">Pr\u016fkopn\u00edk v ochran\u011b \u017eivotn\u00edho prost\u0159ed\u00ed<\/h3>\t\t\t\t<\/div>\n\t\t\t\t<\/div>\n\t\t\t\t<div class=\"elementor-element elementor-element-0f4e938 elementor-widget elementor-widget-text-editor\" data-id=\"0f4e938\" data-element_type=\"widget\" data-widget_type=\"text-editor.default\">\n\t\t\t\t<div class=\"elementor-widget-container\">\n\t\t\t\t\t\t\t\t\t<p>Ji\u017e v roce 1996 jsme byli prvn\u00ed \u00faklidov\u00e1 spole\u010dnost v N\u011bmecku, kter\u00e1 p\u0159edstavila vlastn\u00ed syst\u00e9m environment\u00e1ln\u00edho \u0159\u00edzen\u00ed a z\u00edskal certifikaci podle DIN EN ISO 14001 (v sou\u010dasn\u00e9 dob\u011b DIN EN ISO 14001: 2015). Od roku 2018 jsme v na\u0161em integrovan\u00e9m syst\u00e9mu \u0159\u00edzen\u00ed doplnili Energy Management a podle DIN EN ISO 50001: 2011 jsme certifikov\u00e1ni od listopadu 2018. Dnes se c\u00edt\u00edme v\u00edce anga\u017eovan\u00ed k \u017eivotn\u00edmu prost\u0159ed\u00ed ne\u017e kdy jindy. P\u0159esn\u00fdm stanoven\u00edm v\u0161ech \u00fakol\u016f, kter\u00e9 maj\u00ed b\u00fdt spln\u011bny zaji\u0161\u0165ujeme p\u0159\u00edslu\u0161n\u00e9 povinnosti a data pro udr\u017eitelnou organiza\u010dn\u00ed bezpe\u010dnost.<\/p><p>Dal\u0161\u00edm d\u016fle\u017eit\u00fdm aspektem na\u0161eho programu ochrany \u017eivotn\u00edho prost\u0159ed\u00ed je nep\u0159etr\u017eit\u00fd p\u0159ezkum v\u0161ech pracovn\u00edch proces\u016f a produkt\u016f nebo stroj\u016f pou\u017e\u00edvan\u00fdch na jejich energetick\u00e9 \u00fa\u010dinnosti a dal\u0161\u00ed environment\u00e1ln\u00ed a energetick\u00e9 \u00fa\u010dinky, jako\u017e i jejich optimalizaci.<\/p><p>Sn\u00ed\u017een\u00ed emis\u00ed flotily m\u00e1 pro skupinu G\u00d6TZ vysokou prioritu. Z tohoto d\u016fvodu je tak\u00e9 sou\u010d\u00e1st\u00ed firemn\u00edch c\u00edl\u016f pro rok 2022 napl\u00e1nov\u00e1na elektromobilita v G\u00f6tz. Do roku 2025 se o\u010dek\u00e1v\u00e1, \u017ee pod\u00edl elektrifikovan\u00fdch vozidel a \u010dist\u011b elektrick\u00fdch vozidel se zv\u00fd\u0161\u00ed na 35% z celkov\u00e9ho autoparku..<\/p>\t\t\t\t\t\t\t\t<\/div>\n\t\t\t\t<\/div>\n\t\t\t\t\t<\/div>\n\t\t<\/div>\n\t\t\t\t\t<\/div>\n\t\t<\/section>\n\t\t\t\t<section class=\"elementor-section elementor-top-section elementor-element elementor-element-7c97022 content-width elementor-section-boxed elementor-section-height-default elementor-section-height-default\" data-id=\"7c97022\" data-element_type=\"section\">\n\t\t\t\t\t\t<div class=\"elementor-container elementor-column-gap-wider\">\n\t\t\t\t\t<div class=\"elementor-column elementor-col-100 elementor-top-column elementor-element elementor-element-ea80918\" data-id=\"ea80918\" data-element_type=\"column\">\n\t\t\t<div class=\"elementor-widget-wrap elementor-element-populated\">\n\t\t\t\t\t\t<div class=\"elementor-element elementor-element-9051d20 elementor-widget elementor-widget-heading\" data-id=\"9051d20\" data-element_type=\"widget\" data-widget_type=\"heading.default\">\n\t\t\t\t<div class=\"elementor-widget-container\">\n\t\t\t\t\t<h2 class=\"elementor-heading-title elementor-size-default\">Ekonomick\u00e1 odpov\u011bdnost<\/h2>\t\t\t\t<\/div>\n\t\t\t\t<\/div>\n\t\t\t\t<div class=\"elementor-element elementor-element-38b49c8 elementor-widget elementor-widget-heading\" data-id=\"38b49c8\" data-element_type=\"widget\" data-widget_type=\"heading.default\">\n\t\t\t\t<div class=\"elementor-widget-container\">\n\t\t\t\t\t<h3 class=\"elementor-heading-title elementor-size-default\">\u00dasp\u011bch a odpov\u011bdnost jdou ruku v ruce<\/h3>\t\t\t\t<\/div>\n\t\t\t\t<\/div>\n\t\t\t\t<div class=\"elementor-element elementor-element-ecafdc8 elementor-widget elementor-widget-text-editor\" data-id=\"ecafdc8\" data-element_type=\"widget\" data-widget_type=\"text-editor.default\">\n\t\t\t\t<div class=\"elementor-widget-container\">\n\t\t\t\t\t\t\t\t\t<p>V\u011b\u0159\u00edme, \u017ee vysok\u00fd stupe\u0148 kvality a pov\u011bdom\u00ed o \u017eivotn\u00edm prost\u0159ed\u00ed zaji\u0161\u0165uje ekonomick\u00fd \u00fasp\u011bch a umo\u017e\u0148uje stabiln\u00ed r\u016fst. Konkr\u00e9tn\u011b to znamen\u00e1, \u017ee na\u0161e z\u00e1kazn\u00edky pojist\u00edme vysokou \u00farovn\u00ed kvality a vysok\u00e9 transparentnosti. Tak\u00e9 za t\u00edm si stoj\u00edme s na\u0161\u00edm logem. Takto vytv\u00e1\u0159\u00edme bezpe\u010dn\u00e9 zam\u011bstn\u00e1n\u00ed a jsme spolehliv\u00fdm partnerem pro na\u0161e z\u00e1kazn\u00edky a zam\u011bstnance.<\/p><p>Pro n\u00e1s nen\u00ed digitalizace projektem, ale skute\u010dnost\u00ed. P\u0159i zav\u00e1d\u011bn\u00ed ve spole\u010dnosti v\u017edy zva\u017eujeme odpov\u011bdnost za ekologick\u00e9, ekonomick\u00e9 a soci\u00e1ln\u00ed podm\u00ednky.<\/p>\t\t\t\t\t\t\t\t<\/div>\n\t\t\t\t<\/div>\n\t\t\t\t\t<\/div>\n\t\t<\/div>\n\t\t\t\t\t<\/div>\n\t\t<\/section>\n\t\t\t\t<\/div>\n\t\t","protected":false},"excerpt":{"rendered":"<p>Udr\u017eiteln\u00e9, budouc\u00ed \u0159\u00edzen\u00ed a jedn\u00e1n\u00ed se zam\u011bstnanci, z\u00e1kazn\u00edky a partnery hraj\u00ed zvl\u00e1\u0161t\u011b d\u016fle\u017eitou roli pro rodinn\u00fd podnik, kter\u00fd ji\u017e byl p\u0159ed\u00e1n t\u0159et\u00ed generaci. Udr\u017eitelnost \u010del\u00ed spole\u010dnost G\u00d6TZ v ka\u017edodenn\u00ed akci a v z\u00e1kladn\u00edm p\u0159\u00edstupu k lidem a \u017eivotn\u00edmu prost\u0159ed\u00ed. Spole\u010dnost G\u00d6TZ podporuje velk\u00e9 mno\u017estv\u00ed neziskov\u00fdch a soci\u00e1ln\u00edch projekt\u016f. Ekologick\u00fd a ekonomick\u00fd aspekt je v\u0161ak pro [&hellip;]<\/p>\n","protected":false},"author":1,"featured_media":0,"parent":0,"menu_order":0,"comment_status":"closed","ping_status":"closed","template":"","meta":{"_acf_changed":false,"footnotes":""},"class_list":["post-6252","page","type-page","status-publish","hentry"],"acf":[],"yoast_head":"<!-- This site is optimized with the Yoast SEO plugin v25.8 - https:\/\/yoast.com\/wordpress\/plugins\/seo\/ -->\n<title>Udr\u017eitelnost - G\u00f6tz-Gruppe<\/title>\n<meta name=\"description\" content=\"Ein Arbeitsplatz mit Perspektive in einer famili\u00e4ren Atmosph\u00e4re. G\u00f6tz ist sich seiner sozialen Verantwortung bewusst und nimmt diese wahr.\" \/>\n<meta name=\"robots\" content=\"index, follow, max-snippet:-1, max-image-preview:large, max-video-preview:-1\" \/>\n<link rel=\"canonical\" href=\"https:\/\/goetz-fm.seitenwind-www.com\/cs\/udrzitelnost\/\" \/>\n<meta property=\"og:locale\" content=\"cs_CZ\" \/>\n<meta property=\"og:type\" content=\"article\" \/>\n<meta property=\"og:title\" content=\"Udr\u017eitelnost - G\u00f6tz-Gruppe\" \/>\n<meta property=\"og:description\" content=\"Ein Arbeitsplatz mit Perspektive in einer famili\u00e4ren Atmosph\u00e4re. G\u00f6tz ist sich seiner sozialen Verantwortung bewusst und nimmt diese wahr.\" \/>\n<meta property=\"og:url\" content=\"https:\/\/goetz-fm.seitenwind-www.com\/cs\/udrzitelnost\/\" \/>\n<meta property=\"og:site_name\" content=\"G\u00f6tz-Gruppe\" \/>\n<meta property=\"article:modified_time\" content=\"2023-03-20T09:03:37+00:00\" \/>\n<meta name=\"twitter:card\" content=\"summary_large_image\" \/>\n<meta name=\"twitter:label1\" content=\"Odhadovan\u00e1 doba \u010dten\u00ed\" \/>\n\t<meta name=\"twitter:data1\" content=\"3 minuty\" \/>\n<script type=\"application\/ld+json\" class=\"yoast-schema-graph\">{\"@context\":\"https:\/\/schema.org\",\"@graph\":[{\"@type\":\"WebPage\",\"@id\":\"https:\/\/goetz-fm.seitenwind-www.com\/cs\/udrzitelnost\/\",\"url\":\"https:\/\/goetz-fm.seitenwind-www.com\/cs\/udrzitelnost\/\",\"name\":\"Udr\u017eitelnost - G\u00f6tz-Gruppe\",\"isPartOf\":{\"@id\":\"https:\/\/goetz-fm.seitenwind-www.com\/cs\/#website\"},\"datePublished\":\"2021-12-07T13:11:56+00:00\",\"dateModified\":\"2023-03-20T09:03:37+00:00\",\"description\":\"Ein Arbeitsplatz mit Perspektive in einer famili\u00e4ren Atmosph\u00e4re. G\u00f6tz ist sich seiner sozialen Verantwortung bewusst und nimmt diese wahr.\",\"breadcrumb\":{\"@id\":\"https:\/\/goetz-fm.seitenwind-www.com\/cs\/udrzitelnost\/#breadcrumb\"},\"inLanguage\":\"cs\",\"potentialAction\":[{\"@type\":\"ReadAction\",\"target\":[\"https:\/\/goetz-fm.seitenwind-www.com\/cs\/udrzitelnost\/\"]}]},{\"@type\":\"BreadcrumbList\",\"@id\":\"https:\/\/goetz-fm.seitenwind-www.com\/cs\/udrzitelnost\/#breadcrumb\",\"itemListElement\":[{\"@type\":\"ListItem\",\"position\":1,\"name\":\"Home\",\"item\":\"https:\/\/goetz-fm.seitenwind-www.com\/cs\/\"},{\"@type\":\"ListItem\",\"position\":2,\"name\":\"Udr\u017eitelnost\"}]},{\"@type\":\"WebSite\",\"@id\":\"https:\/\/goetz-fm.seitenwind-www.com\/cs\/#website\",\"url\":\"https:\/\/goetz-fm.seitenwind-www.com\/cs\/\",\"name\":\"G\u00f6tz-Gruppe\",\"description\":\"Quality Services\",\"publisher\":{\"@id\":\"https:\/\/goetz-fm.seitenwind-www.com\/cs\/#organization\"},\"potentialAction\":[{\"@type\":\"SearchAction\",\"target\":{\"@type\":\"EntryPoint\",\"urlTemplate\":\"https:\/\/goetz-fm.seitenwind-www.com\/cs\/?s={search_term_string}\"},\"query-input\":{\"@type\":\"PropertyValueSpecification\",\"valueRequired\":true,\"valueName\":\"search_term_string\"}}],\"inLanguage\":\"cs\"},{\"@type\":\"Organization\",\"@id\":\"https:\/\/goetz-fm.seitenwind-www.com\/cs\/#organization\",\"name\":\"G\u00f6tz-Management-Holding AG\",\"url\":\"https:\/\/goetz-fm.seitenwind-www.com\/cs\/\",\"logo\":{\"@type\":\"ImageObject\",\"inLanguage\":\"cs\",\"@id\":\"https:\/\/goetz-fm.seitenwind-www.com\/cs\/#\/schema\/logo\/image\/\",\"url\":\"https:\/\/goetz-fm.seitenwind-www.com\/wp-content\/uploads\/goetz_logo.svg\",\"contentUrl\":\"https:\/\/goetz-fm.seitenwind-www.com\/wp-content\/uploads\/goetz_logo.svg\",\"width\":1098,\"height\":436,\"caption\":\"G\u00f6tz-Management-Holding AG\"},\"image\":{\"@id\":\"https:\/\/goetz-fm.seitenwind-www.com\/cs\/#\/schema\/logo\/image\/\"}}]}<\/script>\n<!-- \/ Yoast SEO plugin. -->","yoast_head_json":{"title":"Udr\u017eitelnost - G\u00f6tz-Gruppe","description":"Ein Arbeitsplatz mit Perspektive in einer famili\u00e4ren Atmosph\u00e4re. G\u00f6tz ist sich seiner sozialen Verantwortung bewusst und nimmt diese wahr.","robots":{"index":"index","follow":"follow","max-snippet":"max-snippet:-1","max-image-preview":"max-image-preview:large","max-video-preview":"max-video-preview:-1"},"canonical":"https:\/\/goetz-fm.seitenwind-www.com\/cs\/udrzitelnost\/","og_locale":"cs_CZ","og_type":"article","og_title":"Udr\u017eitelnost - G\u00f6tz-Gruppe","og_description":"Ein Arbeitsplatz mit Perspektive in einer famili\u00e4ren Atmosph\u00e4re. G\u00f6tz ist sich seiner sozialen Verantwortung bewusst und nimmt diese wahr.","og_url":"https:\/\/goetz-fm.seitenwind-www.com\/cs\/udrzitelnost\/","og_site_name":"G\u00f6tz-Gruppe","article_modified_time":"2023-03-20T09:03:37+00:00","twitter_card":"summary_large_image","twitter_misc":{"Odhadovan\u00e1 doba \u010dten\u00ed":"3 minuty"},"schema":{"@context":"https:\/\/schema.org","@graph":[{"@type":"WebPage","@id":"https:\/\/goetz-fm.seitenwind-www.com\/cs\/udrzitelnost\/","url":"https:\/\/goetz-fm.seitenwind-www.com\/cs\/udrzitelnost\/","name":"Udr\u017eitelnost - G\u00f6tz-Gruppe","isPartOf":{"@id":"https:\/\/goetz-fm.seitenwind-www.com\/cs\/#website"},"datePublished":"2021-12-07T13:11:56+00:00","dateModified":"2023-03-20T09:03:37+00:00","description":"Ein Arbeitsplatz mit Perspektive in einer famili\u00e4ren Atmosph\u00e4re. G\u00f6tz ist sich seiner sozialen Verantwortung bewusst und nimmt diese wahr.","breadcrumb":{"@id":"https:\/\/goetz-fm.seitenwind-www.com\/cs\/udrzitelnost\/#breadcrumb"},"inLanguage":"cs","potentialAction":[{"@type":"ReadAction","target":["https:\/\/goetz-fm.seitenwind-www.com\/cs\/udrzitelnost\/"]}]},{"@type":"BreadcrumbList","@id":"https:\/\/goetz-fm.seitenwind-www.com\/cs\/udrzitelnost\/#breadcrumb","itemListElement":[{"@type":"ListItem","position":1,"name":"Home","item":"https:\/\/goetz-fm.seitenwind-www.com\/cs\/"},{"@type":"ListItem","position":2,"name":"Udr\u017eitelnost"}]},{"@type":"WebSite","@id":"https:\/\/goetz-fm.seitenwind-www.com\/cs\/#website","url":"https:\/\/goetz-fm.seitenwind-www.com\/cs\/","name":"G\u00f6tz-Gruppe","description":"Quality Services","publisher":{"@id":"https:\/\/goetz-fm.seitenwind-www.com\/cs\/#organization"},"potentialAction":[{"@type":"SearchAction","target":{"@type":"EntryPoint","urlTemplate":"https:\/\/goetz-fm.seitenwind-www.com\/cs\/?s={search_term_string}"},"query-input":{"@type":"PropertyValueSpecification","valueRequired":true,"valueName":"search_term_string"}}],"inLanguage":"cs"},{"@type":"Organization","@id":"https:\/\/goetz-fm.seitenwind-www.com\/cs\/#organization","name":"G\u00f6tz-Management-Holding AG","url":"https:\/\/goetz-fm.seitenwind-www.com\/cs\/","logo":{"@type":"ImageObject","inLanguage":"cs","@id":"https:\/\/goetz-fm.seitenwind-www.com\/cs\/#\/schema\/logo\/image\/","url":"https:\/\/goetz-fm.seitenwind-www.com\/wp-content\/uploads\/goetz_logo.svg","contentUrl":"https:\/\/goetz-fm.seitenwind-www.com\/wp-content\/uploads\/goetz_logo.svg","width":1098,"height":436,"caption":"G\u00f6tz-Management-Holding AG"},"image":{"@id":"https:\/\/goetz-fm.seitenwind-www.com\/cs\/#\/schema\/logo\/image\/"}}]}},"_links":{"self":[{"href":"https:\/\/goetz-fm.seitenwind-www.com\/cs\/wp-json\/wp\/v2\/pages\/6252","targetHints":{"allow":["GET"]}}],"collection":[{"href":"https:\/\/goetz-fm.seitenwind-www.com\/cs\/wp-json\/wp\/v2\/pages"}],"about":[{"href":"https:\/\/goetz-fm.seitenwind-www.com\/cs\/wp-json\/wp\/v2\/types\/page"}],"author":[{"embeddable":true,"href":"https:\/\/goetz-fm.seitenwind-www.com\/cs\/wp-json\/wp\/v2\/users\/1"}],"replies":[{"embeddable":true,"href":"https:\/\/goetz-fm.seitenwind-www.com\/cs\/wp-json\/wp\/v2\/comments?post=6252"}],"version-history":[{"count":10,"href":"https:\/\/goetz-fm.seitenwind-www.com\/cs\/wp-json\/wp\/v2\/pages\/6252\/revisions"}],"predecessor-version":[{"id":6724,"href":"https:\/\/goetz-fm.seitenwind-www.com\/cs\/wp-json\/wp\/v2\/pages\/6252\/revisions\/6724"}],"wp:attachment":[{"href":"https:\/\/goetz-fm.seitenwind-www.com\/cs\/wp-json\/wp\/v2\/media?parent=6252"}],"curies":[{"name":"wp","href":"https:\/\/api.w.org\/{rel}","templated":true}]}}