{"id":6227,"date":"2021-12-07T14:01:51","date_gmt":"2021-12-07T13:01:51","guid":{"rendered":"https:\/\/goetz-fm.seitenwind-www.com\/dienstleistungen\/"},"modified":"2023-02-28T17:55:01","modified_gmt":"2023-02-28T16:55:01","slug":"sluzby","status":"publish","type":"page","link":"https:\/\/goetz-fm.seitenwind-www.com\/cs\/sluzby\/","title":{"rendered":"Slu\u017eby"},"content":{"rendered":"\t\t<div data-elementor-type=\"wp-page\" data-elementor-id=\"6227\" class=\"elementor elementor-6227 elementor-196\" data-elementor-post-type=\"page\">\n\t\t\t\t\t\t<section class=\"elementor-section elementor-top-section elementor-element elementor-element-eacecc6 elementor-section-height-min-height elementor-section-items-bottom elementor-section-boxed elementor-section-height-default\" data-id=\"eacecc6\" data-element_type=\"section\" data-settings=\"{&quot;background_background&quot;:&quot;classic&quot;}\">\n\t\t\t\t\t\t<div class=\"elementor-container elementor-column-gap-default\">\n\t\t\t\t\t<div class=\"elementor-column elementor-col-100 elementor-top-column elementor-element elementor-element-c0d2019\" data-id=\"c0d2019\" data-element_type=\"column\">\n\t\t\t<div class=\"elementor-widget-wrap\">\n\t\t\t\t\t\t\t<\/div>\n\t\t<\/div>\n\t\t\t\t\t<\/div>\n\t\t<\/section>\n\t\t\t\t<section class=\"elementor-section elementor-top-section elementor-element elementor-element-1374878 elementor-section-boxed elementor-section-height-default elementor-section-height-default\" data-id=\"1374878\" data-element_type=\"section\">\n\t\t\t\t\t\t<div class=\"elementor-container elementor-column-gap-wider\">\n\t\t\t\t\t<div class=\"elementor-column elementor-col-100 elementor-top-column elementor-element elementor-element-0235ba0\" data-id=\"0235ba0\" data-element_type=\"column\">\n\t\t\t<div class=\"elementor-widget-wrap elementor-element-populated\">\n\t\t\t\t\t\t<div class=\"elementor-element elementor-element-bfb7d95 elementor-widget elementor-widget-breadcrumbs\" data-id=\"bfb7d95\" data-element_type=\"widget\" data-widget_type=\"breadcrumbs.default\">\n\t\t\t\t<div class=\"elementor-widget-container\">\n\t\t\t\t\t<p id=\"breadcrumbs\"><span><span><a href=\"https:\/\/goetz-fm.seitenwind-www.com\/cs\/\">Home<\/a><\/span><\/span><\/p>\t\t\t\t<\/div>\n\t\t\t\t<\/div>\n\t\t\t\t<div class=\"elementor-element elementor-element-2f710e1 elementor-widget elementor-widget-heading\" data-id=\"2f710e1\" data-element_type=\"widget\" data-widget_type=\"heading.default\">\n\t\t\t\t<div class=\"elementor-widget-container\">\n\t\t\t\t\t<h1 class=\"elementor-heading-title elementor-size-default\">Na\u0161e slu\u017eby<\/h1>\t\t\t\t<\/div>\n\t\t\t\t<\/div>\n\t\t\t\t\t<\/div>\n\t\t<\/div>\n\t\t\t\t\t<\/div>\n\t\t<\/section>\n\t\t\t\t<section class=\"elementor-section elementor-top-section elementor-element elementor-element-c9938e7 elementor-reverse-tablet elementor-reverse-mobile content-width elementor-section-boxed elementor-section-height-default elementor-section-height-default\" data-id=\"c9938e7\" data-element_type=\"section\">\n\t\t\t\t\t\t<div class=\"elementor-container elementor-column-gap-wider\">\n\t\t\t\t\t<div class=\"elementor-column elementor-col-100 elementor-top-column elementor-element elementor-element-97d906e\" data-id=\"97d906e\" data-element_type=\"column\">\n\t\t\t<div class=\"elementor-widget-wrap elementor-element-populated\">\n\t\t\t\t\t\t<div class=\"elementor-element elementor-element-72111a5 elementor-widget elementor-widget-text-editor\" data-id=\"72111a5\" data-element_type=\"widget\" data-widget_type=\"text-editor.default\">\n\t\t\t\t<div class=\"elementor-widget-container\">\n\t\t\t\t\t\t\t\t\t<p>Jako poskytovatel Full &#8211; Service slu\u017eeb p\u0159edstavuje skupina G\u00d6TZ &#8211; GRUPPE profesion\u00e1ln\u00ed slu\u017eby v oblasti spr\u00e1vy infrastruktury, technick\u00e9 a komer\u010dn\u00ed spr\u00e1vy budov a tak\u00e9 z\u00e1kaznicky specifick\u00e1 pr\u016fmyslov\u00e1 \u0159e\u0161en\u00ed s \u0161irok\u00fdm portfoliem.<\/p>\t\t\t\t\t\t\t\t<\/div>\n\t\t\t\t<\/div>\n\t\t\t\t<div class=\"elementor-element elementor-element-6ae8951 elementor-widget elementor-widget-text-editor\" data-id=\"6ae8951\" data-element_type=\"widget\" data-widget_type=\"text-editor.default\">\n\t\t\t\t<div class=\"elementor-widget-container\">\n\t\t\t\t\t\t\t\t\t<p>A\u0165 u\u017e jde o \u00faklid budov, klasick\u00fd udr\u017eovac\u00ed \u00faklid, venkovn\u00ed \u00faklid, myt\u00ed oken, \u010di\u0161t\u011bn\u00ed koberc\u016f a posltrov\u00e1n\u00ed sedac\u00edch souprav a \u017eidl\u00ed, \u00fadr\u017ebu zelen\u011b, \u2013 ve spole\u010dnosti G\u00d6TZ z\u00edsk\u00e1te v\u0161echny slu\u017eby z jedn\u00e9 ruky.<\/p><p>V \u00fazk\u00e9 spolupr\u00e1ci s na\u0161imi z\u00e1kazn\u00edky vyv\u00edj\u00edme \u0159e\u0161en\u00ed \u0161it\u00e1 na m\u00edru a star\u00e1me se o ve\u0161ker\u00e9 slu\u017eby pot\u0159ebn\u00e9 k provozu a spr\u00e1v\u011b nemovitosti.<\/p>\t\t\t\t\t\t\t\t<\/div>\n\t\t\t\t<\/div>\n\t\t\t\t\t<\/div>\n\t\t<\/div>\n\t\t\t\t\t<\/div>\n\t\t<\/section>\n\t\t\t\t<section class=\"elementor-section elementor-top-section elementor-element elementor-element-fae9ce0 elementor-section-boxed elementor-section-height-default elementor-section-height-default\" data-id=\"fae9ce0\" data-element_type=\"section\">\n\t\t\t\t\t\t<div class=\"elementor-container elementor-column-gap-wider\">\n\t\t\t\t\t<div class=\"elementor-column elementor-col-100 elementor-top-column elementor-element elementor-element-4837f7a\" data-id=\"4837f7a\" data-element_type=\"column\">\n\t\t\t<div class=\"elementor-widget-wrap elementor-element-populated\">\n\t\t\t\t\t\t<div class=\"elementor-element elementor-element-e243f85 elementor-widget elementor-widget-shortcode\" data-id=\"e243f85\" data-element_type=\"widget\" data-widget_type=\"shortcode.default\">\n\t\t\t\t<div class=\"elementor-widget-container\">\n\t\t\t\t\t\t\t<div class=\"elementor-shortcode\">\t\t<div class=\"le-services\">\n\t\t\t\t\t\t\t<a class=\"le-service\" href=\"https:\/\/goetz-fm.seitenwind-www.com\/cs\/sluzby\/uklid-a-hygiena\/\">\n\t\t\t\t\t<div class=\"le-service-img\"><img fetchpriority=\"high\" decoding=\"async\" width=\"800\" height=\"354\" src=\"https:\/\/goetz-fm.seitenwind-www.com\/wp-content\/uploads\/goetz_dienstleistungen_reinigung-hygiene_headerbild-1024x453.jpg\" class=\"attachment-large size-large wp-post-image\" alt=\"\" srcset=\"https:\/\/goetz-fm.seitenwind-www.com\/wp-content\/uploads\/goetz_dienstleistungen_reinigung-hygiene_headerbild-1024x453.jpg 1024w, https:\/\/goetz-fm.seitenwind-www.com\/wp-content\/uploads\/goetz_dienstleistungen_reinigung-hygiene_headerbild-300x133.jpg 300w, https:\/\/goetz-fm.seitenwind-www.com\/wp-content\/uploads\/goetz_dienstleistungen_reinigung-hygiene_headerbild-768x340.jpg 768w, https:\/\/goetz-fm.seitenwind-www.com\/wp-content\/uploads\/goetz_dienstleistungen_reinigung-hygiene_headerbild-1536x680.jpg 1536w, https:\/\/goetz-fm.seitenwind-www.com\/wp-content\/uploads\/goetz_dienstleistungen_reinigung-hygiene_headerbild.jpg 1920w\" sizes=\"(max-width: 800px) 100vw, 800px\" \/><\/div>\n\t\t\t\t\t<h2 class=\"le-service-title\">\u00daklid a hygiena<\/h2>\n\t\t\t\t<\/a>\n\t\t\t\t\t\t\t<a class=\"le-service\" href=\"https:\/\/goetz-fm.seitenwind-www.com\/cs\/sluzby\/letni-a-zimni-servis\/\">\n\t\t\t\t\t<div class=\"le-service-img\"><img decoding=\"async\" width=\"704\" height=\"1000\" src=\"https:\/\/goetz-fm.seitenwind-www.com\/wp-content\/uploads\/goetz_leistungen-teaser_sommer-und-winterdienst-1.jpg\" class=\"attachment-large size-large wp-post-image\" alt=\"\" srcset=\"https:\/\/goetz-fm.seitenwind-www.com\/wp-content\/uploads\/goetz_leistungen-teaser_sommer-und-winterdienst-1.jpg 704w, https:\/\/goetz-fm.seitenwind-www.com\/wp-content\/uploads\/goetz_leistungen-teaser_sommer-und-winterdienst-1-211x300.jpg 211w\" sizes=\"(max-width: 704px) 100vw, 704px\" \/><\/div>\n\t\t\t\t\t<h2 class=\"le-service-title\">Letn\u00ed a zimn\u00ed servis<\/h2>\n\t\t\t\t<\/a>\n\t\t\t\n\t\t<\/div>\n\t\t<\/div>\n\t\t\t\t\t\t<\/div>\n\t\t\t\t<\/div>\n\t\t\t\t\t<\/div>\n\t\t<\/div>\n\t\t\t\t\t<\/div>\n\t\t<\/section>\n\t\t\t\t<\/div>\n\t\t","protected":false},"excerpt":{"rendered":"<p>Na\u0161e slu\u017eby Jako poskytovatel Full &#8211; Service slu\u017eeb p\u0159edstavuje skupina G\u00d6TZ &#8211; GRUPPE profesion\u00e1ln\u00ed slu\u017eby v oblasti spr\u00e1vy infrastruktury, technick\u00e9 a komer\u010dn\u00ed spr\u00e1vy budov a tak\u00e9 z\u00e1kaznicky specifick\u00e1 pr\u016fmyslov\u00e1 \u0159e\u0161en\u00ed s \u0161irok\u00fdm portfoliem. A\u0165 u\u017e jde o \u00faklid budov, klasick\u00fd udr\u017eovac\u00ed \u00faklid, venkovn\u00ed \u00faklid, myt\u00ed oken, \u010di\u0161t\u011bn\u00ed koberc\u016f a posltrov\u00e1n\u00ed sedac\u00edch souprav a \u017eidl\u00ed, \u00fadr\u017ebu [&hellip;]<\/p>\n","protected":false},"author":1,"featured_media":0,"parent":0,"menu_order":0,"comment_status":"closed","ping_status":"closed","template":"","meta":{"_acf_changed":false,"footnotes":""},"class_list":["post-6227","page","type-page","status-publish","hentry"],"acf":[],"yoast_head":"<!-- This site is optimized with the Yoast SEO plugin v25.8 - https:\/\/yoast.com\/wordpress\/plugins\/seo\/ -->\n<title>Slu\u017eby - G\u00f6tz-Gruppe<\/title>\n<meta name=\"description\" content=\"Ob Geb\u00e4udereinigung, Unterhaltsreinigung, Glasreinigung, Sicherheits\u00addienst oder Handwerker\u00adleistungen alle Services aus einer Hand.\" \/>\n<meta name=\"robots\" content=\"index, follow, max-snippet:-1, max-image-preview:large, max-video-preview:-1\" \/>\n<link rel=\"canonical\" href=\"https:\/\/goetz-fm.seitenwind-www.com\/cs\/sluzby\/\" \/>\n<meta property=\"og:locale\" content=\"cs_CZ\" \/>\n<meta property=\"og:type\" content=\"article\" \/>\n<meta property=\"og:title\" content=\"Slu\u017eby - G\u00f6tz-Gruppe\" \/>\n<meta property=\"og:description\" content=\"Ob Geb\u00e4udereinigung, Unterhaltsreinigung, Glasreinigung, Sicherheits\u00addienst oder Handwerker\u00adleistungen alle Services aus einer Hand.\" \/>\n<meta property=\"og:url\" content=\"https:\/\/goetz-fm.seitenwind-www.com\/cs\/sluzby\/\" \/>\n<meta property=\"og:site_name\" content=\"G\u00f6tz-Gruppe\" \/>\n<meta property=\"article:modified_time\" content=\"2023-02-28T16:55:01+00:00\" \/>\n<meta name=\"twitter:card\" content=\"summary_large_image\" \/>\n<meta name=\"twitter:label1\" content=\"Odhadovan\u00e1 doba \u010dten\u00ed\" \/>\n\t<meta name=\"twitter:data1\" content=\"1 minuta\" \/>\n<script type=\"application\/ld+json\" class=\"yoast-schema-graph\">{\"@context\":\"https:\/\/schema.org\",\"@graph\":[{\"@type\":\"WebPage\",\"@id\":\"https:\/\/goetz-fm.seitenwind-www.com\/cs\/sluzby\/\",\"url\":\"https:\/\/goetz-fm.seitenwind-www.com\/cs\/sluzby\/\",\"name\":\"Slu\u017eby - G\u00f6tz-Gruppe\",\"isPartOf\":{\"@id\":\"https:\/\/goetz-fm.seitenwind-www.com\/cs\/#website\"},\"datePublished\":\"2021-12-07T13:01:51+00:00\",\"dateModified\":\"2023-02-28T16:55:01+00:00\",\"description\":\"Ob Geb\u00e4udereinigung, Unterhaltsreinigung, Glasreinigung, Sicherheits\u00addienst oder Handwerker\u00adleistungen alle Services aus einer Hand.\",\"breadcrumb\":{\"@id\":\"https:\/\/goetz-fm.seitenwind-www.com\/cs\/sluzby\/#breadcrumb\"},\"inLanguage\":\"cs\",\"potentialAction\":[{\"@type\":\"ReadAction\",\"target\":[\"https:\/\/goetz-fm.seitenwind-www.com\/cs\/sluzby\/\"]}]},{\"@type\":\"BreadcrumbList\",\"@id\":\"https:\/\/goetz-fm.seitenwind-www.com\/cs\/sluzby\/#breadcrumb\",\"itemListElement\":[{\"@type\":\"ListItem\",\"position\":1,\"name\":\"Home\",\"item\":\"https:\/\/goetz-fm.seitenwind-www.com\/cs\/\"},{\"@type\":\"ListItem\",\"position\":2,\"name\":\"Slu\u017eby\"}]},{\"@type\":\"WebSite\",\"@id\":\"https:\/\/goetz-fm.seitenwind-www.com\/cs\/#website\",\"url\":\"https:\/\/goetz-fm.seitenwind-www.com\/cs\/\",\"name\":\"G\u00f6tz-Gruppe\",\"description\":\"Quality Services\",\"publisher\":{\"@id\":\"https:\/\/goetz-fm.seitenwind-www.com\/cs\/#organization\"},\"potentialAction\":[{\"@type\":\"SearchAction\",\"target\":{\"@type\":\"EntryPoint\",\"urlTemplate\":\"https:\/\/goetz-fm.seitenwind-www.com\/cs\/?s={search_term_string}\"},\"query-input\":{\"@type\":\"PropertyValueSpecification\",\"valueRequired\":true,\"valueName\":\"search_term_string\"}}],\"inLanguage\":\"cs\"},{\"@type\":\"Organization\",\"@id\":\"https:\/\/goetz-fm.seitenwind-www.com\/cs\/#organization\",\"name\":\"G\u00f6tz-Management-Holding AG\",\"url\":\"https:\/\/goetz-fm.seitenwind-www.com\/cs\/\",\"logo\":{\"@type\":\"ImageObject\",\"inLanguage\":\"cs\",\"@id\":\"https:\/\/goetz-fm.seitenwind-www.com\/cs\/#\/schema\/logo\/image\/\",\"url\":\"https:\/\/goetz-fm.seitenwind-www.com\/wp-content\/uploads\/goetz_logo.svg\",\"contentUrl\":\"https:\/\/goetz-fm.seitenwind-www.com\/wp-content\/uploads\/goetz_logo.svg\",\"width\":1098,\"height\":436,\"caption\":\"G\u00f6tz-Management-Holding AG\"},\"image\":{\"@id\":\"https:\/\/goetz-fm.seitenwind-www.com\/cs\/#\/schema\/logo\/image\/\"}}]}<\/script>\n<!-- \/ Yoast SEO plugin. -->","yoast_head_json":{"title":"Slu\u017eby - G\u00f6tz-Gruppe","description":"Ob Geb\u00e4udereinigung, Unterhaltsreinigung, Glasreinigung, Sicherheits\u00addienst oder Handwerker\u00adleistungen alle Services aus einer Hand.","robots":{"index":"index","follow":"follow","max-snippet":"max-snippet:-1","max-image-preview":"max-image-preview:large","max-video-preview":"max-video-preview:-1"},"canonical":"https:\/\/goetz-fm.seitenwind-www.com\/cs\/sluzby\/","og_locale":"cs_CZ","og_type":"article","og_title":"Slu\u017eby - G\u00f6tz-Gruppe","og_description":"Ob Geb\u00e4udereinigung, Unterhaltsreinigung, Glasreinigung, Sicherheits\u00addienst oder Handwerker\u00adleistungen alle Services aus einer Hand.","og_url":"https:\/\/goetz-fm.seitenwind-www.com\/cs\/sluzby\/","og_site_name":"G\u00f6tz-Gruppe","article_modified_time":"2023-02-28T16:55:01+00:00","twitter_card":"summary_large_image","twitter_misc":{"Odhadovan\u00e1 doba \u010dten\u00ed":"1 minuta"},"schema":{"@context":"https:\/\/schema.org","@graph":[{"@type":"WebPage","@id":"https:\/\/goetz-fm.seitenwind-www.com\/cs\/sluzby\/","url":"https:\/\/goetz-fm.seitenwind-www.com\/cs\/sluzby\/","name":"Slu\u017eby - G\u00f6tz-Gruppe","isPartOf":{"@id":"https:\/\/goetz-fm.seitenwind-www.com\/cs\/#website"},"datePublished":"2021-12-07T13:01:51+00:00","dateModified":"2023-02-28T16:55:01+00:00","description":"Ob Geb\u00e4udereinigung, Unterhaltsreinigung, Glasreinigung, Sicherheits\u00addienst oder Handwerker\u00adleistungen alle Services aus einer Hand.","breadcrumb":{"@id":"https:\/\/goetz-fm.seitenwind-www.com\/cs\/sluzby\/#breadcrumb"},"inLanguage":"cs","potentialAction":[{"@type":"ReadAction","target":["https:\/\/goetz-fm.seitenwind-www.com\/cs\/sluzby\/"]}]},{"@type":"BreadcrumbList","@id":"https:\/\/goetz-fm.seitenwind-www.com\/cs\/sluzby\/#breadcrumb","itemListElement":[{"@type":"ListItem","position":1,"name":"Home","item":"https:\/\/goetz-fm.seitenwind-www.com\/cs\/"},{"@type":"ListItem","position":2,"name":"Slu\u017eby"}]},{"@type":"WebSite","@id":"https:\/\/goetz-fm.seitenwind-www.com\/cs\/#website","url":"https:\/\/goetz-fm.seitenwind-www.com\/cs\/","name":"G\u00f6tz-Gruppe","description":"Quality Services","publisher":{"@id":"https:\/\/goetz-fm.seitenwind-www.com\/cs\/#organization"},"potentialAction":[{"@type":"SearchAction","target":{"@type":"EntryPoint","urlTemplate":"https:\/\/goetz-fm.seitenwind-www.com\/cs\/?s={search_term_string}"},"query-input":{"@type":"PropertyValueSpecification","valueRequired":true,"valueName":"search_term_string"}}],"inLanguage":"cs"},{"@type":"Organization","@id":"https:\/\/goetz-fm.seitenwind-www.com\/cs\/#organization","name":"G\u00f6tz-Management-Holding AG","url":"https:\/\/goetz-fm.seitenwind-www.com\/cs\/","logo":{"@type":"ImageObject","inLanguage":"cs","@id":"https:\/\/goetz-fm.seitenwind-www.com\/cs\/#\/schema\/logo\/image\/","url":"https:\/\/goetz-fm.seitenwind-www.com\/wp-content\/uploads\/goetz_logo.svg","contentUrl":"https:\/\/goetz-fm.seitenwind-www.com\/wp-content\/uploads\/goetz_logo.svg","width":1098,"height":436,"caption":"G\u00f6tz-Management-Holding AG"},"image":{"@id":"https:\/\/goetz-fm.seitenwind-www.com\/cs\/#\/schema\/logo\/image\/"}}]}},"_links":{"self":[{"href":"https:\/\/goetz-fm.seitenwind-www.com\/cs\/wp-json\/wp\/v2\/pages\/6227","targetHints":{"allow":["GET"]}}],"collection":[{"href":"https:\/\/goetz-fm.seitenwind-www.com\/cs\/wp-json\/wp\/v2\/pages"}],"about":[{"href":"https:\/\/goetz-fm.seitenwind-www.com\/cs\/wp-json\/wp\/v2\/types\/page"}],"author":[{"embeddable":true,"href":"https:\/\/goetz-fm.seitenwind-www.com\/cs\/wp-json\/wp\/v2\/users\/1"}],"replies":[{"embeddable":true,"href":"https:\/\/goetz-fm.seitenwind-www.com\/cs\/wp-json\/wp\/v2\/comments?post=6227"}],"version-history":[{"count":7,"href":"https:\/\/goetz-fm.seitenwind-www.com\/cs\/wp-json\/wp\/v2\/pages\/6227\/revisions"}],"predecessor-version":[{"id":6499,"href":"https:\/\/goetz-fm.seitenwind-www.com\/cs\/wp-json\/wp\/v2\/pages\/6227\/revisions\/6499"}],"wp:attachment":[{"href":"https:\/\/goetz-fm.seitenwind-www.com\/cs\/wp-json\/wp\/v2\/media?parent=6227"}],"curies":[{"name":"wp","href":"https:\/\/api.w.org\/{rel}","templated":true}]}}