{"id":6217,"date":"2022-03-30T11:14:43","date_gmt":"2022-03-30T09:14:43","guid":{"rendered":"https:\/\/goetz-fm.seitenwind-www.com\/jobs\/"},"modified":"2023-03-21T14:15:50","modified_gmt":"2023-03-21T13:15:50","slug":"prace","status":"publish","type":"page","link":"https:\/\/goetz-fm.seitenwind-www.com\/cs\/kariera-ve-spolecnosti-gotz\/prace\/","title":{"rendered":"Pr\u00e1ce"},"content":{"rendered":"\t\t<div data-elementor-type=\"wp-page\" data-elementor-id=\"6217\" class=\"elementor elementor-6217 elementor-3833\" data-elementor-post-type=\"page\">\n\t\t\t\t\t\t<section class=\"elementor-section elementor-top-section elementor-element elementor-element-a12a846 elementor-section-height-min-height elementor-section-items-bottom elementor-section-boxed elementor-section-height-default\" data-id=\"a12a846\" data-element_type=\"section\" data-settings=\"{&quot;background_background&quot;:&quot;classic&quot;}\">\n\t\t\t\t\t\t<div class=\"elementor-container elementor-column-gap-default\">\n\t\t\t\t\t<div class=\"elementor-column elementor-col-100 elementor-top-column elementor-element elementor-element-f0d9c1f\" data-id=\"f0d9c1f\" data-element_type=\"column\">\n\t\t\t<div class=\"elementor-widget-wrap\">\n\t\t\t\t\t\t\t<\/div>\n\t\t<\/div>\n\t\t\t\t\t<\/div>\n\t\t<\/section>\n\t\t\t\t<section class=\"elementor-section elementor-top-section elementor-element elementor-element-174db99 elementor-section-boxed elementor-section-height-default elementor-section-height-default\" data-id=\"174db99\" data-element_type=\"section\">\n\t\t\t\t\t\t<div class=\"elementor-container elementor-column-gap-wider\">\n\t\t\t\t\t<div class=\"elementor-column elementor-col-100 elementor-top-column elementor-element elementor-element-4d5219f\" data-id=\"4d5219f\" data-element_type=\"column\">\n\t\t\t<div class=\"elementor-widget-wrap elementor-element-populated\">\n\t\t\t\t\t\t<div class=\"elementor-element elementor-element-3f287a7 elementor-widget elementor-widget-breadcrumbs\" data-id=\"3f287a7\" data-element_type=\"widget\" data-widget_type=\"breadcrumbs.default\">\n\t\t\t\t<div class=\"elementor-widget-container\">\n\t\t\t\t\t<p id=\"breadcrumbs\"><span><span><a href=\"https:\/\/goetz-fm.seitenwind-www.com\/cs\/\">Home<\/a><\/span><\/span><\/p>\t\t\t\t<\/div>\n\t\t\t\t<\/div>\n\t\t\t\t<div class=\"elementor-element elementor-element-f78100e elementor-widget elementor-widget-heading\" data-id=\"f78100e\" data-element_type=\"widget\" data-widget_type=\"heading.default\">\n\t\t\t\t<div class=\"elementor-widget-container\">\n\t\t\t\t\t<h1 class=\"elementor-heading-title elementor-size-default\">PR\u00c1CE VE SKUPIN\u011a G\u00d6TZ<\/h1>\t\t\t\t<\/div>\n\t\t\t\t<\/div>\n\t\t\t\t\t<\/div>\n\t\t<\/div>\n\t\t\t\t\t<\/div>\n\t\t<\/section>\n\t\t\t\t<section class=\"elementor-section elementor-top-section elementor-element elementor-element-f412e95 elementor-reverse-tablet elementor-reverse-mobile content-width elementor-section-boxed elementor-section-height-default elementor-section-height-default\" data-id=\"f412e95\" data-element_type=\"section\">\n\t\t\t\t\t\t<div class=\"elementor-container elementor-column-gap-wider\">\n\t\t\t\t\t<div class=\"elementor-column elementor-col-100 elementor-top-column elementor-element elementor-element-3c0f567\" data-id=\"3c0f567\" data-element_type=\"column\">\n\t\t\t<div class=\"elementor-widget-wrap elementor-element-populated\">\n\t\t\t\t\t\t<div class=\"elementor-element elementor-element-3395505 elementor-widget elementor-widget-text-editor\" data-id=\"3395505\" data-element_type=\"widget\" data-widget_type=\"text-editor.default\">\n\t\t\t\t<div class=\"elementor-widget-container\">\n\t\t\t\t\t\t\t\t\t<p>Jako modern\u00ed rodinn\u00e1 firma garantuje G\u00f6tz Gruppe sv\u00fdm zam\u011bstnanc\u016fm perspektivn\u00ed pr\u00e1ci v rodinn\u00e9 atmosf\u00e9\u0159e. Pot\u0159ebujeme lidi, jako jste vy.<\/p>\t\t\t\t\t\t\t\t<\/div>\n\t\t\t\t<\/div>\n\t\t\t\t<div class=\"elementor-element elementor-element-a54e29b elementor-widget elementor-widget-text-editor\" data-id=\"a54e29b\" data-element_type=\"widget\" data-widget_type=\"text-editor.default\">\n\t\t\t\t<div class=\"elementor-widget-container\">\n\t\t\t\t\t\t\t\t\t<p>D\u00edky na\u0161emu rozs\u00e1hl\u00e9mu portfoliu slu\u017eeb V\u00e1m m\u016f\u017eeme nab\u00eddnout \u0161irokou \u0161k\u00e1lu voln\u00fdch pracovn\u00edch m\u00edst. \u010cekaj\u00ed na v\u00e1s zaj\u00edmav\u00e9 \u00fakoly jak v obchodn\u00ed, tak i v manu\u00e1ln\u00ed a technick\u00e9 oblasti. Sta\u0148te se sou\u010d\u00e1st\u00ed na\u0161\u00ed rodiny G\u00d6TZ!<\/p>\t\t\t\t\t\t\t\t<\/div>\n\t\t\t\t<\/div>\n\t\t\t\t<div class=\"elementor-element elementor-element-42bd276 elementor-widget elementor-widget-button\" data-id=\"42bd276\" data-element_type=\"widget\" data-widget_type=\"button.default\">\n\t\t\t\t<div class=\"elementor-widget-container\">\n\t\t\t\t\t\t\t\t\t<div class=\"elementor-button-wrapper\">\n\t\t\t\t\t<a class=\"elementor-button elementor-button-link elementor-size-sm\" href=\"tel:00420377918885\" target=\"_blank\">\n\t\t\t\t\t\t<span class=\"elementor-button-content-wrapper\">\n\t\t\t\t\t\t<span class=\"elementor-button-icon\">\n\t\t\t\t<i aria-hidden=\"true\" class=\"fas fa-phone-alt\"><\/i>\t\t\t<\/span>\n\t\t\t\t\t\t\t\t\t<span class=\"elementor-button-text\">+420 377 918885<\/span>\n\t\t\t\t\t<\/span>\n\t\t\t\t\t<\/a>\n\t\t\t\t<\/div>\n\t\t\t\t\t\t\t\t<\/div>\n\t\t\t\t<\/div>\n\t\t\t\t<div class=\"elementor-element elementor-element-cc8d4bc elementor-widget elementor-widget-button\" data-id=\"cc8d4bc\" data-element_type=\"widget\" data-widget_type=\"button.default\">\n\t\t\t\t<div class=\"elementor-widget-container\">\n\t\t\t\t\t\t\t\t\t<div class=\"elementor-button-wrapper\">\n\t\t\t\t\t<a class=\"elementor-button elementor-button-link elementor-size-sm\" href=\"mailto:goetzcz@volny.cz\" target=\"_blank\">\n\t\t\t\t\t\t<span class=\"elementor-button-content-wrapper\">\n\t\t\t\t\t\t<span class=\"elementor-button-icon\">\n\t\t\t\t<i aria-hidden=\"true\" class=\"fas fa-mail-bulk\"><\/i>\t\t\t<\/span>\n\t\t\t\t\t\t\t\t\t<span class=\"elementor-button-text\">goetzcz@volny.cz<\/span>\n\t\t\t\t\t<\/span>\n\t\t\t\t\t<\/a>\n\t\t\t\t<\/div>\n\t\t\t\t\t\t\t\t<\/div>\n\t\t\t\t<\/div>\n\t\t\t\t\t<\/div>\n\t\t<\/div>\n\t\t\t\t\t<\/div>\n\t\t<\/section>\n\t\t\t\t<\/div>\n\t\t","protected":false},"excerpt":{"rendered":"<p>PR\u00c1CE VE SKUPIN\u011a G\u00d6TZ Jako modern\u00ed rodinn\u00e1 firma garantuje G\u00f6tz Gruppe sv\u00fdm zam\u011bstnanc\u016fm perspektivn\u00ed pr\u00e1ci v rodinn\u00e9 atmosf\u00e9\u0159e. Pot\u0159ebujeme lidi, jako jste vy. D\u00edky na\u0161emu rozs\u00e1hl\u00e9mu portfoliu slu\u017eeb V\u00e1m m\u016f\u017eeme nab\u00eddnout \u0161irokou \u0161k\u00e1lu voln\u00fdch pracovn\u00edch m\u00edst. \u010cekaj\u00ed na v\u00e1s zaj\u00edmav\u00e9 \u00fakoly jak v obchodn\u00ed, tak i v manu\u00e1ln\u00ed a technick\u00e9 oblasti. Sta\u0148te se sou\u010d\u00e1st\u00ed na\u0161\u00ed [&hellip;]<\/p>\n","protected":false},"author":1,"featured_media":0,"parent":6419,"menu_order":0,"comment_status":"closed","ping_status":"closed","template":"","meta":{"_acf_changed":false,"footnotes":""},"class_list":["post-6217","page","type-page","status-publish","hentry"],"acf":[],"yoast_head":"<!-- This site is optimized with the Yoast SEO plugin v25.8 - https:\/\/yoast.com\/wordpress\/plugins\/seo\/ -->\n<title>Pr\u00e1ce - G\u00f6tz-Gruppe<\/title>\n<meta name=\"description\" content=\"Offene Stellen bei der G\u00f6tz-Gruppe. Jetzt auf unsere vielseitigen Berufsangebote bewerben! Wir haben den Job f\u00fcr Sie.\" \/>\n<meta name=\"robots\" content=\"index, follow, max-snippet:-1, max-image-preview:large, max-video-preview:-1\" \/>\n<link rel=\"canonical\" href=\"https:\/\/goetz-fm.seitenwind-www.com\/cs\/kariera-ve-spolecnosti-gotz\/prace\/\" \/>\n<meta property=\"og:locale\" content=\"cs_CZ\" \/>\n<meta property=\"og:type\" content=\"article\" \/>\n<meta property=\"og:title\" content=\"Pr\u00e1ce - G\u00f6tz-Gruppe\" \/>\n<meta property=\"og:description\" content=\"Offene Stellen bei der G\u00f6tz-Gruppe. Jetzt auf unsere vielseitigen Berufsangebote bewerben! Wir haben den Job f\u00fcr Sie.\" \/>\n<meta property=\"og:url\" content=\"https:\/\/goetz-fm.seitenwind-www.com\/cs\/kariera-ve-spolecnosti-gotz\/prace\/\" \/>\n<meta property=\"og:site_name\" content=\"G\u00f6tz-Gruppe\" \/>\n<meta property=\"article:modified_time\" content=\"2023-03-21T13:15:50+00:00\" \/>\n<meta name=\"twitter:card\" content=\"summary_large_image\" \/>\n<meta name=\"twitter:label1\" content=\"Odhadovan\u00e1 doba \u010dten\u00ed\" \/>\n\t<meta name=\"twitter:data1\" content=\"1 minuta\" \/>\n<script type=\"application\/ld+json\" class=\"yoast-schema-graph\">{\"@context\":\"https:\/\/schema.org\",\"@graph\":[{\"@type\":\"WebPage\",\"@id\":\"https:\/\/goetz-fm.seitenwind-www.com\/cs\/kariera-ve-spolecnosti-gotz\/prace\/\",\"url\":\"https:\/\/goetz-fm.seitenwind-www.com\/cs\/kariera-ve-spolecnosti-gotz\/prace\/\",\"name\":\"Pr\u00e1ce - G\u00f6tz-Gruppe\",\"isPartOf\":{\"@id\":\"https:\/\/goetz-fm.seitenwind-www.com\/cs\/#website\"},\"datePublished\":\"2022-03-30T09:14:43+00:00\",\"dateModified\":\"2023-03-21T13:15:50+00:00\",\"description\":\"Offene Stellen bei der G\u00f6tz-Gruppe. Jetzt auf unsere vielseitigen Berufsangebote bewerben! Wir haben den Job f\u00fcr Sie.\",\"breadcrumb\":{\"@id\":\"https:\/\/goetz-fm.seitenwind-www.com\/cs\/kariera-ve-spolecnosti-gotz\/prace\/#breadcrumb\"},\"inLanguage\":\"cs\",\"potentialAction\":[{\"@type\":\"ReadAction\",\"target\":[\"https:\/\/goetz-fm.seitenwind-www.com\/cs\/kariera-ve-spolecnosti-gotz\/prace\/\"]}]},{\"@type\":\"BreadcrumbList\",\"@id\":\"https:\/\/goetz-fm.seitenwind-www.com\/cs\/kariera-ve-spolecnosti-gotz\/prace\/#breadcrumb\",\"itemListElement\":[{\"@type\":\"ListItem\",\"position\":1,\"name\":\"Home\",\"item\":\"https:\/\/goetz-fm.seitenwind-www.com\/cs\/\"},{\"@type\":\"ListItem\",\"position\":2,\"name\":\"Kari\u00e9ra ve spole\u010dnosti G\u00d6TZ\",\"item\":\"https:\/\/goetz-fm.seitenwind-www.com\/cs\/kariera-ve-spolecnosti-gotz\/\"},{\"@type\":\"ListItem\",\"position\":3,\"name\":\"Pr\u00e1ce\"}]},{\"@type\":\"WebSite\",\"@id\":\"https:\/\/goetz-fm.seitenwind-www.com\/cs\/#website\",\"url\":\"https:\/\/goetz-fm.seitenwind-www.com\/cs\/\",\"name\":\"G\u00f6tz-Gruppe\",\"description\":\"Quality Services\",\"publisher\":{\"@id\":\"https:\/\/goetz-fm.seitenwind-www.com\/cs\/#organization\"},\"potentialAction\":[{\"@type\":\"SearchAction\",\"target\":{\"@type\":\"EntryPoint\",\"urlTemplate\":\"https:\/\/goetz-fm.seitenwind-www.com\/cs\/?s={search_term_string}\"},\"query-input\":{\"@type\":\"PropertyValueSpecification\",\"valueRequired\":true,\"valueName\":\"search_term_string\"}}],\"inLanguage\":\"cs\"},{\"@type\":\"Organization\",\"@id\":\"https:\/\/goetz-fm.seitenwind-www.com\/cs\/#organization\",\"name\":\"G\u00f6tz-Management-Holding AG\",\"url\":\"https:\/\/goetz-fm.seitenwind-www.com\/cs\/\",\"logo\":{\"@type\":\"ImageObject\",\"inLanguage\":\"cs\",\"@id\":\"https:\/\/goetz-fm.seitenwind-www.com\/cs\/#\/schema\/logo\/image\/\",\"url\":\"https:\/\/goetz-fm.seitenwind-www.com\/wp-content\/uploads\/goetz_logo.svg\",\"contentUrl\":\"https:\/\/goetz-fm.seitenwind-www.com\/wp-content\/uploads\/goetz_logo.svg\",\"width\":1098,\"height\":436,\"caption\":\"G\u00f6tz-Management-Holding AG\"},\"image\":{\"@id\":\"https:\/\/goetz-fm.seitenwind-www.com\/cs\/#\/schema\/logo\/image\/\"}}]}<\/script>\n<!-- \/ Yoast SEO plugin. -->","yoast_head_json":{"title":"Pr\u00e1ce - G\u00f6tz-Gruppe","description":"Offene Stellen bei der G\u00f6tz-Gruppe. Jetzt auf unsere vielseitigen Berufsangebote bewerben! Wir haben den Job f\u00fcr Sie.","robots":{"index":"index","follow":"follow","max-snippet":"max-snippet:-1","max-image-preview":"max-image-preview:large","max-video-preview":"max-video-preview:-1"},"canonical":"https:\/\/goetz-fm.seitenwind-www.com\/cs\/kariera-ve-spolecnosti-gotz\/prace\/","og_locale":"cs_CZ","og_type":"article","og_title":"Pr\u00e1ce - G\u00f6tz-Gruppe","og_description":"Offene Stellen bei der G\u00f6tz-Gruppe. Jetzt auf unsere vielseitigen Berufsangebote bewerben! Wir haben den Job f\u00fcr Sie.","og_url":"https:\/\/goetz-fm.seitenwind-www.com\/cs\/kariera-ve-spolecnosti-gotz\/prace\/","og_site_name":"G\u00f6tz-Gruppe","article_modified_time":"2023-03-21T13:15:50+00:00","twitter_card":"summary_large_image","twitter_misc":{"Odhadovan\u00e1 doba \u010dten\u00ed":"1 minuta"},"schema":{"@context":"https:\/\/schema.org","@graph":[{"@type":"WebPage","@id":"https:\/\/goetz-fm.seitenwind-www.com\/cs\/kariera-ve-spolecnosti-gotz\/prace\/","url":"https:\/\/goetz-fm.seitenwind-www.com\/cs\/kariera-ve-spolecnosti-gotz\/prace\/","name":"Pr\u00e1ce - G\u00f6tz-Gruppe","isPartOf":{"@id":"https:\/\/goetz-fm.seitenwind-www.com\/cs\/#website"},"datePublished":"2022-03-30T09:14:43+00:00","dateModified":"2023-03-21T13:15:50+00:00","description":"Offene Stellen bei der G\u00f6tz-Gruppe. Jetzt auf unsere vielseitigen Berufsangebote bewerben! Wir haben den Job f\u00fcr Sie.","breadcrumb":{"@id":"https:\/\/goetz-fm.seitenwind-www.com\/cs\/kariera-ve-spolecnosti-gotz\/prace\/#breadcrumb"},"inLanguage":"cs","potentialAction":[{"@type":"ReadAction","target":["https:\/\/goetz-fm.seitenwind-www.com\/cs\/kariera-ve-spolecnosti-gotz\/prace\/"]}]},{"@type":"BreadcrumbList","@id":"https:\/\/goetz-fm.seitenwind-www.com\/cs\/kariera-ve-spolecnosti-gotz\/prace\/#breadcrumb","itemListElement":[{"@type":"ListItem","position":1,"name":"Home","item":"https:\/\/goetz-fm.seitenwind-www.com\/cs\/"},{"@type":"ListItem","position":2,"name":"Kari\u00e9ra ve spole\u010dnosti G\u00d6TZ","item":"https:\/\/goetz-fm.seitenwind-www.com\/cs\/kariera-ve-spolecnosti-gotz\/"},{"@type":"ListItem","position":3,"name":"Pr\u00e1ce"}]},{"@type":"WebSite","@id":"https:\/\/goetz-fm.seitenwind-www.com\/cs\/#website","url":"https:\/\/goetz-fm.seitenwind-www.com\/cs\/","name":"G\u00f6tz-Gruppe","description":"Quality Services","publisher":{"@id":"https:\/\/goetz-fm.seitenwind-www.com\/cs\/#organization"},"potentialAction":[{"@type":"SearchAction","target":{"@type":"EntryPoint","urlTemplate":"https:\/\/goetz-fm.seitenwind-www.com\/cs\/?s={search_term_string}"},"query-input":{"@type":"PropertyValueSpecification","valueRequired":true,"valueName":"search_term_string"}}],"inLanguage":"cs"},{"@type":"Organization","@id":"https:\/\/goetz-fm.seitenwind-www.com\/cs\/#organization","name":"G\u00f6tz-Management-Holding AG","url":"https:\/\/goetz-fm.seitenwind-www.com\/cs\/","logo":{"@type":"ImageObject","inLanguage":"cs","@id":"https:\/\/goetz-fm.seitenwind-www.com\/cs\/#\/schema\/logo\/image\/","url":"https:\/\/goetz-fm.seitenwind-www.com\/wp-content\/uploads\/goetz_logo.svg","contentUrl":"https:\/\/goetz-fm.seitenwind-www.com\/wp-content\/uploads\/goetz_logo.svg","width":1098,"height":436,"caption":"G\u00f6tz-Management-Holding AG"},"image":{"@id":"https:\/\/goetz-fm.seitenwind-www.com\/cs\/#\/schema\/logo\/image\/"}}]}},"_links":{"self":[{"href":"https:\/\/goetz-fm.seitenwind-www.com\/cs\/wp-json\/wp\/v2\/pages\/6217","targetHints":{"allow":["GET"]}}],"collection":[{"href":"https:\/\/goetz-fm.seitenwind-www.com\/cs\/wp-json\/wp\/v2\/pages"}],"about":[{"href":"https:\/\/goetz-fm.seitenwind-www.com\/cs\/wp-json\/wp\/v2\/types\/page"}],"author":[{"embeddable":true,"href":"https:\/\/goetz-fm.seitenwind-www.com\/cs\/wp-json\/wp\/v2\/users\/1"}],"replies":[{"embeddable":true,"href":"https:\/\/goetz-fm.seitenwind-www.com\/cs\/wp-json\/wp\/v2\/comments?post=6217"}],"version-history":[{"count":10,"href":"https:\/\/goetz-fm.seitenwind-www.com\/cs\/wp-json\/wp\/v2\/pages\/6217\/revisions"}],"predecessor-version":[{"id":6770,"href":"https:\/\/goetz-fm.seitenwind-www.com\/cs\/wp-json\/wp\/v2\/pages\/6217\/revisions\/6770"}],"up":[{"embeddable":true,"href":"https:\/\/goetz-fm.seitenwind-www.com\/cs\/wp-json\/wp\/v2\/pages\/6419"}],"wp:attachment":[{"href":"https:\/\/goetz-fm.seitenwind-www.com\/cs\/wp-json\/wp\/v2\/media?parent=6217"}],"curies":[{"name":"wp","href":"https:\/\/api.w.org\/{rel}","templated":true}]}}